{"id":721313,"date":"2026-01-19T18:48:08","date_gmt":"2026-01-19T15:48:08","guid":{"rendered":"https:\/\/nbg.eu\/product\/rh-crocy-gizmo-adapter\/"},"modified":"2026-02-27T16:25:50","modified_gmt":"2026-02-27T13:25:50","slug":"rh-crocy-gizmo-adapter","status":"publish","type":"product","link":"https:\/\/nbg.eu\/no\/produkt\/rh-crocy-gizmo-adapter\/","title":{"rendered":"RH Crocy Gizmo adapter"},"content":{"rendered":"<h2>RH Crocy Gizmo adapter<\/h2>\n<p>Crocy Gizmo er en koblingsdel designet for RH Crocy AIWB-hylstersystemet. Den gj\u00f8r det mulig \u00e5 feste en magasinholder direkte til hylsteret for en komplett AIWB-b\u00e6rekonfigurasjon.<\/p>\n<h3>Viktigste egenskaper:<\/h3>\n<ul>\n<li>Kobler Crocy magasinholderen til Crocy AIWB-hylsteret<\/li>\n<li>Kydex-konstruksjon for holdbarhet<\/li>\n<li>Muliggj\u00f8r modul\u00e6r AIWB-konfigurasjon<\/li>\n<li>Lett og lav profil<\/li>\n<\/ul>\n","protected":false},"excerpt":{"rendered":"<p>RH Crocy Gizmo: Koblingsdel for \u00e5 feste magasinholder til Crocy AIWB-hylster.<\/p>\n","protected":false},"featured_media":721314,"template":"","meta":{"_acf_changed":false},"product_brand":[11647],"product_cat":[13292],"product_tag":[],"class_list":{"0":"post-721313","1":"product","2":"type-product","3":"status-publish","4":"has-post-thumbnail","6":"product_brand-rh-holsters","7":"product_cat-holstertilbehor","9":"first","10":"instock","11":"taxable","12":"shipping-taxable","13":"purchasable","14":"product-type-simple"},"acf":[],"_links":{"self":[{"href":"https:\/\/nbg.eu\/no\/wp-json\/wp\/v2\/product\/721313","targetHints":{"allow":["GET"]}}],"collection":[{"href":"https:\/\/nbg.eu\/no\/wp-json\/wp\/v2\/product"}],"about":[{"href":"https:\/\/nbg.eu\/no\/wp-json\/wp\/v2\/types\/product"}],"wp:featuredmedia":[{"embeddable":true,"href":"https:\/\/nbg.eu\/no\/wp-json\/wp\/v2\/media\/721314"}],"wp:attachment":[{"href":"https:\/\/nbg.eu\/no\/wp-json\/wp\/v2\/media?parent=721313"}],"wp:term":[{"taxonomy":"product_brand","embeddable":true,"href":"https:\/\/nbg.eu\/no\/wp-json\/wp\/v2\/product_brand?post=721313"},{"taxonomy":"product_cat","embeddable":true,"href":"https:\/\/nbg.eu\/no\/wp-json\/wp\/v2\/product_cat?post=721313"},{"taxonomy":"product_tag","embeddable":true,"href":"https:\/\/nbg.eu\/no\/wp-json\/wp\/v2\/product_tag?post=721313"}],"curies":[{"name":"wp","href":"https:\/\/api.w.org\/{rel}","templated":true}]}}