{"id":724145,"date":"2026-03-10T16:14:33","date_gmt":"2026-03-10T13:14:33","guid":{"rendered":"https:\/\/nbg.eu\/product\/area-419-can-koozie-clip-on-nattsiktskjerm\/"},"modified":"2026-03-10T17:17:32","modified_gmt":"2026-03-10T14:17:32","slug":"area-419-can-koozie-clip-on-nattsiktskjerm","status":"publish","type":"product","link":"https:\/\/nbg.eu\/no\/produkt\/area-419-can-koozie-clip-on-nattsiktskjerm\/","title":{"rendered":"Area 419 Can Koozie \/ Clip-on Nattsiktskjerm"},"content":{"rendered":"<h2>Area 419 Can Koozie \/ Clip-on Nattsiktskjerm<\/h2>\n<p>Designet av Area 419, denne neoprenskjermen tjener et taktisk form\u00e5l: klikk den p\u00e5 optikkens objektivende for \u00e5 bygge bro mellom sikte og clip-on nattsiktapparat, blokkerer st\u00f8v og streglys.<\/p>\n<h3>Clip-on Nattsiktskjerm<\/h3>\n<p>Skjermen strekkes over optikkens objektivklokke og gir en tett, lystett bro til ditt clip-on NV-apparat \u2014 eliminerer gapet som slipper inn omgivelseslys og st\u00f8v. Skyttere bruker den ogs\u00e5 som effektivt solskjerm mot objektivgjenskinn uten borrel\u00e5sb\u00e5nd eller klumpete tilbeh\u00f8r.<\/p>\n<h3>Spesifikasjoner<\/h3>\n<table>\n<tbody>\n<tr>\n<td><strong>Materiale<\/strong><\/td>\n<td>Neoprene<\/td>\n<\/tr>\n<tr>\n<td><strong>Vekt<\/strong><\/td>\n<td>0.1 lbs<\/td>\n<\/tr>\n<tr>\n<td><strong>M\u00e5l<\/strong><\/td>\n<td>2 x 2 x 0.5 in<\/td>\n<\/tr>\n<tr>\n<td><strong>Produsert i<\/strong><\/td>\n<td>USA<\/td>\n<\/tr>\n<\/tbody>\n<\/table>\n","protected":false},"excerpt":{"rendered":"<p>Neopren clip-on skjerm designet for \u00e5 bygge bro mellom optikkens objektivklokke og et clip-on nattsiktapparat. Blokkerer st\u00f8v, streglys og eliminerer objektivgjenskinn. Fungerer ogs\u00e5 som effektivt solskjerm for dagsskyting.<\/p>\n","protected":false},"featured_media":724147,"template":"","meta":{"_acf_changed":false},"product_brand":[11046],"product_cat":[13287,13319],"product_tag":[],"class_list":{"0":"post-724145","1":"product","2":"type-product","3":"status-publish","4":"has-post-thumbnail","6":"product_brand-area-419","7":"product_cat-siktetilbehor","8":"product_cat-utstyr","10":"first","11":"instock","12":"taxable","13":"shipping-taxable","14":"purchasable","15":"product-type-simple"},"acf":[],"_links":{"self":[{"href":"https:\/\/nbg.eu\/no\/wp-json\/wp\/v2\/product\/724145","targetHints":{"allow":["GET"]}}],"collection":[{"href":"https:\/\/nbg.eu\/no\/wp-json\/wp\/v2\/product"}],"about":[{"href":"https:\/\/nbg.eu\/no\/wp-json\/wp\/v2\/types\/product"}],"wp:featuredmedia":[{"embeddable":true,"href":"https:\/\/nbg.eu\/no\/wp-json\/wp\/v2\/media\/724147"}],"wp:attachment":[{"href":"https:\/\/nbg.eu\/no\/wp-json\/wp\/v2\/media?parent=724145"}],"wp:term":[{"taxonomy":"product_brand","embeddable":true,"href":"https:\/\/nbg.eu\/no\/wp-json\/wp\/v2\/product_brand?post=724145"},{"taxonomy":"product_cat","embeddable":true,"href":"https:\/\/nbg.eu\/no\/wp-json\/wp\/v2\/product_cat?post=724145"},{"taxonomy":"product_tag","embeddable":true,"href":"https:\/\/nbg.eu\/no\/wp-json\/wp\/v2\/product_tag?post=724145"}],"curies":[{"name":"wp","href":"https:\/\/api.w.org\/{rel}","templated":true}]}}