{"id":732475,"date":"2026-03-13T17:32:11","date_gmt":"2026-03-13T14:32:11","guid":{"rendered":"https:\/\/nbg.eu\/product\/microtech-combat-troodon-lt-s-e-apocalyptic-standard\/"},"modified":"2026-03-30T15:30:44","modified_gmt":"2026-03-30T12:30:44","slug":"microtech-combat-troodon-lt-s-e-apocalyptic-standard","status":"publish","type":"product","link":"https:\/\/nbg.eu\/no\/produkt\/microtech-combat-troodon-lt-s-e-apocalyptic-standard\/","title":{"rendered":"Microtech Combat Troodon LT S\/E apokalyptisk standard"},"content":{"rendered":"<h2>Oversikt<\/h2>\n<p>Microtech Combat Troodon LT er en lettere variant av den legendariske Combat Troodon, bygget for pliktbruk i rettsh\u00e5ndhevelse, milit\u00e6r og f\u00f8rstehjelpsapplikasjoner. Denne modellen har et apokalyptisk-finish en-kant drop point blad i Bohler M390MK st\u00e5l med en standard vanlig kant. Gen III-redesignet introduserer et nytt drivstoffsystem med to drivstoff for uanstrengt utplassering, en forbedret knapplommedesign som minimerer friksjon og forenkler forskyvning av rusk, og aggressive dypinger og kroppsspor for eksepsjonelt grep i taktiske situasjoner.<\/p>\n<h3>Drivsystem med dobbel drivstoff<\/h3>\n<p>Combat Troodons redesignede drivverk muliggj\u00f8r uanstrengt utplassering i kritiske situasjoner og brukervennlig demontering for vedlikehold. Designet med to fj\u00e6rer driver bladet fremover med autoritet samtidig som det forblir jevnt \u00e5 betjene.<\/p>\n<h3>Forbedret knapplommedesign<\/h3>\n<p>Gen III-knapplommen minimerer friksjonen under drift og forenkler effektiv forskyvning av rusk, noe som dramatisk reduserer behovet for hyppig vedlikehold og rengj\u00f8ring under feltforhold.<\/p>\n<h3>Taktisk ergonomi<\/h3>\n<p>Dyp dyping og presisjonsfreste spor p\u00e5 h\u00e5ndtakskroppen gir eksepsjonelle kj\u00f8p under v\u00e5te, oljete eller hanskede forhold. Titanlommeklemmen med keramisk sperre sikrer sikkerhet og rask tilgjengelighet.<\/p>\n<h3>Premiumkomponenter<\/h3>\n<ul>\n<li>Bohler M390MK drop point blad med apokalyptisk finish<\/li>\n<li>6061-T6 aluminiumsh\u00e5ndtak med dyp gravering<\/li>\n<li>Utsettingssystem for to drivstoffdrivverk<\/li>\n<li>Titanlommeklemme med keramisk sperre<\/li>\n<li>Glassknuser i rustfritt st\u00e5l<\/li>\n<li>Vendbar lommeklips<\/li>\n<\/ul>\n<h3>Spesifikasjoner<\/h3>\n<table class=\"shop_attributes\">\n<tbody>\n<tr>\n<td><strong>Type<\/strong><\/td>\n<td>Out-The-Front Automatisk<\/td>\n<\/tr>\n<tr>\n<td><strong>Bladelengde<\/strong><\/td>\n<td>4,00&#8243;<\/td>\n<\/tr>\n<tr>\n<td><strong>Total lengde<\/strong><\/td>\n<td>9,50&#8243;<\/td>\n<\/tr>\n<tr>\n<td><strong>H\u00e5ndtakslengde<\/strong><\/td>\n<td>5,50&#8243;<\/td>\n<\/tr>\n<tr>\n<td><strong>Bladest\u00e5l<\/strong><\/td>\n<td>Bohler M390MK<\/td>\n<\/tr>\n<tr>\n<td><strong>H\u00e5ndtaksmateriale<\/strong><\/td>\n<td>6061-T6 aluminium (svart)<\/td>\n<\/tr>\n<tr>\n<td><strong>Vekt<\/strong><\/td>\n<td>~5,0 oz<\/td>\n<\/tr>\n<tr>\n<td><strong>Bladestil<\/strong><\/td>\n<td>Drop Point (S\/E)<\/td>\n<\/tr>\n<tr>\n<td><strong>Bladefinish<\/strong><\/td>\n<td>Apokalyptisk<\/td>\n<\/tr>\n<tr>\n<td><strong>Kanttype<\/strong><\/td>\n<td>Vanlig<\/td>\n<\/tr>\n<tr>\n<td><strong>Lommeklips<\/strong><\/td>\n<td>Titan med keramisk sperre<\/td>\n<\/tr>\n<tr>\n<td><strong>Glassknuser<\/strong><\/td>\n<td>Rustfritt st\u00e5l<\/td>\n<\/tr>\n<tr>\n<td><strong>Opprinnelsesland<\/strong><\/td>\n<td>USA<\/td>\n<\/tr>\n<\/tbody>\n<\/table>\n","protected":false},"excerpt":{"rendered":"<p>Combat Troodon LT OTF automatisk med Apokalyptisk-finish enkant M390MK drop point-blad. Drivverk med to drivstoff, titanium klips, glassknuser. 4,00&#8243; blad, 9,50&#8243; totalt, ~5,0 oz.<\/p>\n","protected":false},"featured_media":732476,"template":"","meta":{"_acf_changed":false},"product_brand":[15540],"product_cat":[15346,16003],"product_tag":[],"class_list":{"0":"post-732475","1":"product","2":"type-product","3":"status-publish","4":"has-post-thumbnail","6":"product_brand-microtech","7":"product_cat-knives-no","8":"product_cat-otf-knives-no","10":"first","11":"outofstock","12":"taxable","13":"shipping-taxable","14":"purchasable","15":"product-type-simple"},"acf":[],"_links":{"self":[{"href":"https:\/\/nbg.eu\/no\/wp-json\/wp\/v2\/product\/732475","targetHints":{"allow":["GET"]}}],"collection":[{"href":"https:\/\/nbg.eu\/no\/wp-json\/wp\/v2\/product"}],"about":[{"href":"https:\/\/nbg.eu\/no\/wp-json\/wp\/v2\/types\/product"}],"wp:featuredmedia":[{"embeddable":true,"href":"https:\/\/nbg.eu\/no\/wp-json\/wp\/v2\/media\/732476"}],"wp:attachment":[{"href":"https:\/\/nbg.eu\/no\/wp-json\/wp\/v2\/media?parent=732475"}],"wp:term":[{"taxonomy":"product_brand","embeddable":true,"href":"https:\/\/nbg.eu\/no\/wp-json\/wp\/v2\/product_brand?post=732475"},{"taxonomy":"product_cat","embeddable":true,"href":"https:\/\/nbg.eu\/no\/wp-json\/wp\/v2\/product_cat?post=732475"},{"taxonomy":"product_tag","embeddable":true,"href":"https:\/\/nbg.eu\/no\/wp-json\/wp\/v2\/product_tag?post=732475"}],"curies":[{"name":"wp","href":"https:\/\/api.w.org\/{rel}","templated":true}]}}