{"id":732481,"date":"2026-03-13T17:32:22","date_gmt":"2026-03-13T14:32:22","guid":{"rendered":"https:\/\/nbg.eu\/product\/microtech-scarab-ii-gen-iii-t-e-dlc-shadow-signature-series\/"},"modified":"2026-03-30T15:41:45","modified_gmt":"2026-03-30T12:41:45","slug":"microtech-scarab-ii-gen-iii-t-e-dlc-shadow-signature-series","status":"publish","type":"product","link":"https:\/\/nbg.eu\/no\/produkt\/microtech-scarab-ii-gen-iii-t-e-dlc-shadow-signature-series\/","title":{"rendered":"Microtech Scarab II Gen III T\/E DLC Shadow Signature Series"},"content":{"rendered":"<h2>Oversikt<\/h2>\n<p>Microtech Scarab II Gen III er den st\u00f8rste dobbeltvirkende OTF-kniven i Microtechs n\u00e5v\u00e6rende utvalg, med det bredeste bladet som er tilgjengelig og en imponerende 9,70&#8243; total lengde. Denne Black DLC Shadow-varianten har et DLC-belagt tanto-blad i Bohler M390MK-st\u00e5l. Det revolusjonerende drivverket driver med nok drivstoff under vann til \u00e5 pumpe ut selve drivstoffet under vann. mens det konturformede h\u00e5ndtaket med teksturerte innlegg gir et sikkert, komfortabelt grep for langvarig bruk.<\/p>\n<h3>St\u00f8rste dobbeltvirkende OTF<\/h3>\n<p>Scarab II veier omtrent 5,9 oz med et nesten 4-tommers blad, og har autoritet. Dens brede tanto-bladprofil gir eksepsjonell kutteytelse og spissstyrke for krevende oppgaver.<\/p>\n<h3>Drivstoff med to drivstoff<\/h3>\n<p>Den doble fj\u00e6rdesignen genererer nok kraft til \u00e5 utplassere bladet p\u00e5litelig selv nedsenket i vann, noe som gj\u00f8r Scarab II til en av de mest p\u00e5litelige OTF-knivene som noen gang er produsert.<\/p>\n<h3>utforming av portering bak<\/h3>\n<p>Omtenksomt konstruert bakportering gj\u00f8r at kniven kan \u00e5pnes uten problemer selv under vanskelige forhold, med avlastende kutt i bladet og bakenden for en gjennomstr\u00f8mningsdesign.<\/p>\n<h3>Premiumkomponenter<\/h3>\n<ul>\n<li>Bohler M390MK bredt tanto-blad<\/li>\n<li>6061-T6 aluminiumskonturh\u00e5ndtak<\/li>\n<li>Drivverk med to drivstoff med mulighet for utplassering under vann<\/li>\n<li>Teksturerte grepinnsatser for forbedret trekkraft<\/li>\n<li>Bakportering for p\u00e5litelig drift<\/li>\n<li>Gjennomstr\u00f8mningsdesign med avlastende kutt<\/li>\n<li>DLC-belagt maskinvare og lommeklemme<\/li>\n<li>Signatur Series dypgravert Scarab-logo<\/li>\n<\/ul>\n<h3>Spesifikasjoner<\/h3>\n<table class=\"shop_attributes\">\n<tbody>\n<tr>\n<td><strong>Type<\/strong><\/td>\n<td>Out-The-Front Automatisk<\/td>\n<\/tr>\n<tr>\n<td><strong>Bladelengde<\/strong><\/td>\n<td>3,95&#8243;<\/td>\n<\/tr>\n<tr>\n<td><strong>Total lengde<\/strong><\/td>\n<td>9,70&#8243;<\/td>\n<\/tr>\n<tr>\n<td><strong>Bladest\u00e5l<\/strong><\/td>\n<td>Bohler M390MK (DLC-belagt)<\/td>\n<\/tr>\n<tr>\n<td><strong>H\u00e5ndtaksmateriale<\/strong><\/td>\n<td>6061-T6 Aluminium (Black DLC Shadow)<\/td>\n<\/tr>\n<tr>\n<td><strong>Vekt<\/strong><\/td>\n<td>~5,9 oz<\/td>\n<\/tr>\n<tr>\n<td><strong>Bladestil<\/strong><\/td>\n<td>Tanto (T\/E)<\/td>\n<\/tr>\n<tr>\n<td><strong>Bladefinish<\/strong><\/td>\n<td>DLC Shadow<\/td>\n<\/tr>\n<tr>\n<td><strong>Maskinvare<\/strong><\/td>\n<td>DLC-belagt<\/td>\n<\/tr>\n<tr>\n<td><strong>Kanttype<\/strong><\/td>\n<td>Vanlig<\/td>\n<\/tr>\n<tr>\n<td><strong>Serie<\/strong><\/td>\n<td>Signaturserie<\/td>\n<\/tr>\n<tr>\n<td><strong>Opprinnelsesland<\/strong><\/td>\n<td>USA<\/td>\n<\/tr>\n<\/tbody>\n<\/table>\n","protected":false},"excerpt":{"rendered":"<p>Scarab II Gen III Signature Series med full DLC Shadow-finish \u2013 DLC-belagt M390MK tantoblad, DLC-maskinvare og svart aluminiumsh\u00e5ndtak. Microtechs st\u00f8rste OTF. 3,95&#8243; blad, 9,70&#8243; totalt.<\/p>\n","protected":false},"featured_media":732482,"template":"","meta":{"_acf_changed":false},"product_brand":[15540],"product_cat":[15346,16003],"product_tag":[],"class_list":{"0":"post-732481","1":"product","2":"type-product","3":"status-publish","4":"has-post-thumbnail","6":"product_brand-microtech","7":"product_cat-knives-no","8":"product_cat-otf-knives-no","10":"first","11":"outofstock","12":"taxable","13":"shipping-taxable","14":"purchasable","15":"product-type-simple"},"acf":[],"_links":{"self":[{"href":"https:\/\/nbg.eu\/no\/wp-json\/wp\/v2\/product\/732481","targetHints":{"allow":["GET"]}}],"collection":[{"href":"https:\/\/nbg.eu\/no\/wp-json\/wp\/v2\/product"}],"about":[{"href":"https:\/\/nbg.eu\/no\/wp-json\/wp\/v2\/types\/product"}],"wp:featuredmedia":[{"embeddable":true,"href":"https:\/\/nbg.eu\/no\/wp-json\/wp\/v2\/media\/732482"}],"wp:attachment":[{"href":"https:\/\/nbg.eu\/no\/wp-json\/wp\/v2\/media?parent=732481"}],"wp:term":[{"taxonomy":"product_brand","embeddable":true,"href":"https:\/\/nbg.eu\/no\/wp-json\/wp\/v2\/product_brand?post=732481"},{"taxonomy":"product_cat","embeddable":true,"href":"https:\/\/nbg.eu\/no\/wp-json\/wp\/v2\/product_cat?post=732481"},{"taxonomy":"product_tag","embeddable":true,"href":"https:\/\/nbg.eu\/no\/wp-json\/wp\/v2\/product_tag?post=732481"}],"curies":[{"name":"wp","href":"https:\/\/api.w.org\/{rel}","templated":true}]}}