{"id":732509,"date":"2026-03-13T17:33:16","date_gmt":"2026-03-13T14:33:16","guid":{"rendered":"https:\/\/nbg.eu\/product\/microtech-dirac-delta-d-e-dlc-shadow-signature-series\/"},"modified":"2026-03-30T15:46:30","modified_gmt":"2026-03-30T12:46:30","slug":"microtech-dirac-delta-d-e-dlc-shadow-signature-series","status":"publish","type":"product","link":"https:\/\/nbg.eu\/no\/produkt\/microtech-dirac-delta-d-e-dlc-shadow-signature-series\/","title":{"rendered":"Microtech Dirac Delta D\/E DLC Shadow Signature Series"},"content":{"rendered":"<h2>Oversikt<\/h2>\n<p>Microtech Dirac Delta D\/E DLC Shadow er en Signature Series-variant av Microtechs innovative OTF-automat. M\u00f8nstret etter pioneren Dirac, har Delta det samme ergonomiske chassiset og den innovative interne mekanismen i en mer robust st\u00f8rrelse, med denne Shadow-utgaven med et komplett DLC (Diamond-Like Carbon)-belegg p\u00e5 M390MK dolkblad, aluminiumsh\u00e5ndtak, maskinvare og lommeklemme. Den definerende toppmonterte avfyringsknappen muliggj\u00f8r intuitiv, ambidextrous bladutplassering og tilbaketrekking med en naturlig tommelbevegelse.<\/p>\n<h3>Toppmontert avfyringsknapp<\/h3>\n<p>I motsetning til sideskytende OTF-kniver, gir Dirac Deltas dekselmonterte knapp et naturlig, intuitivt tommeltrykk for bladutplassering og tilbaketrekking. Designet muliggj\u00f8r ekte ambidextrous operasjon uten \u00e5 flytte h\u00e5nden.<\/p>\n<h3>Ergonomisk HALO-inspirert chassis<\/h3>\n<p>Dirac Deltas chassis har buede linjer inspirert av den legendariske Microtech HALO, og skaper en s\u00e6regen f\u00f8lelse i h\u00e5nden som skiller den fra tradisjonelle rettsidige OTF-design.<\/p>\n<h3>DLC Shadow Finish<\/h3>\n<p>Det komplette diamantlignende karbonbelegget over alle overflater gir ekstrem hardhet, slitestyrke og en elegant m\u00f8rklagt estetikk. DLC-finishen legger ogs\u00e5 til et lag med korrosjonsbeskyttelse utover det allerede motstandsdyktige M390MK-st\u00e5let.<\/p>\n<h3>Premiumkomponenter<\/h3>\n<ul>\n<li>Bohler M390MK dolkblad med DLC-belegg<\/li>\n<li>6061-T6 aluminiumsh\u00e5ndtak med DLC Shadow-finish<\/li>\n<li>DLC-belagt maskinvare og lommeklemme<\/li>\n<li>Toppmontert avfyringsknapp for ambidextrous drift<\/li>\n<li>Integrert glassknuser<\/li>\n<li>Signatur Series-betegnelse<\/li>\n<\/ul>\n<h3>Spesifikasjoner<\/h3>\n<table class=\"shop_attributes\">\n<tbody>\n<tr>\n<td><strong>Type<\/strong><\/td>\n<td>Out-The-Front Automatisk<\/td>\n<\/tr>\n<tr>\n<td><strong>Bladelengde<\/strong><\/td>\n<td>3,79&#8243;<\/td>\n<\/tr>\n<tr>\n<td><strong>Total lengde<\/strong><\/td>\n<td>9,40&#8243;<\/td>\n<\/tr>\n<tr>\n<td><strong>H\u00e5ndtakslengde<\/strong><\/td>\n<td>5,50&#8243;<\/td>\n<\/tr>\n<tr>\n<td><strong>Bladest\u00e5l<\/strong><\/td>\n<td>Bohler M390MK (DLC-belagt)<\/td>\n<\/tr>\n<tr>\n<td><strong>H\u00e5ndtaksmateriale<\/strong><\/td>\n<td>6061-T6 Aluminium (DLC Shadow)<\/td>\n<\/tr>\n<tr>\n<td><strong>Vekt<\/strong><\/td>\n<td>4,60 oz<\/td>\n<\/tr>\n<tr>\n<td><strong>Bladestil<\/strong><\/td>\n<td>Dolk \/ dobbel kant (D\/E)<\/td>\n<\/tr>\n<tr>\n<td><strong>Bladefinish<\/strong><\/td>\n<td>DLC Shadow<\/td>\n<\/tr>\n<tr>\n<td><strong>Maskinvare<\/strong><\/td>\n<td>DLC-belagt<\/td>\n<\/tr>\n<tr>\n<td><strong>Kanttype<\/strong><\/td>\n<td>Vanlig<\/td>\n<\/tr>\n<tr>\n<td><strong>Serie<\/strong><\/td>\n<td>Signaturserie<\/td>\n<\/tr>\n<tr>\n<td><strong>Opprinnelsesland<\/strong><\/td>\n<td>USA<\/td>\n<\/tr>\n<\/tbody>\n<\/table>\n","protected":false},"excerpt":{"rendered":"<p>Dirac Delta Signature Series OTF automatisk med full DLC Shadow-finish \u2013 DLC-belagt M390MK dolkblad og DLC-aluminiumsh\u00e5ndtak. Toppmontert avfyringsknapp. 3,79&#8243; blad, 9,40&#8243; totalt, 4,6 oz.<\/p>\n","protected":false},"featured_media":732510,"template":"","meta":{"_acf_changed":false},"product_brand":[15540],"product_cat":[15346,16003],"product_tag":[],"class_list":{"0":"post-732509","1":"product","2":"type-product","3":"status-publish","4":"has-post-thumbnail","6":"product_brand-microtech","7":"product_cat-knives-no","8":"product_cat-otf-knives-no","10":"first","11":"outofstock","12":"taxable","13":"shipping-taxable","14":"purchasable","15":"product-type-simple"},"acf":[],"_links":{"self":[{"href":"https:\/\/nbg.eu\/no\/wp-json\/wp\/v2\/product\/732509","targetHints":{"allow":["GET"]}}],"collection":[{"href":"https:\/\/nbg.eu\/no\/wp-json\/wp\/v2\/product"}],"about":[{"href":"https:\/\/nbg.eu\/no\/wp-json\/wp\/v2\/types\/product"}],"wp:featuredmedia":[{"embeddable":true,"href":"https:\/\/nbg.eu\/no\/wp-json\/wp\/v2\/media\/732510"}],"wp:attachment":[{"href":"https:\/\/nbg.eu\/no\/wp-json\/wp\/v2\/media?parent=732509"}],"wp:term":[{"taxonomy":"product_brand","embeddable":true,"href":"https:\/\/nbg.eu\/no\/wp-json\/wp\/v2\/product_brand?post=732509"},{"taxonomy":"product_cat","embeddable":true,"href":"https:\/\/nbg.eu\/no\/wp-json\/wp\/v2\/product_cat?post=732509"},{"taxonomy":"product_tag","embeddable":true,"href":"https:\/\/nbg.eu\/no\/wp-json\/wp\/v2\/product_tag?post=732509"}],"curies":[{"name":"wp","href":"https:\/\/api.w.org\/{rel}","templated":true}]}}