{"id":732513,"date":"2026-03-13T17:33:20","date_gmt":"2026-03-13T14:33:20","guid":{"rendered":"https:\/\/nbg.eu\/product\/microtech-6-utility-knife-stonewash-titanium-bolster-black-g-10\/"},"modified":"2026-03-16T12:54:06","modified_gmt":"2026-03-16T09:54:06","slug":"microtech-6-utility-knife-stonewash-titanium-bolster-black-g-10","status":"publish","type":"product","link":"https:\/\/nbg.eu\/no\/produkt\/microtech-6-utility-knife-stonewash-titanium-bolster-black-g-10\/","title":{"rendered":"Microtech 6&#8243; Utility Knife Stonewash Titanium Bolster Black G-10"},"content":{"rendered":"<h2>Oversikt<\/h2>\n<p>Microtech 6&#8243; Utility Knife bringer den samme kompromissl\u00f8se kvaliteten og presisjonsteknikken som finnes i Microtechs taktiske kniver til den kulinariske verdenen. Denne brukskniven bygger bro mellom en skj\u00e6rekniv og en kokkekniv med sin slanke, men robuste 6-tommers M390MK blader og bakervarer som er perfekt for sm\u00e5 og store gr\u00f8nnsaker. kniver. Stoneash-finishen gir en matsikker overflate med lav gjenskinn med utmerket korrosjonsbestandighet, mens titanst\u00f8ttene og det sorte G-10-h\u00e5ndtaket gir et grep av profesjonell kvalitet som forblir sikkert selv n\u00e5r det er v\u00e5tt.<\/p>\n<h3>M390MK kulinarisk kniv<\/h3>\n<p>Det samme Bohler M390MK-st\u00e5let som brukes i Microtechs taktiske kniver gir knivskarpe eggbevaring, eksepsjonell korrosjonsbestandighet og enkel sliping for mange \u00e5rs profesjonell kj\u00f8kkenbruk.<\/p>\n<h3>Titan Bolster Construction<\/h3>\n<p>Perlebl\u00e5ste 6AL-4V titanst\u00f8tter gir en komfortabel, balansert f\u00f8lelse med en naturlig overgang mellom h\u00e5ndtak og blad. Titanet tilf\u00f8rer praktisk talt ingen vekt samtidig som det gir eksepsjonell holdbarhet.<\/p>\n<h3>G-10 h\u00e5ndtaksvekter<\/h3>\n<p>Sorte G-10 kompositth\u00e5ndtaksvekter er ugjennomtrengelige for fuktighet, varme og kjemikalier som finnes i profesjonelle kj\u00f8kken, og sikrer en hygienisk og slitesterk grepsoverflate.<\/p>\n<h3>Premiumkomponenter<\/h3>\n<ul>\n<li>Bohler M390MK blad med flat sliping og steinvask-finish<\/li>\n<li>Perlebl\u00e5ste 6AL-4V titanst\u00f8tter<\/li>\n<li>Sort G-10 h\u00e5ndtaksvekt<\/li>\n<li>Matsikker korrosjonsbestandig konstruksjon<\/li>\n<li>Livstidsgaranti<\/li>\n<\/ul>\n<h3>Spesifikasjoner<\/h3>\n<table class=\"shop_attributes\">\n<tbody>\n<tr>\n<td><strong>Type<\/strong><\/td>\n<td>Fast blad (kulinarisk)<\/td>\n<\/tr>\n<tr>\n<td><strong>Bladelengde<\/strong><\/td>\n<td>6,00&#8243;<\/td>\n<\/tr>\n<tr>\n<td><strong>Total lengde<\/strong><\/td>\n<td>10,54&#8243;<\/td>\n<\/tr>\n<tr>\n<td><strong>Bladest\u00e5l<\/strong><\/td>\n<td>Bohler M390MK<\/td>\n<\/tr>\n<tr>\n<td><strong>Bladefinish<\/strong><\/td>\n<td>Steinvask<\/td>\n<\/tr>\n<tr>\n<td><strong>Blade slipe<\/strong><\/td>\n<td>Flat<\/td>\n<\/tr>\n<tr>\n<td><strong>H\u00e5ndtaksmateriale<\/strong><\/td>\n<td>Sort G-10 med Titanium Bolsters<\/td>\n<\/tr>\n<tr>\n<td><strong>Bolstermateriale<\/strong><\/td>\n<td>Perlebl\u00e5st 6AL-4V titan<\/td>\n<\/tr>\n<tr>\n<td><strong>Vekt<\/strong><\/td>\n<td>4,54 oz<\/td>\n<\/tr>\n<tr>\n<td><strong>Opprinnelsesland<\/strong><\/td>\n<td>USA<\/td>\n<\/tr>\n<\/tbody>\n<\/table>\n","protected":false},"excerpt":{"rendered":"<p>Microtech 6-tommers kulinarisk verkt\u00f8ykniv med M390MK-blad i steinvask, titanst\u00f8tter og svart G-10-h\u00e5ndtak. Bygger over gapet mellom avskj\u00e6ring og kokkekniv. 6,00&#8243; blad, 10,54&#8243; totalt, 4,54 oz.<\/p>\n","protected":false},"featured_media":732514,"template":"","meta":{"_acf_changed":false},"product_brand":[15540],"product_cat":[15866,15346],"product_tag":[],"class_list":{"0":"post-732513","1":"product","2":"type-product","3":"status-publish","4":"has-post-thumbnail","6":"product_brand-microtech","7":"product_cat-fixed-blade-knives-no","8":"product_cat-knives-no","10":"first","11":"outofstock","12":"taxable","13":"shipping-taxable","14":"purchasable","15":"product-type-simple"},"acf":[],"_links":{"self":[{"href":"https:\/\/nbg.eu\/no\/wp-json\/wp\/v2\/product\/732513","targetHints":{"allow":["GET"]}}],"collection":[{"href":"https:\/\/nbg.eu\/no\/wp-json\/wp\/v2\/product"}],"about":[{"href":"https:\/\/nbg.eu\/no\/wp-json\/wp\/v2\/types\/product"}],"wp:featuredmedia":[{"embeddable":true,"href":"https:\/\/nbg.eu\/no\/wp-json\/wp\/v2\/media\/732514"}],"wp:attachment":[{"href":"https:\/\/nbg.eu\/no\/wp-json\/wp\/v2\/media?parent=732513"}],"wp:term":[{"taxonomy":"product_brand","embeddable":true,"href":"https:\/\/nbg.eu\/no\/wp-json\/wp\/v2\/product_brand?post=732513"},{"taxonomy":"product_cat","embeddable":true,"href":"https:\/\/nbg.eu\/no\/wp-json\/wp\/v2\/product_cat?post=732513"},{"taxonomy":"product_tag","embeddable":true,"href":"https:\/\/nbg.eu\/no\/wp-json\/wp\/v2\/product_tag?post=732513"}],"curies":[{"name":"wp","href":"https:\/\/api.w.org\/{rel}","templated":true}]}}