{"id":733785,"date":"2026-03-24T13:39:57","date_gmt":"2026-03-24T10:39:57","guid":{"rendered":"https:\/\/nbg.eu\/product\/bergara-b14-hmr-24-308-win\/"},"modified":"2026-04-02T14:31:08","modified_gmt":"2026-04-02T11:31:08","slug":"bergara-b14-hmr-24-308-win","status":"publish","type":"product","link":"https:\/\/nbg.eu\/no\/produkt\/bergara-b14-hmr-24-308-win\/","title":{"rendered":"Bergara B14 HMR 24&#8243; .308 Win"},"content":{"rendered":"<h2>Bergara B14 HMR 24&#8243; .308 Win<\/h2>\n<p>Bergara B14 HMR i kaliber .308 Win er et presisjons bolt-action gev\u00e6r med 24&#8243; pipe og integrert aluminium mini-chassis. Ideelt for lange serier og presisjonsskyting p\u00e5 lange avstander.<\/p>\n<h3>Integrert aluminium mini-chassis<\/h3>\n<p>Den syntetiske kolben har et innebygd aluminium mini-chassis som gir en stiv og konsistent plattform for optimal presisjon. Den solide konstruksjonen reduserer vibrasjoner ved avfyring.<\/p>\n<h3>Presisjonsr\u00f8r av h\u00f8ykvalitetsst\u00e5l<\/h3>\n<p>24&#8243;-r\u00f8ret av 4140 CrMo-st\u00e5l med diameter 21,2 mm og M18x1-gjenge p\u00e5 munningen sikrer fremragende ballistiske ytelser for presisjonsskyting p\u00e5 lange avstander.<\/p>\n<h3>Bergara Performance avtrekk<\/h3>\n<p>Fabrikkinnstilt til ca. 1,4 kg, avtrekkeren er kompatibel med Remington 700 og justerbar med unbrakon\u00f8kkel. Gir en ren og forutsigelig utl\u00f8sning for presisjonsskyting.<\/p>\n<table>\n<tbody>\n<tr>\n<td>Kaliber<\/td>\n<td>.308 Winchester<\/td>\n<\/tr>\n<tr>\n<td>Mekanisme<\/td>\n<td>Bolt Action (B14)<\/td>\n<\/tr>\n<tr>\n<td>L\u00f8pmateriale<\/td>\n<td>4140 CrMo Steel<\/td>\n<\/tr>\n<tr>\n<td>L\u00f8plengde<\/td>\n<td>24&#8243; (61 cm)<\/td>\n<\/tr>\n<tr>\n<td>L\u00f8pdiameter<\/td>\n<td>21.2 mm<\/td>\n<\/tr>\n<tr>\n<td>Riflestigning<\/td>\n<td>1:10&#8243;<\/td>\n<\/tr>\n<tr>\n<td>Munningsgjenge<\/td>\n<td>M18x1<\/td>\n<\/tr>\n<tr>\n<td>Total lengde<\/td>\n<td>115 cm (45.3&#8243;)<\/td>\n<\/tr>\n<tr>\n<td>Vekt<\/td>\n<td>4.52 kg<\/td>\n<\/tr>\n<tr>\n<td>Magasin<\/td>\n<td>5-round AICS detachable<\/td>\n<\/tr>\n<tr>\n<td>Kolbe<\/td>\n<td>Synthetic with integrated mini-chassis<\/td>\n<\/tr>\n<tr>\n<td>Produsent<\/td>\n<td>Bergara, Spain<\/td>\n<\/tr>\n<\/tbody>\n<\/table>\n","protected":false},"excerpt":{"rendered":"<p>Bergara B14 HMR i .308 Win kombinerer konkurransepresisjon med jaktrobusthet. 24&#8243; 4140 CrMo-l\u00f8p, integrert aluminium mini-chassis og justerbar Bergara Performance-avtrekker sikrer sub-MOA presisjon.<\/p>\n","protected":false},"featured_media":733786,"template":"","meta":{"_acf_changed":false},"product_brand":[16027],"product_cat":[16053,13311],"product_tag":[],"class_list":{"0":"post-733785","1":"product","2":"type-product","3":"status-publish","4":"has-post-thumbnail","6":"product_brand-bergara","7":"product_cat-bolt-action-rifles-no","8":"product_cat-rifle","10":"first","11":"outofstock","12":"taxable","13":"shipping-taxable","14":"product-type-simple"},"acf":[],"_links":{"self":[{"href":"https:\/\/nbg.eu\/no\/wp-json\/wp\/v2\/product\/733785","targetHints":{"allow":["GET"]}}],"collection":[{"href":"https:\/\/nbg.eu\/no\/wp-json\/wp\/v2\/product"}],"about":[{"href":"https:\/\/nbg.eu\/no\/wp-json\/wp\/v2\/types\/product"}],"wp:featuredmedia":[{"embeddable":true,"href":"https:\/\/nbg.eu\/no\/wp-json\/wp\/v2\/media\/733786"}],"wp:attachment":[{"href":"https:\/\/nbg.eu\/no\/wp-json\/wp\/v2\/media?parent=733785"}],"wp:term":[{"taxonomy":"product_brand","embeddable":true,"href":"https:\/\/nbg.eu\/no\/wp-json\/wp\/v2\/product_brand?post=733785"},{"taxonomy":"product_cat","embeddable":true,"href":"https:\/\/nbg.eu\/no\/wp-json\/wp\/v2\/product_cat?post=733785"},{"taxonomy":"product_tag","embeddable":true,"href":"https:\/\/nbg.eu\/no\/wp-json\/wp\/v2\/product_tag?post=733785"}],"curies":[{"name":"wp","href":"https:\/\/api.w.org\/{rel}","templated":true}]}}