{"id":73946,"date":"2024-08-16T18:08:29","date_gmt":"2024-08-16T18:08:29","guid":{"rendered":"https:\/\/nbg.eu\/product\/calypso-mini-mini-applied-ballistics-compatible\/"},"modified":"2026-01-21T12:25:19","modified_gmt":"2026-01-21T09:25:19","slug":"calypso-mini-mini-applied-ballistics-kompatibel","status":"publish","type":"product","link":"https:\/\/nbg.eu\/no\/produkt\/calypso-mini-mini-applied-ballistics-kompatibel\/","title":{"rendered":"Calypso Mini &#8211; Mini Applied Ballistics Kompatibel"},"content":{"rendered":"<h2>Calypso Mini &#8211; Mini Applied Ballistics Kompatibel<\/h2>\n<p>Calypso Mini er en kompakt ultrasonisk anemometer og vindfl\u00f8r. Denne enheten, som m\u00e5ler 43mm i diameter, har avanserte funksjoner og robust design.<\/p>\n<h3>Hovedfunksjoner:<\/h3>\n<ul>\n<li>Ultrasoniske sensorer for n\u00f8yaktige vindhastighets- og retningm\u00e5linger<\/li>\n<li>Bluetooth 5.1 tilkobling med opptil 30m rekkevidde<\/li>\n<li>Tr\u00e5dl\u00f8s QI-lading med 150 timers batterilevetid<\/li>\n<li>IPX8 vanntetthetsgrad<\/li>\n<li>Kompatibel med Android, iOS og Garmin-enheter<\/li>\n<li>1\/4&#8243; hunngjenge for enkel stativmontering<\/li>\n<li>Lett vekt p\u00e5 78 gram<\/li>\n<\/ul>\n<p>Calypso Mini gir n\u00f8yaktige vindm\u00e5linger med en hastighetskategori p\u00e5 0,5-25 m\/s og retningsn\u00f8yaktighet p\u00e5 \u00b11\u00b0. Dens holdbare design uten bevegelige deler sikrer p\u00e5litelighet under forskjellige forhold. Par den med den gratis Anemotracker-appen for s\u00f8ml\u00f8s datalogging og sanntids vindinformasjon.<\/p>\n<p>Calypso Mini er en kompakt l\u00f8sning for vindm\u00e5ling for marinenthusiaster, friluftslivsentusiaster og profesjonelle meteorologer.<\/p>\n","protected":false},"excerpt":{"rendered":"<p>Kompakt ultrasonisk anemometer med Bluetooth for n\u00f8yaktige vinddata.<\/p>\n","protected":false},"featured_media":23277,"template":"","meta":{"_acf_changed":false},"product_brand":[11188],"product_cat":[13321,13291],"product_tag":[],"class_list":{"0":"post-73946","1":"product","2":"type-product","3":"status-publish","4":"has-post-thumbnail","6":"product_brand-calypso","7":"product_cat-vaermalere","8":"product_cat-verktoy","10":"first","11":"outofstock","12":"taxable","13":"shipping-taxable","14":"purchasable","15":"product-type-simple"},"acf":[],"_links":{"self":[{"href":"https:\/\/nbg.eu\/no\/wp-json\/wp\/v2\/product\/73946","targetHints":{"allow":["GET"]}}],"collection":[{"href":"https:\/\/nbg.eu\/no\/wp-json\/wp\/v2\/product"}],"about":[{"href":"https:\/\/nbg.eu\/no\/wp-json\/wp\/v2\/types\/product"}],"wp:featuredmedia":[{"embeddable":true,"href":"https:\/\/nbg.eu\/no\/wp-json\/wp\/v2\/media\/23277"}],"wp:attachment":[{"href":"https:\/\/nbg.eu\/no\/wp-json\/wp\/v2\/media?parent=73946"}],"wp:term":[{"taxonomy":"product_brand","embeddable":true,"href":"https:\/\/nbg.eu\/no\/wp-json\/wp\/v2\/product_brand?post=73946"},{"taxonomy":"product_cat","embeddable":true,"href":"https:\/\/nbg.eu\/no\/wp-json\/wp\/v2\/product_cat?post=73946"},{"taxonomy":"product_tag","embeddable":true,"href":"https:\/\/nbg.eu\/no\/wp-json\/wp\/v2\/product_tag?post=73946"}],"curies":[{"name":"wp","href":"https:\/\/api.w.org\/{rel}","templated":true}]}}