{"id":74150,"date":"2024-10-18T22:52:52","date_gmt":"2024-10-18T19:52:52","guid":{"rendered":"https:\/\/nbg.eu\/product\/mag-release-button-kmr-black\/"},"modified":"2026-04-16T18:14:24","modified_gmt":"2026-04-16T15:14:24","slug":"mag-utloserknapp-kmr-svart","status":"publish","type":"product","link":"https:\/\/nbg.eu\/no\/produkt\/mag-utloserknapp-kmr-svart\/","title":{"rendered":"KMR Magasinutl\u00f8serknapp Standard Svart"},"content":{"rendered":"<h2>V\u00e5penl\u00f8sner-knapp KMR &#8211; Svart<\/h2>\n<p>V\u00e5penl\u00f8sner-knappen KMR er et viktig tilbeh\u00f8r for dine v\u00e5pensystemer, designet for \u00e5 gi en sikker og p\u00e5litelig l\u00f8sning for v\u00e5penmagasinet.<\/p>\n<p>Med en elegant svart finish, er V\u00e5penl\u00f8sner-knappen KMR ikke bare funksjonell, men tilf\u00f8rer ogs\u00e5 et taktisk elegant preg til ditt v\u00e5pen. Konstruert av holdbare materialer, sikrer denne knappen en smidig og p\u00e5litelig v\u00e5penmagasinl\u00f8sning hver gang, noe som muliggj\u00f8r raske omlastinger og s\u00f8ml\u00f8s overgangen mellom skudd.<\/p>\n<p>Enten du er en erfaren skytter eller akkurat er i gang, er V\u00e5penl\u00f8sner-knappen KMR et n\u00f8dvendig tilbeh\u00f8r som kan forbedre ytelsen og p\u00e5liteligheten til dine v\u00e5pensystemer. Med sin allsidige kompatibilitet og robuste design er denne knappen et must-have for enhver seri\u00f8s v\u00e5penentusiast.<\/p>\n<p>For V\u00e5pen KMR:<\/p>\n<p>KMR L-02 EMIQ<\/p>\n<p>KMR L-02 EMIQ (OR)<\/p>\n<p>KMR L-02 ORCA INNTIL 2023<\/p>\n<p>KMR L-02 SPECTRA FRA 2024<\/p>\n<p>KMR L-02 SPECTRA INNTIL 2023<\/p>\n<p>KMR L-02 UMBRA FRA 2024<\/p>\n<p>KMR L-02 UMBRA INNTIL 2023<\/p>\n<p>KMR S-01 LANCE (OR)<\/p>\n<p>KMR S-02 INNTIL 2023<\/p>\n<p>KMR W-02 CUDA FRA 2024<\/p>\n<p>KMR W-02 CUDA INNTIL 2023<\/p>\n<p>KMR W-02 UMBRA<\/p>\n<p>KMR W-02 UMBRA (OR)<\/p>\n<p>Referanse 0180-00801-0101<\/p>\n","protected":false},"excerpt":{"rendered":"<p>Utl\u00f8serknapp for magasin til KMR-v\u00e5pen, tilgjengelig i svart.<\/p>\n","protected":false},"featured_media":72246,"template":"","meta":{"_acf_changed":false},"product_brand":[11504],"product_cat":[13261],"product_tag":[],"class_list":{"0":"post-74150","1":"product","2":"type-product","3":"status-publish","4":"has-post-thumbnail","6":"product_brand-kmr-precision","7":"product_cat-kmr-deler","9":"first","10":"instock","11":"taxable","12":"shipping-taxable","13":"purchasable","14":"product-type-simple"},"acf":[],"_links":{"self":[{"href":"https:\/\/nbg.eu\/no\/wp-json\/wp\/v2\/product\/74150","targetHints":{"allow":["GET"]}}],"collection":[{"href":"https:\/\/nbg.eu\/no\/wp-json\/wp\/v2\/product"}],"about":[{"href":"https:\/\/nbg.eu\/no\/wp-json\/wp\/v2\/types\/product"}],"wp:featuredmedia":[{"embeddable":true,"href":"https:\/\/nbg.eu\/no\/wp-json\/wp\/v2\/media\/72246"}],"wp:attachment":[{"href":"https:\/\/nbg.eu\/no\/wp-json\/wp\/v2\/media?parent=74150"}],"wp:term":[{"taxonomy":"product_brand","embeddable":true,"href":"https:\/\/nbg.eu\/no\/wp-json\/wp\/v2\/product_brand?post=74150"},{"taxonomy":"product_cat","embeddable":true,"href":"https:\/\/nbg.eu\/no\/wp-json\/wp\/v2\/product_cat?post=74150"},{"taxonomy":"product_tag","embeddable":true,"href":"https:\/\/nbg.eu\/no\/wp-json\/wp\/v2\/product_tag?post=74150"}],"curies":[{"name":"wp","href":"https:\/\/api.w.org\/{rel}","templated":true}]}}