{"id":748721,"date":"2026-04-16T10:56:47","date_gmt":"2026-04-16T07:56:47","guid":{"rendered":"https:\/\/nbg.eu\/product\/kmr-rekylfjaerforing-rustfritt-stal\/"},"modified":"2026-04-16T18:11:42","modified_gmt":"2026-04-16T15:11:42","slug":"kmr-rekylfjaerforing-rustfritt-stal","status":"publish","type":"product","link":"https:\/\/nbg.eu\/no\/produkt\/kmr-rekylfjaerforing-rustfritt-stal\/","title":{"rendered":"KMR Rekylfj\u00e6rf\u00f8ring Rustfritt St\u00e5l"},"content":{"rendered":"<h2>Rekylfj\u00e6rf\u00f8ring KMR 5&#8243; Rustfritt St\u00e5l<\/h2>\n<p>Crafted from high-quality stainless steel, the Rekylfj\u00e6rf\u00f8ring KMR 5&#8243; Rustfritt St\u00e5l provides enhanced durability and corrosion resistance. Its 5-inch length offers a perfect fit, providing the necessary stability and control during recoil.<\/p>\n<p>With its sleek and modern design, the Rekylfj\u00e6rf\u00f8ring KMR 5&#8243; Rustfritt St\u00e5l not only improves the functionality of your weapon but also enhances its overall stability.<\/p>\n<p>For Weapons KMR<\/p>\n<p>KMR L-02 ORCA FROM 2024<\/p>\n<p>KMR L-02 ORCA UNTIL 2023<\/p>\n<p>KMR L-02 SPECTRA FROM 2024<\/p>\n<p>KMR L-02 SPECTRA UNTIL 2023<\/p>\n","protected":false},"excerpt":{"rendered":"<p>Rekylfj\u00e6rf\u00f8ring KMR 5&#8243; Rustfritt St\u00e5l &#8211; KMR L-02 ORCA &amp; SPECTRA.<\/p>\n","protected":false},"featured_media":25666,"template":"","meta":{"_acf_changed":false},"product_brand":[11504],"product_cat":[13279,13261],"product_tag":[],"class_list":{"0":"post-748721","1":"product","2":"type-product","3":"status-publish","4":"has-post-thumbnail","6":"product_brand-kmr-precision","7":"product_cat-fjaerer","8":"product_cat-kmr-deler","10":"first","11":"instock","12":"taxable","13":"shipping-taxable","14":"product-type-variable","15":"wvs-archive-product-wrapper"},"acf":[],"_links":{"self":[{"href":"https:\/\/nbg.eu\/no\/wp-json\/wp\/v2\/product\/748721","targetHints":{"allow":["GET"]}}],"collection":[{"href":"https:\/\/nbg.eu\/no\/wp-json\/wp\/v2\/product"}],"about":[{"href":"https:\/\/nbg.eu\/no\/wp-json\/wp\/v2\/types\/product"}],"wp:featuredmedia":[{"embeddable":true,"href":"https:\/\/nbg.eu\/no\/wp-json\/wp\/v2\/media\/25666"}],"wp:attachment":[{"href":"https:\/\/nbg.eu\/no\/wp-json\/wp\/v2\/media?parent=748721"}],"wp:term":[{"taxonomy":"product_brand","embeddable":true,"href":"https:\/\/nbg.eu\/no\/wp-json\/wp\/v2\/product_brand?post=748721"},{"taxonomy":"product_cat","embeddable":true,"href":"https:\/\/nbg.eu\/no\/wp-json\/wp\/v2\/product_cat?post=748721"},{"taxonomy":"product_tag","embeddable":true,"href":"https:\/\/nbg.eu\/no\/wp-json\/wp\/v2\/product_tag?post=748721"}],"curies":[{"name":"wp","href":"https:\/\/api.w.org\/{rel}","templated":true}]}}