{"id":749537,"date":"2026-04-24T11:17:29","date_gmt":"2026-04-24T08:17:29","guid":{"rendered":"https:\/\/nbg.eu\/product\/eberlestock-freefall-2000-ryggsekk\/"},"modified":"2026-04-24T11:59:51","modified_gmt":"2026-04-24T08:59:51","slug":"eberlestock-freefall-2000-ryggsekk","status":"publish","type":"product","link":"https:\/\/nbg.eu\/no\/produkt\/eberlestock-freefall-2000-ryggsekk\/","title":{"rendered":"Eberlestock FreeFall 2000 Ryggsekk"},"content":{"rendered":"<h2>Eberlestock FreeFall 2000 Ryggsekk<\/h2>\n<p>Eberlestock FreeFall 2000 er en allsidig plattform med lav motstand, som kan h\u00e5ndtere flerdagsturer med minimalt utstyr eller dagturer med full oppakning. Med et romslig topplokk, syv innerlommer, hylse til vannbl\u00e6re, kompresjonsstropper og hoftelommer er denne ryggsekken bygget for seri\u00f8se friluftsfolk og taktiske operat\u00f8rer.<\/p>\n<h3>N\u00f8kkelfunksjoner<\/h3>\n<ul>\n<li>2000 c.i. \/ 32.8L capacity<\/li>\n<li>Spacious top lid<\/li>\n<li>Seven interior pockets<\/li>\n<li>Water bladder sleeve<\/li>\n<li>Compression straps<\/li>\n<li>Hip-belt pockets<\/li>\n<li>Aluminum frame<\/li>\n<li>Eberlestock Lifetime Warranty<\/li>\n<\/ul>\n<h3>Spesifikasjoner<\/h3>\n<table>\n<tr>\n<td><strong>Volum<\/strong><\/td>\n<td>2000 c.i. \/ 32.8L<\/td>\n<\/tr>\n<tr>\n<td><strong>Vekt<\/strong><\/td>\n<td>4 lbs 9 oz<\/td>\n<\/tr>\n<tr>\n<td><strong>Ramme<\/strong><\/td>\n<td>Aluminum<\/td>\n<\/tr>\n<tr>\n<td><strong>Varenumre<\/strong><\/td>\n<td>V7MC, V7GY, V7MB, V7ME, V7MJ, V7MM<\/td>\n<\/tr>\n<tr>\n<td><strong>Produsent<\/strong><\/td>\n<td>Eberlestock (Veteraneid bedrift)<\/td>\n<\/tr>\n<\/table>\n","protected":false},"excerpt":{"rendered":"<p>Eberlestock FreeFall 2000 er en allsidig plattform med lav motstand, som kan h\u00e5ndtere flerdagsturer med minimalt utstyr eller dagturer med full oppakning. Med et romslig topplokk, syv innerlommer, hylse til vannbl\u00e6re, kompresjonsstropper og hoftelommer er denne ryggsekken bygget for seri\u00f8se friluftsfolk og taktiske operat\u00f8rer.<\/p>\n","protected":false},"featured_media":749538,"template":"","meta":{"_acf_changed":false},"product_brand":[15155],"product_cat":[13255],"product_tag":[],"class_list":{"0":"post-749537","1":"product","2":"type-product","3":"status-publish","4":"has-post-thumbnail","6":"product_brand-eberlestock","7":"product_cat-ryggsekker","9":"first","10":"outofstock","11":"taxable","12":"shipping-taxable","13":"purchasable","14":"product-type-variable","15":"wvs-archive-product-wrapper"},"acf":[],"_links":{"self":[{"href":"https:\/\/nbg.eu\/no\/wp-json\/wp\/v2\/product\/749537","targetHints":{"allow":["GET"]}}],"collection":[{"href":"https:\/\/nbg.eu\/no\/wp-json\/wp\/v2\/product"}],"about":[{"href":"https:\/\/nbg.eu\/no\/wp-json\/wp\/v2\/types\/product"}],"wp:featuredmedia":[{"embeddable":true,"href":"https:\/\/nbg.eu\/no\/wp-json\/wp\/v2\/media\/749538"}],"wp:attachment":[{"href":"https:\/\/nbg.eu\/no\/wp-json\/wp\/v2\/media?parent=749537"}],"wp:term":[{"taxonomy":"product_brand","embeddable":true,"href":"https:\/\/nbg.eu\/no\/wp-json\/wp\/v2\/product_brand?post=749537"},{"taxonomy":"product_cat","embeddable":true,"href":"https:\/\/nbg.eu\/no\/wp-json\/wp\/v2\/product_cat?post=749537"},{"taxonomy":"product_tag","embeddable":true,"href":"https:\/\/nbg.eu\/no\/wp-json\/wp\/v2\/product_tag?post=749537"}],"curies":[{"name":"wp","href":"https:\/\/api.w.org\/{rel}","templated":true}]}}