{"id":750634,"date":"2026-04-24T11:17:48","date_gmt":"2026-04-24T08:17:48","guid":{"rendered":"https:\/\/nbg.eu\/product\/eberlestock-modframe-dry-earth\/"},"modified":"2026-04-24T12:04:30","modified_gmt":"2026-04-24T09:04:30","slug":"eberlestock-modframe-dry-earth","status":"publish","type":"product","link":"https:\/\/nbg.eu\/no\/produkt\/eberlestock-modframe-dry-earth\/","title":{"rendered":"Eberlestock Modframe &#8211; Dry Earth"},"content":{"rendered":"<h2>Eberlestock Modframe<\/h2>\n<p>Eberlestock Modframe er en neste generasjons jaktplattform som tar alt det flotte fra Mainframe og bygger det opp fra bunnen av. Dette spesialbygde modul\u00e6re rammesystemet er designet for seri\u00f8se fjelljaktsfolk som krever ytelse, holdbarhet og fleksibilitet fra b\u00e6resystemet sitt.<\/p>\n<h3>N\u00f8kkelfunksjoner<\/h3>\n<ul>\n<li>Next-gen modular frame<\/li>\n<li>Alpine hunting platform<\/li>\n<li>Modular bag compatibility<\/li>\n<li>Standalone frame capability<\/li>\n<li>Adjustable torso<\/li>\n<li>Eberlestock Lifetime Warranty<\/li>\n<\/ul>\n<h3>Spesifikasjoner<\/h3>\n<table>\n<tr>\n<td><strong>Vekt<\/strong><\/td>\n<td>4 lbs 8 oz<\/td>\n<\/tr>\n<tr>\n<td><strong>Dimensjoner<\/strong><\/td>\n<td>26&#8243;H x 10&#8243;W<\/td>\n<\/tr>\n<tr>\n<td><strong>Varenumre<\/strong><\/td>\n<td>MO1ME (Dry Earth), MO1MJ (Military Green)<\/td>\n<\/tr>\n<tr>\n<td><strong>Produsent<\/strong><\/td>\n<td>Eberlestock (Veteraneid bedrift)<\/td>\n<\/tr>\n<\/table>\n","protected":false},"excerpt":{"rendered":"<p>Eberlestock Modframe er en neste generasjons jaktplattform som tar alt det flotte fra Mainframe og bygger det opp fra bunnen av. Dette spesialbygde modul\u00e6re rammesystemet er designet for seri\u00f8se fjelljaktsfolk som krever ytelse, holdbarhet og fleksibilitet fra b\u00e6resystemet sitt.<\/p>\n","protected":false},"featured_media":750635,"template":"","meta":{"_acf_changed":false},"product_brand":[15155],"product_cat":[13255],"product_tag":[],"class_list":{"0":"post-750634","1":"product","2":"type-product","3":"status-publish","4":"has-post-thumbnail","6":"product_brand-eberlestock","7":"product_cat-ryggsekker","9":"first","10":"outofstock","11":"taxable","12":"shipping-taxable","13":"purchasable","14":"product-type-simple"},"acf":[],"_links":{"self":[{"href":"https:\/\/nbg.eu\/no\/wp-json\/wp\/v2\/product\/750634","targetHints":{"allow":["GET"]}}],"collection":[{"href":"https:\/\/nbg.eu\/no\/wp-json\/wp\/v2\/product"}],"about":[{"href":"https:\/\/nbg.eu\/no\/wp-json\/wp\/v2\/types\/product"}],"wp:featuredmedia":[{"embeddable":true,"href":"https:\/\/nbg.eu\/no\/wp-json\/wp\/v2\/media\/750635"}],"wp:attachment":[{"href":"https:\/\/nbg.eu\/no\/wp-json\/wp\/v2\/media?parent=750634"}],"wp:term":[{"taxonomy":"product_brand","embeddable":true,"href":"https:\/\/nbg.eu\/no\/wp-json\/wp\/v2\/product_brand?post=750634"},{"taxonomy":"product_cat","embeddable":true,"href":"https:\/\/nbg.eu\/no\/wp-json\/wp\/v2\/product_cat?post=750634"},{"taxonomy":"product_tag","embeddable":true,"href":"https:\/\/nbg.eu\/no\/wp-json\/wp\/v2\/product_tag?post=750634"}],"curies":[{"name":"wp","href":"https:\/\/api.w.org\/{rel}","templated":true}]}}