{"id":750841,"date":"2026-04-24T11:17:50","date_gmt":"2026-04-24T08:17:50","guid":{"rendered":"https:\/\/nbg.eu\/product\/eberlestock-brooks-7000-dry-earth\/"},"modified":"2026-04-24T12:05:25","modified_gmt":"2026-04-24T09:05:25","slug":"eberlestock-brooks-7000-dry-earth","status":"publish","type":"product","link":"https:\/\/nbg.eu\/no\/produkt\/eberlestock-brooks-7000-dry-earth\/","title":{"rendered":"Eberlestock Brooks 7000 &#8211; Dry Earth"},"content":{"rendered":"<h2>Eberlestock Brooks 7000<\/h2>\n<p>N\u00e5r jakten tar deg dypt inn i villmarken i dager eller uker av gangen, er Eberlestock Brooks 7000 sekken du vil ha p\u00e5 rammen din. Denne ekspedisjonsklasse ryggsekken gir massiv kapasitet p\u00e5 7000 k.t. (114L), eksepsjonell holdbarhet og organisasjonsfunksjonene som trengs for fjerntliggende, selvforsynte jaktturer.<\/p>\n<h3>N\u00f8kkelfunksjoner<\/h3>\n<ul>\n<li>7000 c.i. \/ 114L capacity<\/li>\n<li>Modframe compatible<\/li>\n<li>Extended backcountry hunts<\/li>\n<li>Ultralight at 2 lbs 14 oz<\/li>\n<li>Eberlestock Lifetime Warranty<\/li>\n<\/ul>\n<h3>Spesifikasjoner<\/h3>\n<table>\n<tr>\n<td><strong>Volum<\/strong><\/td>\n<td>7000 c.i. \/ 114L<\/td>\n<\/tr>\n<tr>\n<td><strong>Vekt<\/strong><\/td>\n<td>2 lbs 14 oz<\/td>\n<\/tr>\n<tr>\n<td><strong>Dimensjoner<\/strong><\/td>\n<td>44&#8243;H x 12&#8243;W x 12&#8243;D<\/td>\n<\/tr>\n<tr>\n<td><strong>Varenumre<\/strong><\/td>\n<td>BS70ME, BS70MJ, BS70AM, BS70AR, BS70AS<\/td>\n<\/tr>\n<tr>\n<td><strong>Produsent<\/strong><\/td>\n<td>Eberlestock (Veteraneid bedrift)<\/td>\n<\/tr>\n<\/table>\n","protected":false},"excerpt":{"rendered":"<p>N\u00e5r jakten tar deg dypt inn i villmarken i dager eller uker av gangen, er Eberlestock Brooks 7000 sekken du vil ha p\u00e5 rammen din. Denne ekspedisjonsklasse ryggsekken gir massiv kapasitet p\u00e5 7000 k.t. (114L), eksepsjonell holdbarhet og organisasjonsfunksjonene som trengs for fjerntliggende, selvforsynte jaktturer.<\/p>\n","protected":false},"featured_media":750842,"template":"","meta":{"_acf_changed":false},"product_brand":[15155],"product_cat":[13255],"product_tag":[],"class_list":{"0":"post-750841","1":"product","2":"type-product","3":"status-publish","4":"has-post-thumbnail","6":"product_brand-eberlestock","7":"product_cat-ryggsekker","9":"first","10":"outofstock","11":"taxable","12":"shipping-taxable","13":"purchasable","14":"product-type-simple"},"acf":[],"_links":{"self":[{"href":"https:\/\/nbg.eu\/no\/wp-json\/wp\/v2\/product\/750841","targetHints":{"allow":["GET"]}}],"collection":[{"href":"https:\/\/nbg.eu\/no\/wp-json\/wp\/v2\/product"}],"about":[{"href":"https:\/\/nbg.eu\/no\/wp-json\/wp\/v2\/types\/product"}],"wp:featuredmedia":[{"embeddable":true,"href":"https:\/\/nbg.eu\/no\/wp-json\/wp\/v2\/media\/750842"}],"wp:attachment":[{"href":"https:\/\/nbg.eu\/no\/wp-json\/wp\/v2\/media?parent=750841"}],"wp:term":[{"taxonomy":"product_brand","embeddable":true,"href":"https:\/\/nbg.eu\/no\/wp-json\/wp\/v2\/product_brand?post=750841"},{"taxonomy":"product_cat","embeddable":true,"href":"https:\/\/nbg.eu\/no\/wp-json\/wp\/v2\/product_cat?post=750841"},{"taxonomy":"product_tag","embeddable":true,"href":"https:\/\/nbg.eu\/no\/wp-json\/wp\/v2\/product_tag?post=750841"}],"curies":[{"name":"wp","href":"https:\/\/api.w.org\/{rel}","templated":true}]}}