{"id":751240,"date":"2026-04-24T11:17:54","date_gmt":"2026-04-24T08:17:54","guid":{"rendered":"https:\/\/nbg.eu\/product\/eberlestock-mission-load-panel-multicam\/"},"modified":"2026-04-24T12:07:13","modified_gmt":"2026-04-24T09:07:13","slug":"eberlestock-mission-load-panel-multicam","status":"publish","type":"product","link":"https:\/\/nbg.eu\/no\/produkt\/eberlestock-mission-load-panel-multicam\/","title":{"rendered":"Eberlestock Mission Load Panel &#8211; Multicam"},"content":{"rendered":"<h2>Eberlestock Mission Load Panel<\/h2>\n<p>Eberlestock Mission Load Panel gir en sikker metode for \u00e5 b\u00e6re og oppbevare store eller uregelmessige gjenstander som hjelmer, inngangsverkt\u00f8y og annet utstyr. Festet til Mission Frame kan Load Panel brukes selvstendig eller sammen med Mission Lid for maksimal lastekapasitet.<\/p>\n<h3>N\u00f8kkelfunksjoner<\/h3>\n<ul>\n<li>Helmet and equipment carrier<\/li>\n<li>3 oz ultra-lightweight<\/li>\n<li>Mission Frame attachment<\/li>\n<li>Works with Mission Lid<\/li>\n<li>MOLLE-compatible<\/li>\n<li>Eberlestock Lifetime Warranty<\/li>\n<\/ul>\n<h3>Spesifikasjoner<\/h3>\n<table>\n<tr>\n<td><strong>Vekt<\/strong><\/td>\n<td>3 oz<\/td>\n<\/tr>\n<tr>\n<td><strong>Dimensjoner<\/strong><\/td>\n<td>13.5&#8243;L x 11.5&#8243;W<\/td>\n<\/tr>\n<tr>\n<td><strong>Varenumre<\/strong><\/td>\n<td>MP1MM, MP1MC, MP1MJ<\/td>\n<\/tr>\n<tr>\n<td><strong>Produsent<\/strong><\/td>\n<td>Eberlestock (Veteraneid bedrift)<\/td>\n<\/tr>\n<\/table>\n","protected":false},"excerpt":{"rendered":"<p>Eberlestock Mission Load Panel gir en sikker metode for \u00e5 b\u00e6re og oppbevare store eller uregelmessige gjenstander som hjelmer, inngangsverkt\u00f8y og annet utstyr. Festet til Mission Frame kan Load Panel brukes selvstendig eller sammen med Mission Lid for maksimal lastekapasitet.<\/p>\n","protected":false},"featured_media":751241,"template":"","meta":{"_acf_changed":false},"product_brand":[15155],"product_cat":[13255],"product_tag":[],"class_list":{"0":"post-751240","1":"product","2":"type-product","3":"status-publish","4":"has-post-thumbnail","6":"product_brand-eberlestock","7":"product_cat-ryggsekker","9":"first","10":"outofstock","11":"taxable","12":"shipping-taxable","13":"purchasable","14":"product-type-simple"},"acf":[],"_links":{"self":[{"href":"https:\/\/nbg.eu\/no\/wp-json\/wp\/v2\/product\/751240","targetHints":{"allow":["GET"]}}],"collection":[{"href":"https:\/\/nbg.eu\/no\/wp-json\/wp\/v2\/product"}],"about":[{"href":"https:\/\/nbg.eu\/no\/wp-json\/wp\/v2\/types\/product"}],"wp:featuredmedia":[{"embeddable":true,"href":"https:\/\/nbg.eu\/no\/wp-json\/wp\/v2\/media\/751241"}],"wp:attachment":[{"href":"https:\/\/nbg.eu\/no\/wp-json\/wp\/v2\/media?parent=751240"}],"wp:term":[{"taxonomy":"product_brand","embeddable":true,"href":"https:\/\/nbg.eu\/no\/wp-json\/wp\/v2\/product_brand?post=751240"},{"taxonomy":"product_cat","embeddable":true,"href":"https:\/\/nbg.eu\/no\/wp-json\/wp\/v2\/product_cat?post=751240"},{"taxonomy":"product_tag","embeddable":true,"href":"https:\/\/nbg.eu\/no\/wp-json\/wp\/v2\/product_tag?post=751240"}],"curies":[{"name":"wp","href":"https:\/\/api.w.org\/{rel}","templated":true}]}}