{"id":129791,"date":"2024-01-30T18:11:57","date_gmt":"2024-01-30T18:11:57","guid":{"rendered":"https:\/\/nbg.eu\/product\/area-419-tactical-one-piece-scope-mount\/"},"modified":"2026-05-16T22:04:05","modified_gmt":"2026-05-16T19:04:05","slug":"area-419-tactical-one-piece-scope-mount","status":"publish","type":"product","link":"https:\/\/nbg.eu\/pl\/produkt\/area-419-tactical-one-piece-scope-mount\/","title":{"rendered":"Area 419 Tactical One-Piece Scope Mount"},"content":{"rendered":"<div class=\"product-description\">\n<h2>Area 419 Taktyczny jednocz\u0119\u015bciowy monta\u017c lunety<\/h2>\n<p>Monta\u017c lunety z dopasowanymi pier\u015bcieniami i wewn\u0119trznymi elementami z surowego aluminium. Zapewnia mocny uchwyt optyki bez zb\u0119dnej wagi.<\/p>\n<ul>\n<li>Frezowany CNC w Ameryce z aluminium 7075<\/li>\n<li>Surowe aluminiowe, precyzyjnie wywiercone powierzchnie kontaktu z lunet\u0105<\/li>\n<li>Wiele punkt\u00f3w mocowania akcesori\u00f3w<\/li>\n<li>Oddzielne listwy zaciskowe szyny dla maksymalnego chwytu<\/li>\n<li>Stalowe ko\u0142ki prowadz\u0105ce do wyr\u00f3wnania<\/li>\n<li>Nitrowane elementy ze stali nierdzewnej<\/li>\n<li>Zg\u0142oszone do opatentowania mocowanie akcesori\u00f3w g\u00f3rnych<\/li>\n<\/ul>\n<p>Dost\u0119pne w r\u00f3\u017cnych \u015brednicach tuby i wysoko\u015bciach, z opcjami 0 MOA lub 20 MOA. Waga: 0,68 kg. Wymiary: 24,1 \u00d7 14,7 \u00d7 7,1 cm.<\/p>\n<\/div>\n","protected":false},"excerpt":{"rendered":"<p>Precyzyjnie wywiercony, ultra-sztywny uchwyt do lunety zapewniaj\u0105cy niezr\u00f3wnan\u0105 niezawodno\u015b\u0107.<\/p>\n","protected":false},"featured_media":108372,"template":"","meta":{"_acf_changed":false},"product_brand":[11047],"product_cat":[12599,12574,15832],"product_tag":[],"class_list":{"0":"post-129791","1":"product","2":"type-product","3":"status-publish","4":"has-post-thumbnail","6":"product_brand-area-419","7":"product_cat-akcesoria-celownicze","8":"product_cat-celowanie","9":"product_cat-scope-mounts-pl","11":"first","12":"instock","13":"sale","14":"taxable","15":"shipping-taxable","16":"purchasable","17":"product-type-variable","18":"wvs-archive-product-wrapper"},"acf":[],"_links":{"self":[{"href":"https:\/\/nbg.eu\/pl\/wp-json\/wp\/v2\/product\/129791","targetHints":{"allow":["GET"]}}],"collection":[{"href":"https:\/\/nbg.eu\/pl\/wp-json\/wp\/v2\/product"}],"about":[{"href":"https:\/\/nbg.eu\/pl\/wp-json\/wp\/v2\/types\/product"}],"wp:featuredmedia":[{"embeddable":true,"href":"https:\/\/nbg.eu\/pl\/wp-json\/wp\/v2\/media\/108372"}],"wp:attachment":[{"href":"https:\/\/nbg.eu\/pl\/wp-json\/wp\/v2\/media?parent=129791"}],"wp:term":[{"taxonomy":"product_brand","embeddable":true,"href":"https:\/\/nbg.eu\/pl\/wp-json\/wp\/v2\/product_brand?post=129791"},{"taxonomy":"product_cat","embeddable":true,"href":"https:\/\/nbg.eu\/pl\/wp-json\/wp\/v2\/product_cat?post=129791"},{"taxonomy":"product_tag","embeddable":true,"href":"https:\/\/nbg.eu\/pl\/wp-json\/wp\/v2\/product_tag?post=129791"}],"curies":[{"name":"wp","href":"https:\/\/api.w.org\/{rel}","templated":true}]}}