{"id":131325,"date":"2024-11-02T06:45:52","date_gmt":"2024-11-02T06:45:52","guid":{"rendered":"https:\/\/nbg.eu\/product\/sprinco-usa-spring-kit-xp-buffer-spring-enhanced-4coil-bolt-extractor-spring\/"},"modified":"2026-01-21T12:05:17","modified_gmt":"2026-01-21T09:05:17","slug":"sprinco-usa-spring-kit-xp-buffer-spring-enhanced-4coil-bolt-extractor-spring","status":"publish","type":"product","link":"https:\/\/nbg.eu\/pl\/produkt\/sprinco-usa-spring-kit-xp-buffer-spring-enhanced-4coil-bolt-extractor-spring\/","title":{"rendered":"SPRINCO USA Spring Kit-XP Buffer Spring &amp; Enhanced 4Coil Bolt Extractor Spring"},"content":{"rendered":"<div class=\"product-description\">\n<h2>SPRINCO USA Zestaw Spr\u0119\u017cyn &#8211; Spr\u0119\u017cyna Bufora XP i Ulepszona 4-zwojowa Spr\u0119\u017cyna Ekstraktora<\/h2>\n<p>Zestaw SPRINCO USA zawiera:<\/p>\n<ul>\n<li>Spr\u0119\u017cyna bufora o zwi\u0119kszonej mocy (czerwona)<\/li>\n<li>Ulepszona 4-zwojowa spr\u0119\u017cyna ekstraktora<\/li>\n<\/ul>\n<p>Zaprojektowany w 2006 roku dla zespo\u0142u modernizacji si\u0142 zbrojnych, zestaw ten rozwi\u0105zuje problemy z niezawodno\u015bci\u0105 karabink\u00f3w M4 w trudnych warunkach. Czerwona spr\u0119\u017cyna oferuje oko\u0142o 25% wi\u0119ksze obci\u0105\u017cenie projektowe w por\u00f3wnaniu do bia\u0142ej spr\u0119\u017cyny, co czyni j\u0105 odpowiedni\u0105 dla:<\/p>\n<ul>\n<li>9mm, 6.8 SPC, 6.5 Grendel<\/li>\n<li>.450 BM, .450 SOCOM, .500 Beowulf<\/li>\n<li>Karabink\u00f3w Colt LE6920<\/li>\n<\/ul>\n<p>Uwaga: Wydajno\u015b\u0107 mo\u017ce si\u0119 r\u00f3\u017cni\u0107 w zale\u017cno\u015bci od warto\u015bci portu i \u0142adunk\u00f3w amunicji. Przed u\u017cyciem nale\u017cy zapozna\u0107 si\u0119 z dokumentacj\u0105 procedury strojenia.<\/p>\n<\/div>\n","protected":false},"excerpt":{"rendered":"<p>Wysokowydajna spr\u0119\u017cyna bufora AR dla zwi\u0119kszonej niezawodno\u015bci i mocy.<\/p>\n","protected":false},"featured_media":76516,"template":"","meta":{"_acf_changed":false},"product_brand":[14603],"product_cat":[12573,12591],"product_tag":[],"class_list":{"0":"post-131325","1":"product","2":"type-product","3":"status-publish","4":"has-post-thumbnail","6":"product_brand-sprinco-usa","7":"product_cat-czesci-kmr","8":"product_cat-sprezyny","10":"first","11":"outofstock","12":"taxable","13":"shipping-taxable","14":"purchasable","15":"product-type-simple"},"acf":[],"_links":{"self":[{"href":"https:\/\/nbg.eu\/pl\/wp-json\/wp\/v2\/product\/131325","targetHints":{"allow":["GET"]}}],"collection":[{"href":"https:\/\/nbg.eu\/pl\/wp-json\/wp\/v2\/product"}],"about":[{"href":"https:\/\/nbg.eu\/pl\/wp-json\/wp\/v2\/types\/product"}],"wp:featuredmedia":[{"embeddable":true,"href":"https:\/\/nbg.eu\/pl\/wp-json\/wp\/v2\/media\/76516"}],"wp:attachment":[{"href":"https:\/\/nbg.eu\/pl\/wp-json\/wp\/v2\/media?parent=131325"}],"wp:term":[{"taxonomy":"product_brand","embeddable":true,"href":"https:\/\/nbg.eu\/pl\/wp-json\/wp\/v2\/product_brand?post=131325"},{"taxonomy":"product_cat","embeddable":true,"href":"https:\/\/nbg.eu\/pl\/wp-json\/wp\/v2\/product_cat?post=131325"},{"taxonomy":"product_tag","embeddable":true,"href":"https:\/\/nbg.eu\/pl\/wp-json\/wp\/v2\/product_tag?post=131325"}],"curies":[{"name":"wp","href":"https:\/\/api.w.org\/{rel}","templated":true}]}}