{"id":133726,"date":"2024-11-02T08:42:18","date_gmt":"2025-01-08T16:50:33","guid":{"rendered":"https:\/\/nbg.eu\/product\/sprinco-usa-spring-kit-xp-buffer-spring-dual-extractor-spring\/"},"modified":"2026-05-13T16:48:13","modified_gmt":"2026-05-13T13:48:13","slug":"sprinco-usa-spring-kit-xp-buffer-spring-dual-extractor-spring","status":"publish","type":"product","link":"https:\/\/nbg.eu\/pl\/produkt\/sprinco-usa-spring-kit-xp-buffer-spring-dual-extractor-spring\/","title":{"rendered":"SPRINCO USA Spring Kit-XP Buffer Spring \/ Dual Extractor Spring"},"content":{"rendered":"<div class=\"product-description\">\n<h2>SPRINCO USA Zestaw Spr\u0119\u017cyn &#8211; Spr\u0119\u017cyna Bufora XP \/ Podw\u00f3jna Spr\u0119\u017cyna Wyci\u0105gu<\/h2>\n<p>Zestaw spr\u0119\u017cyn SPRINCO USA do karabin\u00f3w AR. Zaprojektowany w 2006 roku dla Zespo\u0142u Modernizacji Si\u0142, rozwi\u0105zuje problemy z funkcjonowaniem karabinu M4 w trudnych warunkach.<\/p>\n<ul>\n<li>25% wi\u0119ksze obci\u0105\u017cenia projektowe w por\u00f3wnaniu do bia\u0142ej spr\u0119\u017cyny<\/li>\n<li>Odpowiedni dla 9mm, 6.8 SPC, 6.5 Grendel, .450 BM, .450 SOCOM, .500 Beowulf i Colt LE6920<\/li>\n<li>Do\u0142\u0105czona dokumentacja procedury strojenia dla optymalnej wydajno\u015bci<\/li>\n<\/ul>\n<p>Uwaga: Wydajno\u015b\u0107 mo\u017ce si\u0119 r\u00f3\u017cni\u0107 w zale\u017cno\u015bci od warto\u015bci port\u00f3w i \u0142adunk\u00f3w amunicji. Przed u\u017cyciem nale\u017cy zapozna\u0107 si\u0119 z dostarczon\u0105 dokumentacj\u0105.<\/p>\n<\/div>\n","protected":false},"excerpt":{"rendered":"<p>Wzmocniona spr\u0119\u017cyna bufora AR dla zwi\u0119kszonej niezawodno\u015bci w trudnych warunkach.<\/p>\n","protected":false},"featured_media":76563,"template":"","meta":{"_acf_changed":false},"product_brand":[14603],"product_cat":[12573,12591],"product_tag":[],"class_list":{"0":"post-133726","1":"product","2":"type-product","3":"status-publish","4":"has-post-thumbnail","6":"product_brand-sprinco-usa","7":"product_cat-czesci-kmr","8":"product_cat-sprezyny","10":"first","11":"instock","12":"taxable","13":"shipping-taxable","14":"purchasable","15":"product-type-simple"},"acf":[],"_links":{"self":[{"href":"https:\/\/nbg.eu\/pl\/wp-json\/wp\/v2\/product\/133726","targetHints":{"allow":["GET"]}}],"collection":[{"href":"https:\/\/nbg.eu\/pl\/wp-json\/wp\/v2\/product"}],"about":[{"href":"https:\/\/nbg.eu\/pl\/wp-json\/wp\/v2\/types\/product"}],"wp:featuredmedia":[{"embeddable":true,"href":"https:\/\/nbg.eu\/pl\/wp-json\/wp\/v2\/media\/76563"}],"wp:attachment":[{"href":"https:\/\/nbg.eu\/pl\/wp-json\/wp\/v2\/media?parent=133726"}],"wp:term":[{"taxonomy":"product_brand","embeddable":true,"href":"https:\/\/nbg.eu\/pl\/wp-json\/wp\/v2\/product_brand?post=133726"},{"taxonomy":"product_cat","embeddable":true,"href":"https:\/\/nbg.eu\/pl\/wp-json\/wp\/v2\/product_cat?post=133726"},{"taxonomy":"product_tag","embeddable":true,"href":"https:\/\/nbg.eu\/pl\/wp-json\/wp\/v2\/product_tag?post=133726"}],"curies":[{"name":"wp","href":"https:\/\/api.w.org\/{rel}","templated":true}]}}