{"id":134533,"date":"2024-11-26T13:10:26","date_gmt":"2024-11-26T10:10:26","guid":{"rendered":"https:\/\/nbg.eu\/product\/geissele-ak-braided-spring\/"},"modified":"2026-05-13T16:02:06","modified_gmt":"2026-05-13T13:02:06","slug":"geissele-ak-braided-spring","status":"publish","type":"product","link":"https:\/\/nbg.eu\/pl\/produkt\/geissele-ak-braided-spring\/","title":{"rendered":"Geissele Spleciona Spr\u0119\u017cyna G\u0142\u00f3wna AK"},"content":{"rendered":"<h2>AK Braided Spring<\/h2>\n<p>AKG AK Braided Main Spring to wymiana spr\u0119\u017cyny dla karabin\u00f3w platformy AK47\/74. Ta opcja wymiany jest produkowana w Stanach Zjednoczonych z trzech splatanych ze sob\u0105 odcink\u00f3w drutu. Splatana konstrukcja zapewnia zwi\u0119kszon\u0105 trwa\u0142o\u015b\u0107 i niezawodno\u015b\u0107 w por\u00f3wnaniu do tradycyjnych spr\u0119\u017cyn g\u0142\u00f3wnych AK, gwarantuj\u0105c p\u0142ynn\u0105 i sta\u0142\u0105 prac\u0119 twojego karabinu.<\/p>\n<p>Wykonana z wysokiej jako\u015bci materia\u0142\u00f3w, Spr\u0119\u017cyna Braided AK jest zbudowana, aby wytrzyma\u0107 trudy intensywnego u\u017cytkowania i ci\u0119\u017ckich warunk\u00f3w. Jej solidna konstrukcja pomaga zmniejszy\u0107 ryzyko awarii spr\u0119\u017cyny, co mo\u017ce prowadzi\u0107 do niewypa\u0142\u00f3w lub innych usterek. Ulepszaj\u0105c g\u0142\u00f3wn\u0105 spr\u0119\u017cyn\u0119 swojego AK-a tym niezawodnym komponentem, mo\u017cesz cieszy\u0107 si\u0119 zwi\u0119kszon\u0105 wydajno\u015bci\u0105 i mie\u0107 spok\u00f3j ducha, wiedz\u0105c, \u017ce tw\u00f3j karabin dzia\u0142a najlepiej, jak to mo\u017cliwe.<\/p>\n<p>Czy jeste\u015b strzelcem sportowym, czy operatorem taktycznym, Spr\u0119\u017cyna Braided AK to niezb\u0119dna modyfikacja do rozwa\u017cenia dla twojej platformy AK47\/74. Jej ponadprzeci\u0119tny projekt i standardy produkcji sprawiaj\u0105, \u017ce jest ona zaufanym wyborem w\u015br\u00f3d wymagaj\u0105cych w\u0142a\u015bcicieli broni palnej, kt\u00f3rzy domagaj\u0105 si\u0119 najwy\u017cszego poziomu niezawodno\u015bci i wydajno\u015bci swojego sprz\u0119tu.<\/p>\n","protected":false},"excerpt":{"rendered":"<p>Spr\u0119\u017cyna plecionkowa AK jest ameryka\u0144sk\u0105 3-splotow\u0105 spr\u0119\u017cyn\u0105 zast\u0119pcz\u0105 do karabin\u00f3w AK47\/74.<\/p>\n","protected":false},"featured_media":81106,"template":"","meta":{"_acf_changed":false},"product_brand":[11392],"product_cat":[12591],"product_tag":[],"class_list":{"0":"post-134533","1":"product","2":"type-product","3":"status-publish","4":"has-post-thumbnail","6":"product_brand-geissele","7":"product_cat-sprezyny","9":"first","10":"instock","11":"taxable","12":"shipping-taxable","13":"product-type-simple"},"acf":[],"_links":{"self":[{"href":"https:\/\/nbg.eu\/pl\/wp-json\/wp\/v2\/product\/134533","targetHints":{"allow":["GET"]}}],"collection":[{"href":"https:\/\/nbg.eu\/pl\/wp-json\/wp\/v2\/product"}],"about":[{"href":"https:\/\/nbg.eu\/pl\/wp-json\/wp\/v2\/types\/product"}],"wp:featuredmedia":[{"embeddable":true,"href":"https:\/\/nbg.eu\/pl\/wp-json\/wp\/v2\/media\/81106"}],"wp:attachment":[{"href":"https:\/\/nbg.eu\/pl\/wp-json\/wp\/v2\/media?parent=134533"}],"wp:term":[{"taxonomy":"product_brand","embeddable":true,"href":"https:\/\/nbg.eu\/pl\/wp-json\/wp\/v2\/product_brand?post=134533"},{"taxonomy":"product_cat","embeddable":true,"href":"https:\/\/nbg.eu\/pl\/wp-json\/wp\/v2\/product_cat?post=134533"},{"taxonomy":"product_tag","embeddable":true,"href":"https:\/\/nbg.eu\/pl\/wp-json\/wp\/v2\/product_tag?post=134533"}],"curies":[{"name":"wp","href":"https:\/\/api.w.org\/{rel}","templated":true}]}}