{"id":141496,"date":"2025-01-04T07:53:30","date_gmt":"2025-01-04T07:53:30","guid":{"rendered":"https:\/\/nbg.eu\/product\/area-419-s-m-a-l-single-mlok-arcalock-rail\/"},"modified":"2026-05-13T16:47:48","modified_gmt":"2026-05-13T13:47:48","slug":"area-419-s-m-a-l-single-mlok-arcalock-rail","status":"publish","type":"product","link":"https:\/\/nbg.eu\/pl\/produkt\/area-419-s-m-a-l-single-mlok-arcalock-rail\/","title":{"rendered":"Area 419 &#8211; S.M.A.L. &#8211; Single MLOK ARCALOCK Rail"},"content":{"rendered":"<div class=\"product-description\">\n<h2>Area 419 &#8211; S.M.A.L. &#8211; Pojedyncza szyna MLOK ARCALOCK<\/h2>\n<p>Szyna S.M.A.L. (Single MLOK ARCALOCK) s\u0142u\u017cy do monta\u017cu dalmierzy, lornetek, lunet obserwacyjnych i broni kr\u00f3tkiej.<\/p>\n<ul>\n<li>Punkty monta\u017cowe MLOK z do\u0142\u0105czonym osprz\u0119tem<\/li>\n<li>Centralny punkt monta\u017cowy 1\/4-20 (osprz\u0119t w zestawie)<\/li>\n<li>Frezowana w Ameryce z aluminium 6061-T6<\/li>\n<li>Wyko\u0144czenie anodowane na czarno<\/li>\n<\/ul>\n<h3>Specyfikacja:<\/h3>\n<ul>\n<li>Waga: 0,18 kg<\/li>\n<li>Wymiary: 15,2 \u00d7 10,2 \u00d7 2,5 cm<\/li>\n<\/ul>\n<p>Szyna S.M.A.L. zapewnia rozwi\u0105zanie monta\u017cowe dla precyzyjnego sprz\u0119tu.<\/p>\n<\/div>\n","protected":false},"excerpt":{"rendered":"<p>Kompaktowa szyna MLOK ARCALOCK do wszechstronnego monta\u017cu. Wykonana w USA z aluminium 6061-T6.<\/p>\n","protected":false},"featured_media":115748,"template":"","meta":{"_acf_changed":false},"product_brand":[11047],"product_cat":[15577,14959,12637],"product_tag":[],"class_list":{"0":"post-141496","1":"product","2":"type-product","3":"status-publish","4":"has-post-thumbnail","6":"product_brand-area-419","7":"product_cat-arcalock-systems-pl","8":"product_cat-m-lok-rail-systems-pl","9":"product_cat-szyny-montazowe","11":"first","12":"instock","13":"sale","14":"taxable","15":"shipping-taxable","16":"purchasable","17":"product-type-simple"},"acf":[],"_links":{"self":[{"href":"https:\/\/nbg.eu\/pl\/wp-json\/wp\/v2\/product\/141496","targetHints":{"allow":["GET"]}}],"collection":[{"href":"https:\/\/nbg.eu\/pl\/wp-json\/wp\/v2\/product"}],"about":[{"href":"https:\/\/nbg.eu\/pl\/wp-json\/wp\/v2\/types\/product"}],"wp:featuredmedia":[{"embeddable":true,"href":"https:\/\/nbg.eu\/pl\/wp-json\/wp\/v2\/media\/115748"}],"wp:attachment":[{"href":"https:\/\/nbg.eu\/pl\/wp-json\/wp\/v2\/media?parent=141496"}],"wp:term":[{"taxonomy":"product_brand","embeddable":true,"href":"https:\/\/nbg.eu\/pl\/wp-json\/wp\/v2\/product_brand?post=141496"},{"taxonomy":"product_cat","embeddable":true,"href":"https:\/\/nbg.eu\/pl\/wp-json\/wp\/v2\/product_cat?post=141496"},{"taxonomy":"product_tag","embeddable":true,"href":"https:\/\/nbg.eu\/pl\/wp-json\/wp\/v2\/product_tag?post=141496"}],"curies":[{"name":"wp","href":"https:\/\/api.w.org\/{rel}","templated":true}]}}