{"id":176883,"date":"2024-11-01T10:30:55","date_gmt":"2024-11-01T07:30:55","guid":{"rendered":"https:\/\/nbg.eu\/product\/ipsc-mini-cardboard-targets\/"},"modified":"2026-01-21T12:16:48","modified_gmt":"2026-01-21T09:16:48","slug":"ipsc-mini-cardboard-targets","status":"publish","type":"product","link":"https:\/\/nbg.eu\/pl\/produkt\/ipsc-mini-cardboard-targets\/","title":{"rendered":"IPSC Mini Cardboard Targets"},"content":{"rendered":"<div class=\"product-description\">\n<h2>Miniaturowe tarcze kartonowe IPSC &#8211; Zestaw 100 sztuk<\/h2>\n<p>\u0106wicz strzelanie z naszymi miniaturowymi tarczami kartonowymi IPSC w rozmiarze 2\/3 (60% normalnego rozmiaru). Ka\u017cde opakowanie zawiera 100 sztuk, odpowiednie do d\u0142u\u017cszych sesji treningowych.<\/p>\n<ul>\n<li>Wyra\u017anie zaznaczone linie punktacji dla dok\u0142adnego liczenia punkt\u00f3w<\/li>\n<li>Sztywna struktura wafla dla zwi\u0119kszonej trwa\u0142o\u015bci<\/li>\n<li>Bia\u0142a tylna strona do u\u017cycia jako twarde os\u0142ony lub cele No-Shoot<\/li>\n<li>Pozwalaj\u0105 na symulacj\u0119 wi\u0119kszych odleg\u0142o\u015bci na ograniczonej przestrzeni strzelnicy<\/li>\n<li>Odpowiednie do treningu Airsoft na kr\u00f3tszych dystansach<\/li>\n<\/ul>\n<p>Te tarcze wytrzymuj\u0105 wi\u0119cej trafie\u0144 przed wymian\u0105, zapewniaj\u0105c efektywny kosztowo trening. Mniejszy rozmiar pozwala na \u0107wiczenie strza\u0142\u00f3w na d\u0142ugie dystanse nawet na kompaktowych strzelnicach, pomagaj\u0105c w przygotowaniu do r\u00f3\u017cnych scenariuszy strzeleckich.<\/p>\n<p>Ulepsz sw\u00f3j program treningowy z tymi wszechstronnymi miniaturowymi tarczami kartonowymi IPSC.<\/p>\n<\/div>\n","protected":false},"excerpt":{"rendered":"<p>Mini Tekturowe Tarcze IPSC: Trwa\u0142e, wszechstronne, w rozmiarze 60% dla realistycznego treningu.<\/p>\n","protected":false},"featured_media":75291,"template":"","meta":{"_acf_changed":false},"product_brand":[11278],"product_cat":[12579,12558,12631],"product_tag":[],"class_list":{"0":"post-176883","1":"product","2":"type-product","3":"status-publish","4":"has-post-thumbnail","6":"product_brand-doublealpha","7":"product_cat-tarcze","8":"product_cat-tarcze-papierowe","9":"product_cat-wyposazenie","11":"first","12":"outofstock","13":"taxable","14":"shipping-taxable","15":"purchasable","16":"product-type-simple"},"acf":[],"_links":{"self":[{"href":"https:\/\/nbg.eu\/pl\/wp-json\/wp\/v2\/product\/176883","targetHints":{"allow":["GET"]}}],"collection":[{"href":"https:\/\/nbg.eu\/pl\/wp-json\/wp\/v2\/product"}],"about":[{"href":"https:\/\/nbg.eu\/pl\/wp-json\/wp\/v2\/types\/product"}],"wp:featuredmedia":[{"embeddable":true,"href":"https:\/\/nbg.eu\/pl\/wp-json\/wp\/v2\/media\/75291"}],"wp:attachment":[{"href":"https:\/\/nbg.eu\/pl\/wp-json\/wp\/v2\/media?parent=176883"}],"wp:term":[{"taxonomy":"product_brand","embeddable":true,"href":"https:\/\/nbg.eu\/pl\/wp-json\/wp\/v2\/product_brand?post=176883"},{"taxonomy":"product_cat","embeddable":true,"href":"https:\/\/nbg.eu\/pl\/wp-json\/wp\/v2\/product_cat?post=176883"},{"taxonomy":"product_tag","embeddable":true,"href":"https:\/\/nbg.eu\/pl\/wp-json\/wp\/v2\/product_tag?post=176883"}],"curies":[{"name":"wp","href":"https:\/\/api.w.org\/{rel}","templated":true}]}}