{"id":208879,"date":"2024-09-02T10:47:02","date_gmt":"2024-09-02T10:47:02","guid":{"rendered":"https:\/\/nbg.eu\/product\/badger-ordnance-c1-modular-safety\/"},"modified":"2026-01-21T11:48:15","modified_gmt":"2026-01-21T08:48:15","slug":"badger-ordnance-c1-modular-safety","status":"publish","type":"product","link":"https:\/\/nbg.eu\/pl\/produkt\/badger-ordnance-c1-modular-safety\/","title":{"rendered":"Badger Ordnance C1 Modular Safety"},"content":{"rendered":"<div class=\"product-description\">\n<h2>Badger Ordnance C1 Modu\u0142owy Bezpiecznik<\/h2>\n<p>Bezpiecznik p\u00f3\u0142automatyczny C1 do karabin\u00f3w typu M16\/AR-15\/AR-10\/SR-25. Zestaw modu\u0142owy oferuje:<\/p>\n<ul>\n<li>Kontrol\u0119 jednostronn\u0105 lub obustronn\u0105<\/li>\n<li>Obs\u0142ug\u0119 dla os\u00f3b lewo- lub prawor\u0119cznych<\/li>\n<li>Opcje obrotu 60\u00b0 lub 90\u00b0<\/li>\n<li>Czerwony wska\u017anik dla \u0142atwej weryfikacji wzrokowej<\/li>\n<\/ul>\n<p>Zestaw zawiera:<\/p>\n<ul>\n<li>D\u0142ug\u0105 d\u017awigni\u0119 po stronie silnej<\/li>\n<li>Kr\u00f3tk\u0105 d\u017awigni\u0119 po stronie s\u0142abej<\/li>\n<li>Nasadk\u0119 wska\u017anika stanu po stronie s\u0142abej<\/li>\n<li>Ko\u0142ki i blokad\u0119 bezpiecznika (utwardzone do 60Rc)<\/li>\n<\/ul>\n<p>Wykonany ze stali 4140, hartowany i pokryty fosforanem manganu dla trwa\u0142o\u015bci. \u0141atwa instalacja i d\u0142uga \u017cywotno\u015b\u0107.<\/p>\n<p><strong>Kolor:<\/strong> Czarny<br \/>\n |<br \/>\n<strong>Wymagana licencja FFL:<\/strong> Nie | <strong>Specyficzny dla platformy:<\/strong> Nie<\/p>\n<\/div>\n","protected":false},"excerpt":{"rendered":"<p>Wszechstronna blokada bezpiecze\u0144stwa do AR: obur\u0119czna, 60\u00b0\/90\u00b0 przesuwu, czerwone wska\u017aniki<\/p>\n","protected":false},"featured_media":35392,"template":"","meta":{"_acf_changed":false},"product_brand":[11096],"product_cat":[12623,12628,12607,12584],"product_tag":[],"class_list":{"0":"post-208879","1":"product","2":"type-product","3":"status-publish","4":"has-post-thumbnail","6":"product_brand-badger-ordnance","7":"product_cat-karabin","8":"product_cat-przelaczniki-bezpiecznika","9":"product_cat-tuning-ar","10":"product_cat-tuning-karabinowy","12":"first","13":"instock","14":"taxable","15":"shipping-taxable","16":"purchasable","17":"product-type-simple"},"acf":[],"_links":{"self":[{"href":"https:\/\/nbg.eu\/pl\/wp-json\/wp\/v2\/product\/208879","targetHints":{"allow":["GET"]}}],"collection":[{"href":"https:\/\/nbg.eu\/pl\/wp-json\/wp\/v2\/product"}],"about":[{"href":"https:\/\/nbg.eu\/pl\/wp-json\/wp\/v2\/types\/product"}],"wp:featuredmedia":[{"embeddable":true,"href":"https:\/\/nbg.eu\/pl\/wp-json\/wp\/v2\/media\/35392"}],"wp:attachment":[{"href":"https:\/\/nbg.eu\/pl\/wp-json\/wp\/v2\/media?parent=208879"}],"wp:term":[{"taxonomy":"product_brand","embeddable":true,"href":"https:\/\/nbg.eu\/pl\/wp-json\/wp\/v2\/product_brand?post=208879"},{"taxonomy":"product_cat","embeddable":true,"href":"https:\/\/nbg.eu\/pl\/wp-json\/wp\/v2\/product_cat?post=208879"},{"taxonomy":"product_tag","embeddable":true,"href":"https:\/\/nbg.eu\/pl\/wp-json\/wp\/v2\/product_tag?post=208879"}],"curies":[{"name":"wp","href":"https:\/\/api.w.org\/{rel}","templated":true}]}}