{"id":274542,"date":"2025-03-03T19:48:45","date_gmt":"2025-03-03T19:48:45","guid":{"rendered":"https:\/\/nbg.eu\/product\/daa-dry-fire-target-set-classic-ipsc\/"},"modified":"2026-01-21T11:48:15","modified_gmt":"2026-01-21T08:48:15","slug":"daa-dry-fire-target-set-classic-ipsc","status":"publish","type":"product","link":"https:\/\/nbg.eu\/pl\/produkt\/daa-dry-fire-target-set-classic-ipsc\/","title":{"rendered":"DAA Dry-Fire Target Set (Classic-IPSC)"},"content":{"rendered":"<h2>Zestaw Cel\u00f3w do Treningu na Sucho DAA (Classic-IPSC)<\/h2>\n<p>Zestaw Cel\u00f3w do Treningu na Sucho zawiera 20 zmniejszonych cel\u00f3w IPSC Classic. Przeznaczony do treningu w pomieszczeniach, te drewniane cele wyci\u0119te laserem symuluj\u0105 realistyczne odleg\u0142o\u015bci i obrazy celownicze.<\/p>\n<ul>\n<li>3mm grube drewniane p\u0142ytki o autentycznym kolorze<\/li>\n<li>Rozmiary: 32% (18,5cm), 20% (11,5cm) i 12% (6,8cm) pe\u0142nowymiarowych cel\u00f3w<\/li>\n<li>Zawiera 3 ma\u0142e cele typu popper i cele cz\u0119\u015bciowe<\/li>\n<li>Otwory do zawieszenia dla \u0142atwego monta\u017cu<\/li>\n<\/ul>\n<p>Trenuj technik\u0119 strzelania bez koszt\u00f3w amunicji lub czasu na strzelnicy. \u0106wicz z w\u0142asnym sprz\u0119tem i rozwijaj umiej\u0119tno\u015bci. Umie\u015b\u0107 cele w odleg\u0142o\u015bci 2,5-3 metr\u00f3w, aby symulowa\u0107 odleg\u0142o\u015bci 15, 20 i 30 metr\u00f3w. Doskonalenie obrazu celowniczego i kontroli spustu w domu.<\/p>\n<p>Zestaw Cel\u00f3w do Treningu na Sucho DAA dost\u0119pny do treningu.<\/p>\n","protected":false},"excerpt":{"rendered":"<p>Realistyczne, skalowane tarcze IPSC do efektywnego treningu na sucho w domu.<\/p>\n","protected":false},"featured_media":235932,"template":"","meta":{"_acf_changed":false},"product_brand":[11278],"product_cat":[12579,12558],"product_tag":[],"class_list":{"0":"post-274542","1":"product","2":"type-product","3":"status-publish","4":"has-post-thumbnail","6":"product_brand-doublealpha","7":"product_cat-tarcze","8":"product_cat-tarcze-papierowe","10":"first","11":"outofstock","12":"taxable","13":"shipping-taxable","14":"purchasable","15":"product-type-simple"},"acf":[],"_links":{"self":[{"href":"https:\/\/nbg.eu\/pl\/wp-json\/wp\/v2\/product\/274542","targetHints":{"allow":["GET"]}}],"collection":[{"href":"https:\/\/nbg.eu\/pl\/wp-json\/wp\/v2\/product"}],"about":[{"href":"https:\/\/nbg.eu\/pl\/wp-json\/wp\/v2\/types\/product"}],"wp:featuredmedia":[{"embeddable":true,"href":"https:\/\/nbg.eu\/pl\/wp-json\/wp\/v2\/media\/235932"}],"wp:attachment":[{"href":"https:\/\/nbg.eu\/pl\/wp-json\/wp\/v2\/media?parent=274542"}],"wp:term":[{"taxonomy":"product_brand","embeddable":true,"href":"https:\/\/nbg.eu\/pl\/wp-json\/wp\/v2\/product_brand?post=274542"},{"taxonomy":"product_cat","embeddable":true,"href":"https:\/\/nbg.eu\/pl\/wp-json\/wp\/v2\/product_cat?post=274542"},{"taxonomy":"product_tag","embeddable":true,"href":"https:\/\/nbg.eu\/pl\/wp-json\/wp\/v2\/product_tag?post=274542"}],"curies":[{"name":"wp","href":"https:\/\/api.w.org\/{rel}","templated":true}]}}