{"id":274676,"date":"2025-03-06T20:28:07","date_gmt":"2025-03-06T20:28:07","guid":{"rendered":"https:\/\/nbg.eu\/product\/3m-peltor-protac-iii-slim-headset\/"},"modified":"2026-05-13T16:03:38","modified_gmt":"2026-05-13T13:03:38","slug":"3m-peltor-protac-iii-slim-headset","status":"publish","type":"product","link":"https:\/\/nbg.eu\/pl\/produkt\/3m-peltor-protac-iii-slim-headset\/","title":{"rendered":"3M PELTOR ProTac III Slim Headset"},"content":{"rendered":"<div class=\"product-description\">\n<h2>S\u0142uchawki 3M\u2122 PELTOR\u2122 ProTac III Slim<\/h2>\n<p>S\u0142uchawki ProTac III Slim oferuj\u0105 ochron\u0119 s\u0142uchu. Ten model zapewnia:<\/p>\n<ul>\n<li>Wsp\u00f3\u0142czynnik redukcji ha\u0142asu (NRR) 23dB<\/li>\n<li>Mikrofony \u015brodowiskowe do ochrony s\u0142uchu zale\u017cnej od poziomu<\/li>\n<li>Mo\u017cliwo\u015b\u0107 s\u0142uchania otoczenia<\/li>\n<li>Technologia ograniczaj\u0105ca g\u0142o\u015bno\u015b\u0107 g\u0142o\u015bnik\u00f3w do 82 dBA<\/li>\n<li>Wej\u015bcie stereo 3,5 mm do urz\u0105dze\u0144 zewn\u0119trznych (telefony kom\u00f3rkowe, radia dwukierunkowe, iPody)<\/li>\n<\/ul>\n<p>Cechy:<\/p>\n<ul>\n<li>Czarny kolor<\/li>\n<li>Pa\u0142\u0105k nag\u0142owny<\/li>\n<li>Po\u0142\u0105czenie przewodowe<\/li>\n<\/ul>\n<p>Dla os\u00f3b potrzebuj\u0105cych mo\u017cliwo\u015bci komunikacji z ochron\u0105 s\u0142uchu.<\/p>\n<\/div>\n","protected":false},"excerpt":{"rendered":"<p>Inteligentna ochrona s\u0142uchu z funkcj\u0105 nas\u0142uchu otoczenia i \u0142\u0105czno\u015bci\u0105 z urz\u0105dzeniami.<\/p>\n","protected":false},"featured_media":245684,"template":"","meta":{"_acf_changed":false},"product_brand":[11022],"product_cat":[12592],"product_tag":[],"class_list":{"0":"post-274676","1":"product","2":"type-product","3":"status-publish","4":"has-post-thumbnail","6":"product_brand-3m","7":"product_cat-ochrona-sluchu","9":"first","10":"outofstock","11":"taxable","12":"shipping-taxable","13":"purchasable","14":"product-type-simple"},"acf":[],"_links":{"self":[{"href":"https:\/\/nbg.eu\/pl\/wp-json\/wp\/v2\/product\/274676","targetHints":{"allow":["GET"]}}],"collection":[{"href":"https:\/\/nbg.eu\/pl\/wp-json\/wp\/v2\/product"}],"about":[{"href":"https:\/\/nbg.eu\/pl\/wp-json\/wp\/v2\/types\/product"}],"wp:featuredmedia":[{"embeddable":true,"href":"https:\/\/nbg.eu\/pl\/wp-json\/wp\/v2\/media\/245684"}],"wp:attachment":[{"href":"https:\/\/nbg.eu\/pl\/wp-json\/wp\/v2\/media?parent=274676"}],"wp:term":[{"taxonomy":"product_brand","embeddable":true,"href":"https:\/\/nbg.eu\/pl\/wp-json\/wp\/v2\/product_brand?post=274676"},{"taxonomy":"product_cat","embeddable":true,"href":"https:\/\/nbg.eu\/pl\/wp-json\/wp\/v2\/product_cat?post=274676"},{"taxonomy":"product_tag","embeddable":true,"href":"https:\/\/nbg.eu\/pl\/wp-json\/wp\/v2\/product_tag?post=274676"}],"curies":[{"name":"wp","href":"https:\/\/api.w.org\/{rel}","templated":true}]}}