{"id":275152,"date":"2025-03-03T12:58:09","date_gmt":"2025-03-03T12:58:09","guid":{"rendered":"https:\/\/nbg.eu\/product\/bore-tech-extreme-grease-hd-10ml\/"},"modified":"2026-01-21T11:38:40","modified_gmt":"2026-01-21T08:38:40","slug":"bore-tech-extreme-grease-hd-10ml","status":"publish","type":"product","link":"https:\/\/nbg.eu\/pl\/produkt\/bore-tech-extreme-grease-hd-10ml\/","title":{"rendered":"Bore tech EXTREME GREASE HD 10ml"},"content":{"rendered":"<h2>Bore Tech EXTREME GREASE HD 10ml<\/h2>\n<p>Smar Bore Tech EXTREME GREASE HD to syntetyczna mieszanka opracowana do u\u017cytku z broni\u0105 paln\u0105.<\/p>\n<ul>\n<li>Zakres temperatur roboczych: od -65\u00b0C do +371\u00b0C<\/li>\n<li>Rozszerzony zakres temperatur: do 1093\u00b0C<\/li>\n<li>Formu\u0142a zapobiegaj\u0105ca gumowaniu i sp\u0142ywaniu<\/li>\n<li>Smarowanie i zapobieganie zacieraniu<\/li>\n<li>Ni\u017cszy wsp\u00f3\u0142czynnik tarcia<\/li>\n<li>Inhibitory rdzy<\/li>\n<li>Nano-ceramiczne dodatki smarne<\/li>\n<\/ul>\n<p>Do stosowania na ryglach, szynach, sworzniach zawias\u00f3w i mechanizmach krzywkowych. Zapewnia p\u0142ynne dzia\u0142anie, wyd\u0142u\u017ca \u017cywotno\u015b\u0107 cz\u0119\u015bci i poprawia wydajno\u015b\u0107 w trudnych warunkach.<\/p>\n<p>10 ml plastikowa tubka z ko\u0144c\u00f3wk\u0105 dozuj\u0105c\u0105 i zakr\u0119can\u0105 nakr\u0119tk\u0105.<\/p>\n","protected":false},"excerpt":{"rendered":"<p>Ultralepki syntetyczny smar do broni palnej przeznaczony do ekstremalnych warunk\u00f3w (od -65\u00b0C do 371\u00b0C)<\/p>\n","protected":false},"featured_media":235480,"template":"","meta":{"_acf_changed":false},"product_brand":[11165],"product_cat":[12565,12578],"product_tag":[],"class_list":{"0":"post-275152","1":"product","2":"type-product","3":"status-publish","4":"has-post-thumbnail","6":"product_brand-boretech","7":"product_cat-czyszczenie-broni","8":"product_cat-smary","10":"first","11":"outofstock","12":"taxable","13":"shipping-taxable","14":"purchasable","15":"product-type-simple"},"acf":[],"_links":{"self":[{"href":"https:\/\/nbg.eu\/pl\/wp-json\/wp\/v2\/product\/275152","targetHints":{"allow":["GET"]}}],"collection":[{"href":"https:\/\/nbg.eu\/pl\/wp-json\/wp\/v2\/product"}],"about":[{"href":"https:\/\/nbg.eu\/pl\/wp-json\/wp\/v2\/types\/product"}],"wp:featuredmedia":[{"embeddable":true,"href":"https:\/\/nbg.eu\/pl\/wp-json\/wp\/v2\/media\/235480"}],"wp:attachment":[{"href":"https:\/\/nbg.eu\/pl\/wp-json\/wp\/v2\/media?parent=275152"}],"wp:term":[{"taxonomy":"product_brand","embeddable":true,"href":"https:\/\/nbg.eu\/pl\/wp-json\/wp\/v2\/product_brand?post=275152"},{"taxonomy":"product_cat","embeddable":true,"href":"https:\/\/nbg.eu\/pl\/wp-json\/wp\/v2\/product_cat?post=275152"},{"taxonomy":"product_tag","embeddable":true,"href":"https:\/\/nbg.eu\/pl\/wp-json\/wp\/v2\/product_tag?post=275152"}],"curies":[{"name":"wp","href":"https:\/\/api.w.org\/{rel}","templated":true}]}}