{"id":275991,"date":"2025-03-03T22:22:36","date_gmt":"2025-03-03T19:22:36","guid":{"rendered":"https:\/\/nbg.eu\/product\/qwik-dri-dry-lubricant-1-oz\/"},"modified":"2026-01-21T11:41:29","modified_gmt":"2026-01-21T08:41:29","slug":"qwik-dri-dry-lubricant-1-oz","status":"publish","type":"product","link":"https:\/\/nbg.eu\/pl\/produkt\/qwik-dri-dry-lubricant-1-oz\/","title":{"rendered":"QWIK-DRI DRY LUBRICANT, 1 Oz"},"content":{"rendered":"<h2>QWIK-DRI SUCHY SMAR, 30 ml<\/h2>\n<p>Bore Tech Qwik-Dri\u2122 to suchy smar do broni palnej. Ta butelka 30 ml zawiera formu\u0142\u0119 z submikronowych cz\u0105stek PTFE w szybko odparowuj\u0105cym no\u015bniku.<\/p>\n<ul>\n<li>Wnika g\u0142\u0119boko w pory metalu<\/li>\n<li>Tworzy trwa\u0142\u0105 such\u0105 warstw\u0119<\/li>\n<li>Dzia\u0142a w ekstremalnych temperaturach (od -73\u00b0C do 316\u00b0C)<\/li>\n<li>Zmniejsza tarcie i zu\u017cycie o 95%<\/li>\n<li>Odpycha kurz i brud<\/li>\n<li>Aplikacja bez oleju i ba\u0142aganu<\/li>\n<\/ul>\n<p>Nadaje si\u0119 do zamk\u00f3w pistolet\u00f3w, spust\u00f3w, zamk\u00f3w karabin\u00f3w, magazynk\u00f3w i innych. Qwik-Dri\u2122 zapewnia p\u0142ynne dzia\u0142anie. Odpowiedni do broni noszonej w kaburze, nie plami ubra\u0144. Wyprodukowano w USA.<\/p>\n<p><strong>Wybierz Bore Tech Qwik-Dri\u2122.<\/strong><\/p>\n","protected":false},"excerpt":{"rendered":"<p>QWIK-DRI: Szybkoschn\u0105cy smar PTFE do ekstremalnych temperatur. Odpycha brud.<\/p>\n","protected":false},"featured_media":235683,"template":"","meta":{"_acf_changed":false},"product_brand":[11165],"product_cat":[12565,12578,12638],"product_tag":[],"class_list":{"0":"post-275991","1":"product","2":"type-product","3":"status-publish","4":"has-post-thumbnail","6":"product_brand-boretech","7":"product_cat-czyszczenie-broni","8":"product_cat-smary","9":"product_cat-srodki-czyszczace","11":"first","12":"instock","13":"taxable","14":"shipping-taxable","15":"purchasable","16":"product-type-simple"},"acf":[],"_links":{"self":[{"href":"https:\/\/nbg.eu\/pl\/wp-json\/wp\/v2\/product\/275991","targetHints":{"allow":["GET"]}}],"collection":[{"href":"https:\/\/nbg.eu\/pl\/wp-json\/wp\/v2\/product"}],"about":[{"href":"https:\/\/nbg.eu\/pl\/wp-json\/wp\/v2\/types\/product"}],"wp:featuredmedia":[{"embeddable":true,"href":"https:\/\/nbg.eu\/pl\/wp-json\/wp\/v2\/media\/235683"}],"wp:attachment":[{"href":"https:\/\/nbg.eu\/pl\/wp-json\/wp\/v2\/media?parent=275991"}],"wp:term":[{"taxonomy":"product_brand","embeddable":true,"href":"https:\/\/nbg.eu\/pl\/wp-json\/wp\/v2\/product_brand?post=275991"},{"taxonomy":"product_cat","embeddable":true,"href":"https:\/\/nbg.eu\/pl\/wp-json\/wp\/v2\/product_cat?post=275991"},{"taxonomy":"product_tag","embeddable":true,"href":"https:\/\/nbg.eu\/pl\/wp-json\/wp\/v2\/product_tag?post=275991"}],"curies":[{"name":"wp","href":"https:\/\/api.w.org\/{rel}","templated":true}]}}