{"id":277935,"date":"2025-03-07T22:09:14","date_gmt":"2025-03-07T19:09:14","guid":{"rendered":"https:\/\/nbg.eu\/product\/vortex-strike-eagle-1-8x24-ffp\/"},"modified":"2026-01-21T11:46:18","modified_gmt":"2026-01-21T08:46:18","slug":"vortex-strike-eagle-1-8x24-ffp","status":"publish","type":"product","link":"https:\/\/nbg.eu\/pl\/produkt\/vortex-strike-eagle-1-8x24-ffp\/","title":{"rendered":"Vortex &#8211; Strike Eagle\u00ae &#8211; 1-8&#215;24 FFP"},"content":{"rendered":"<div class=\"product-description\">\n<h1>Vortex &#8211; Strike Eagle\u00ae &#8211; 1-8&#215;24 FFP<\/h1>\n<p>Strike Eagle\u00ae to luneta o wszechstronnym zastosowaniu i wysokiej wydajno\u015bci optycznej. Konstrukcja jest wytrzyma\u0142a, szk\u0142o wysokiej jako\u015bci, a zaawansowane funkcje umo\u017cliwiaj\u0105 u\u017cycie w r\u00f3\u017cnych scenariuszach, w tym na dystansach do 1000 jard\u00f3w.<\/p>\n<h2>G\u0142\u00f3wne cechy:<\/h2>\n<ul>\n<li>Powi\u0119kszenie: 1-8x<\/li>\n<li>\u015arednica obiektywu: 24 mm<\/li>\n<li>Pierwsza p\u0142aszczyzna ogniskowa (FFP)<\/li>\n<li>Siatka celownicza EBR-8 MOA<\/li>\n<li>Odleg\u0142o\u015b\u0107 od oka: 3,9&#8243;<\/li>\n<li>Pole widzenia: 113,6&#8242; &#8211; 14,1&#8242; @ 100 jard\u00f3w<\/li>\n<li>Rozmiar tuby: 30 mm<\/li>\n<li>Regulacja: 1\/4 MOA<\/li>\n<li>Maksymalna regulacja w pionie i poziomie: 145 MOA<\/li>\n<li>Waga: 23,9 uncji<\/li>\n<\/ul>\n<h2>Siatka celownicza EBR-8:<\/h2>\n<p>Siatka EBR-8 MOA w pierwszej p\u0142aszczy\u017anie ogniskowej, trawiona w szkle i pod\u015bwietlana, umo\u017cliwia szybkie strzelanie od bliskiej odleg\u0142o\u015bci do 600 jard\u00f3w z popularnymi \u0142adunkami .223\/5,56mm i .308\/7,62mm. Mo\u017ce by\u0107 u\u017cywana z innymi kalibrami i \u0142adunkami przy u\u017cyciu znacznik\u00f3w BDC.<\/p>\n<h2>Wytrzyma\u0142o\u015b\u0107 i przejrzysto\u015b\u0107:<\/h2>\n<ul>\n<li>Konstrukcja z aluminium lotniczego<\/li>\n<li>Pow\u0142oka ArmorTek\u00ae odporna na zarysowania<\/li>\n<li>Soczewki w pe\u0142ni wielowarstwowe dla optymalnej transmisji \u015bwiat\u0142a<\/li>\n<li>Konstrukcja odporna na wstrz\u0105sy<\/li>\n<\/ul>\n<h2>Dodatkowe funkcje:<\/h2>\n<ul>\n<li>Zakryte pokr\u0119t\u0142a regulacyjne<\/li>\n<li>25 MOA na obr\u00f3t<\/li>\n<li>Ustawienie paralaksy: 125 jard\u00f3w<\/li>\n<li>Do\u0142\u0105czona d\u017awignia do szybkiej regulacji powi\u0119kszenia<\/li>\n<\/ul>\n<p>Vortex Strike Eagle\u00ae 1-8&#215;24 FFP to luneta dla strzelc\u00f3w poszukuj\u0105cych wszechstronnej optyki o wysokiej wydajno\u015bci, odpowiedniej do r\u00f3\u017cnych scenariuszy strzeleckich.<\/p>\n<\/div>\n","protected":false},"excerpt":{"rendered":"<p>Wszechstronny celownik optyczny 1-8&#215;24 FFP z siatk\u0105 celownicz\u0105 EBR-8. Wytrzyma\u0142a, wysokiej jako\u015bci optyka do strzelectwa taktycznego.<\/p>\n","protected":false},"featured_media":249210,"template":"","meta":{"_acf_changed":false},"product_brand":[11972],"product_cat":[12574,12587],"product_tag":[],"class_list":{"0":"post-277935","1":"product","2":"type-product","3":"status-publish","4":"has-post-thumbnail","6":"product_brand-vortex","7":"product_cat-celowanie","8":"product_cat-optyka-powiekszajaca","10":"first","11":"outofstock","12":"taxable","13":"shipping-taxable","14":"purchasable","15":"product-type-simple"},"acf":[],"_links":{"self":[{"href":"https:\/\/nbg.eu\/pl\/wp-json\/wp\/v2\/product\/277935","targetHints":{"allow":["GET"]}}],"collection":[{"href":"https:\/\/nbg.eu\/pl\/wp-json\/wp\/v2\/product"}],"about":[{"href":"https:\/\/nbg.eu\/pl\/wp-json\/wp\/v2\/types\/product"}],"wp:featuredmedia":[{"embeddable":true,"href":"https:\/\/nbg.eu\/pl\/wp-json\/wp\/v2\/media\/249210"}],"wp:attachment":[{"href":"https:\/\/nbg.eu\/pl\/wp-json\/wp\/v2\/media?parent=277935"}],"wp:term":[{"taxonomy":"product_brand","embeddable":true,"href":"https:\/\/nbg.eu\/pl\/wp-json\/wp\/v2\/product_brand?post=277935"},{"taxonomy":"product_cat","embeddable":true,"href":"https:\/\/nbg.eu\/pl\/wp-json\/wp\/v2\/product_cat?post=277935"},{"taxonomy":"product_tag","embeddable":true,"href":"https:\/\/nbg.eu\/pl\/wp-json\/wp\/v2\/product_tag?post=277935"}],"curies":[{"name":"wp","href":"https:\/\/api.w.org\/{rel}","templated":true}]}}