{"id":282091,"date":"2025-03-06T10:01:39","date_gmt":"2025-03-24T12:41:30","guid":{"rendered":"https:\/\/nbg.eu\/product\/clawgear-m-lok-10-slot-rail-qd-integrated\/"},"modified":"2026-05-13T16:48:37","modified_gmt":"2026-05-13T13:48:37","slug":"clawgear-m-lok-10-slot-rail-qd-integrated","status":"publish","type":"product","link":"https:\/\/nbg.eu\/pl\/produkt\/clawgear-m-lok-10-slot-rail-qd-integrated\/","title":{"rendered":"Clawgear M-LOK 10 Slot Rail QD integrated"},"content":{"rendered":"<h2>Szyna Picatinny M-LOK 10 gniazd z zintegrowanym mocowaniem QD<\/h2>\n<p>Szyna Picatinny do interfejsu M-LOK. Posiada 10 gniazd i zintegrowany punkt monta\u017cowy QD dla zaczep\u00f3w pasa. Wykonana z aluminium z anodowanym wyko\u0144czeniem spe\u0142niaj\u0105cym wymagania wojskowe.<\/p>\n<ul>\n<li>Zawiera elementy monta\u017cowe ze stalowymi nakr\u0119tkami T<\/li>\n<li>Odporna na korozj\u0119<\/li>\n<li>Maksymalny moment obrotowy: 4Nm lub 35in\/lb<\/li>\n<\/ul>\n<p><strong>Wskaz\u00f3wka:<\/strong> U\u017cyj kr\u00f3tkiego ramienia klucza imbusowego do dokr\u0119cania, je\u015bli nie masz klucza dynamometrycznego.<\/p>\n<p><em>Wymiary (zapakowanego):<\/em> 17 x 10,7 x 1 cm<br \/>\n<em>Waga:<\/em> 45g (53g zapakowany)<\/p>\n","protected":false},"excerpt":{"rendered":"<p>Szyna Picatinny M-LOK z 10 slotami i mocowaniem QD. Wytrzyma\u0142e aluminium.<\/p>\n","protected":false},"featured_media":240510,"template":"","meta":{"_acf_changed":false},"product_brand":[11227],"product_cat":[12623,14959,12559,12637,12584],"product_tag":[],"class_list":{"0":"post-282091","1":"product","2":"type-product","3":"status-publish","4":"has-post-thumbnail","6":"product_brand-clawgear","7":"product_cat-karabin","8":"product_cat-m-lok-rail-systems-pl","9":"product_cat-przyczepy","10":"product_cat-szyny-montazowe","11":"product_cat-tuning-karabinowy","13":"first","14":"instock","15":"taxable","16":"shipping-taxable","17":"purchasable","18":"product-type-simple"},"acf":[],"_links":{"self":[{"href":"https:\/\/nbg.eu\/pl\/wp-json\/wp\/v2\/product\/282091","targetHints":{"allow":["GET"]}}],"collection":[{"href":"https:\/\/nbg.eu\/pl\/wp-json\/wp\/v2\/product"}],"about":[{"href":"https:\/\/nbg.eu\/pl\/wp-json\/wp\/v2\/types\/product"}],"wp:featuredmedia":[{"embeddable":true,"href":"https:\/\/nbg.eu\/pl\/wp-json\/wp\/v2\/media\/240510"}],"wp:attachment":[{"href":"https:\/\/nbg.eu\/pl\/wp-json\/wp\/v2\/media?parent=282091"}],"wp:term":[{"taxonomy":"product_brand","embeddable":true,"href":"https:\/\/nbg.eu\/pl\/wp-json\/wp\/v2\/product_brand?post=282091"},{"taxonomy":"product_cat","embeddable":true,"href":"https:\/\/nbg.eu\/pl\/wp-json\/wp\/v2\/product_cat?post=282091"},{"taxonomy":"product_tag","embeddable":true,"href":"https:\/\/nbg.eu\/pl\/wp-json\/wp\/v2\/product_tag?post=282091"}],"curies":[{"name":"wp","href":"https:\/\/api.w.org\/{rel}","templated":true}]}}