{"id":283962,"date":"2025-03-05T10:31:40","date_gmt":"2025-03-05T07:31:40","guid":{"rendered":"https:\/\/nbg.eu\/product\/magpul-daka-window-pouch-medium\/"},"modified":"2026-01-21T11:43:14","modified_gmt":"2026-01-21T08:43:14","slug":"magpul-daka-window-pouch-medium","status":"publish","type":"product","link":"https:\/\/nbg.eu\/pl\/produkt\/magpul-daka-window-pouch-medium\/","title":{"rendered":"Magpul &#8211; DAKA\u00ae Window Pouch, Medium"},"content":{"rendered":"<h2>Magpul &#8211; DAKA\u00ae Etui z Okienkiem, \u015arednie<\/h2>\n<p>Przechowuj swoje przedmioty bezpiecznie i sucho w wodoodpornym etui Magpul DAKA\u00ae z okienkiem. To \u015bredniej wielko\u015bci etui posiada:<\/p>\n<ul>\n<li>Zamki b\u0142yskawiczne z boku o klasie IPX7 zapewniaj\u0105ce pe\u0142n\u0105 wodoodporno\u015b\u0107<\/li>\n<li>Wytrzyma\u0142e sznurki do zamk\u00f3w z linki spadochronowej 550 z rurk\u0105 termokurczliw\u0105<\/li>\n<li>Przezroczyste okienko do \u0142atwej identyfikacji zawarto\u015bci<\/li>\n<li>Dwa bardzo du\u017ce otwory na karabi\u0144czyki do wszechstronnego mocowania<\/li>\n<li>Mocna konstrukcja zgrzewana radiowo z nieprzepuszczalnymi uszczelnieniami<\/li>\n<li>Materia\u0142 wzmocniony polimerem dla dodatkowej ochrony<\/li>\n<\/ul>\n<p>Wymiary: 17,8 cm x 30,5 cm (zewn\u0119trzne), 17,1 cm x 29,8 cm (wewn\u0119trzne)<\/p>\n<p>Etui DAKA\u00ae z okienkiem jest przydatne, gdy istnieje mo\u017cliwo\u015b\u0107 zanurzenia w wodzie. Jego konstrukcja i funkcje sprawiaj\u0105, \u017ce nadaje si\u0119 do przechowywania rzeczy w r\u00f3\u017cnych warunkach.<\/p>\n","protected":false},"excerpt":{"rendered":"<p>Wodoodporne etui z okienkiem u\u0142atwiaj\u0105cym identyfikacj\u0119. Wytrzyma\u0142e, mo\u017cliwo\u015b\u0107 zanurzenia w wodzie.<\/p>\n","protected":false},"featured_media":237807,"template":"","meta":{"_acf_changed":false},"product_brand":[11554],"product_cat":[12621,12631],"product_tag":[],"class_list":{"0":"post-283962","1":"product","2":"type-product","3":"status-publish","4":"has-post-thumbnail","6":"product_brand-magpul","7":"product_cat-ladownice","8":"product_cat-wyposazenie","10":"first","11":"instock","12":"taxable","13":"shipping-taxable","14":"purchasable","15":"product-type-simple"},"acf":[],"_links":{"self":[{"href":"https:\/\/nbg.eu\/pl\/wp-json\/wp\/v2\/product\/283962","targetHints":{"allow":["GET"]}}],"collection":[{"href":"https:\/\/nbg.eu\/pl\/wp-json\/wp\/v2\/product"}],"about":[{"href":"https:\/\/nbg.eu\/pl\/wp-json\/wp\/v2\/types\/product"}],"wp:featuredmedia":[{"embeddable":true,"href":"https:\/\/nbg.eu\/pl\/wp-json\/wp\/v2\/media\/237807"}],"wp:attachment":[{"href":"https:\/\/nbg.eu\/pl\/wp-json\/wp\/v2\/media?parent=283962"}],"wp:term":[{"taxonomy":"product_brand","embeddable":true,"href":"https:\/\/nbg.eu\/pl\/wp-json\/wp\/v2\/product_brand?post=283962"},{"taxonomy":"product_cat","embeddable":true,"href":"https:\/\/nbg.eu\/pl\/wp-json\/wp\/v2\/product_cat?post=283962"},{"taxonomy":"product_tag","embeddable":true,"href":"https:\/\/nbg.eu\/pl\/wp-json\/wp\/v2\/product_tag?post=283962"}],"curies":[{"name":"wp","href":"https:\/\/api.w.org\/{rel}","templated":true}]}}