{"id":284924,"date":"2024-01-30T18:08:20","date_gmt":"2024-01-30T18:08:20","guid":{"rendered":"https:\/\/nbg.eu\/product\/area-419-mini-pad-the-gripchanger\/"},"modified":"2026-01-21T12:04:24","modified_gmt":"2026-01-21T09:04:24","slug":"area-419-mini-pad-the-gripchanger","status":"publish","type":"product","link":"https:\/\/nbg.eu\/pl\/produkt\/area-419-mini-pad-the-gripchanger\/","title":{"rendered":"Area 419 &#8211; Mini Pad, The GripChanger"},"content":{"rendered":"<div class=\"product-description\">\n<h2>Area 419 &#8211; Mini Pad, GripChanger<\/h2>\n<p>GripChanger to nowy dodatek do naszej linii RailChanger. Ta kompaktowa, przyczepna i g\u0119sto wype\u0142niona torba jest rozwi\u0105zaniem do szybkiego budowania pozycji lub u\u017cycia w ma\u0142ych otworach.<\/p>\n<h3>Cechy:<\/h3>\n<ul>\n<li>Wa\u017cy oko\u0142o 1 funt<\/li>\n<li>Przylega do ka\u017cdej powierzchni<\/li>\n<li>Zapewnia stabiln\u0105 platform\u0119 do szybkiego ustawiania<\/li>\n<\/ul>\n<h3>Zestaw zawiera:<\/h3>\n<ul>\n<li>1 Torb\u0119 GripChanger Area 419<\/li>\n<li>1 Zacisk ARCALOCK<\/li>\n<li>1 Rami\u0119 Rail Changer Area 419<\/li>\n<\/ul>\n<h3>Specyfikacja:<\/h3>\n<ul>\n<li>Waga: 1 funt<\/li>\n<li>Wymiary: 10 \u00d7 3 \u00d7 2 cale<\/li>\n<li>Producent: Armageddon Gear<\/li>\n<\/ul>\n<\/div>\n","protected":false},"excerpt":{"rendered":"<p>\u201eKompaktowa, zapewniaj\u0105ca pewny chwyt torba o wadze 1 funta do szybkiego ustawiania stabilnych pozycji strzeleckich. Zawiera zacisk i rami\u0119.&#8221;<\/p>\n","protected":false},"featured_media":233573,"template":"","meta":{"_acf_changed":false},"product_brand":[11047],"product_cat":[12623],"product_tag":[],"class_list":{"0":"post-284924","1":"product","2":"type-product","3":"status-publish","4":"has-post-thumbnail","6":"product_brand-area-419","7":"product_cat-karabin","9":"first","10":"instock","11":"taxable","12":"shipping-taxable","13":"purchasable","14":"product-type-simple"},"acf":[],"_links":{"self":[{"href":"https:\/\/nbg.eu\/pl\/wp-json\/wp\/v2\/product\/284924","targetHints":{"allow":["GET"]}}],"collection":[{"href":"https:\/\/nbg.eu\/pl\/wp-json\/wp\/v2\/product"}],"about":[{"href":"https:\/\/nbg.eu\/pl\/wp-json\/wp\/v2\/types\/product"}],"wp:featuredmedia":[{"embeddable":true,"href":"https:\/\/nbg.eu\/pl\/wp-json\/wp\/v2\/media\/233573"}],"wp:attachment":[{"href":"https:\/\/nbg.eu\/pl\/wp-json\/wp\/v2\/media?parent=284924"}],"wp:term":[{"taxonomy":"product_brand","embeddable":true,"href":"https:\/\/nbg.eu\/pl\/wp-json\/wp\/v2\/product_brand?post=284924"},{"taxonomy":"product_cat","embeddable":true,"href":"https:\/\/nbg.eu\/pl\/wp-json\/wp\/v2\/product_cat?post=284924"},{"taxonomy":"product_tag","embeddable":true,"href":"https:\/\/nbg.eu\/pl\/wp-json\/wp\/v2\/product_tag?post=284924"}],"curies":[{"name":"wp","href":"https:\/\/api.w.org\/{rel}","templated":true}]}}