{"id":285690,"date":"2025-03-06T23:26:40","date_gmt":"2025-03-06T20:26:40","guid":{"rendered":"https:\/\/nbg.eu\/product\/clawgear-bulgaria-flag-patch\/"},"modified":"2026-01-21T11:53:45","modified_gmt":"2026-01-21T08:53:45","slug":"clawgear-bulgaria-flag-patch","status":"publish","type":"product","link":"https:\/\/nbg.eu\/pl\/produkt\/clawgear-bulgaria-flag-patch\/","title":{"rendered":"Clawgear &#8211; Bulgaria Flag Patch"},"content":{"rendered":"<div class=\"product-description\">\n<h2>Naszywka z flag\u0105 Bu\u0142garii Clawgear<\/h2>\n<\/ul>\n<h3>Wymiary:<\/h3>\n<ul>\n<li>D\u0142ugo\u015b\u0107: 5 cm<\/li>\n<li>Szeroko\u015b\u0107: 7,5 cm<\/li>\n<li>Wysoko\u015b\u0107: 0,1 cm<\/li>\n<li>Waga: 0,003 kg<\/li>\n<\/ul>\n","protected":false},"excerpt":{"rendered":"<p>I apologize, but there&#8217;s no product description provided in your message for me to translate. If you&#8217;d like me to translate a specific product description to Polish, please provide the text and I&#8217;ll be happy to assist you.<\/p>\n","protected":false},"featured_media":245446,"template":"","meta":{"_acf_changed":false},"product_brand":[11227],"product_cat":[12631],"product_tag":[],"class_list":{"0":"post-285690","1":"product","2":"type-product","3":"status-publish","4":"has-post-thumbnail","6":"product_brand-clawgear","7":"product_cat-wyposazenie","9":"first","10":"outofstock","11":"taxable","12":"shipping-taxable","13":"purchasable","14":"product-type-simple"},"acf":[],"_links":{"self":[{"href":"https:\/\/nbg.eu\/pl\/wp-json\/wp\/v2\/product\/285690","targetHints":{"allow":["GET"]}}],"collection":[{"href":"https:\/\/nbg.eu\/pl\/wp-json\/wp\/v2\/product"}],"about":[{"href":"https:\/\/nbg.eu\/pl\/wp-json\/wp\/v2\/types\/product"}],"wp:featuredmedia":[{"embeddable":true,"href":"https:\/\/nbg.eu\/pl\/wp-json\/wp\/v2\/media\/245446"}],"wp:attachment":[{"href":"https:\/\/nbg.eu\/pl\/wp-json\/wp\/v2\/media?parent=285690"}],"wp:term":[{"taxonomy":"product_brand","embeddable":true,"href":"https:\/\/nbg.eu\/pl\/wp-json\/wp\/v2\/product_brand?post=285690"},{"taxonomy":"product_cat","embeddable":true,"href":"https:\/\/nbg.eu\/pl\/wp-json\/wp\/v2\/product_cat?post=285690"},{"taxonomy":"product_tag","embeddable":true,"href":"https:\/\/nbg.eu\/pl\/wp-json\/wp\/v2\/product_tag?post=285690"}],"curies":[{"name":"wp","href":"https:\/\/api.w.org\/{rel}","templated":true}]}}