{"id":288300,"date":"2025-03-06T13:32:44","date_gmt":"2025-03-06T10:32:44","guid":{"rendered":"https:\/\/nbg.eu\/prodcut\/ftcs-custom-ak-mod-7-handguard-m-lok-short-forward-curved\/"},"modified":"2026-05-13T16:48:14","modified_gmt":"2026-05-13T13:48:14","slug":"ftcs-custom-ak-mod-7-handguard-m-lok-short-forward-curved","status":"publish","type":"product","link":"https:\/\/nbg.eu\/pl\/produkt\/ftcs-custom-ak-mod-7-handguard-m-lok-short-forward-curved\/","title":{"rendered":"FTCS &#8211; Custom AK Mod 7 Handguard &#8211; M-LOK &#8211; Short Forward Curved"},"content":{"rendered":"<div class=\"product-description\">\n<h2>FTCS &#8211; Niestandardowa \u0142o\u017ce AK Mod 7 &#8211; M-LOK &#8211; Kr\u00f3tkie, zakrzywione do przodu<\/h2>\n<p>Niestandardowe \u0142o\u017ce AK Mod 7 z kr\u00f3tkim, zakrzywionym do przodu designem. Drewniane \u0142o\u017ce \u0142\u0105czy klasyczny wygl\u0105d z nowoczesn\u0105 funkcjonalno\u015bci\u0105.<\/p>\n<h2>G\u0142\u00f3wne cechy:<\/h2>\n<ul>\n<li>Kr\u00f3tki, zakrzywiony do przodu chwyt przedni<\/li>\n<li>Lekka drewniana konstrukcja (180g)<\/li>\n<li>Zintegrowane aluminiowe szyny M-LOK do monta\u017cu akcesori\u00f3w<\/li>\n<li>Kompatybilne z karabinkami AKM, AKMS i AKMN (mo\u017ce wymaga\u0107 dopasowania)<\/li>\n<li>Wyko\u0144czenie Cerakote w kolorze grafitowym czarnym H-146<\/li>\n<\/ul>\n<p>Drewniane \u0142o\u017ce wyposa\u017cone w system M-LOK. Umo\u017cliwia monta\u017c nowoczesnych akcesori\u00f3w, takich jak latarki i lasery. Uwaga: Niekompatybilne z frezowanymi karabinkami AK bez modyfikacji.<\/p>\n<p>Wymiary: 160 x 120 x 35 mm<\/p>\n<\/div>\n","protected":false},"excerpt":{"rendered":"<p>\u0141o\u017ce FTCS AK Mod 7: Kr\u00f3tkie, zakrzywione drewniane z szynami M-LOK.<\/p>\n","protected":false},"featured_media":241211,"template":"","meta":{"_acf_changed":false},"product_brand":[11320],"product_cat":[12623,14806,14828,12637,12584],"product_tag":[],"class_list":{"0":"post-288300","1":"product","2":"type-product","3":"status-publish","4":"has-post-thumbnail","6":"product_brand-ftcs","7":"product_cat-karabin","8":"product_cat-oslony-dloni","9":"product_cat-oslony-dloni-ak","10":"product_cat-szyny-montazowe","11":"product_cat-tuning-karabinowy","13":"first","14":"outofstock","15":"taxable","16":"shipping-taxable","17":"purchasable","18":"product-type-simple"},"acf":[],"_links":{"self":[{"href":"https:\/\/nbg.eu\/pl\/wp-json\/wp\/v2\/product\/288300","targetHints":{"allow":["GET"]}}],"collection":[{"href":"https:\/\/nbg.eu\/pl\/wp-json\/wp\/v2\/product"}],"about":[{"href":"https:\/\/nbg.eu\/pl\/wp-json\/wp\/v2\/types\/product"}],"wp:featuredmedia":[{"embeddable":true,"href":"https:\/\/nbg.eu\/pl\/wp-json\/wp\/v2\/media\/241211"}],"wp:attachment":[{"href":"https:\/\/nbg.eu\/pl\/wp-json\/wp\/v2\/media?parent=288300"}],"wp:term":[{"taxonomy":"product_brand","embeddable":true,"href":"https:\/\/nbg.eu\/pl\/wp-json\/wp\/v2\/product_brand?post=288300"},{"taxonomy":"product_cat","embeddable":true,"href":"https:\/\/nbg.eu\/pl\/wp-json\/wp\/v2\/product_cat?post=288300"},{"taxonomy":"product_tag","embeddable":true,"href":"https:\/\/nbg.eu\/pl\/wp-json\/wp\/v2\/product_tag?post=288300"}],"curies":[{"name":"wp","href":"https:\/\/api.w.org\/{rel}","templated":true}]}}