{"id":31320,"date":"2024-08-18T22:46:48","date_gmt":"2024-08-18T19:46:48","guid":{"rendered":"https:\/\/nbg.eu\/product\/produkt-4\/"},"modified":"2026-05-13T16:01:19","modified_gmt":"2026-05-13T13:01:19","slug":"produkt-4","status":"publish","type":"product","link":"https:\/\/nbg.eu\/pl\/produkt\/produkt-4\/","title":{"rendered":"Produkt"},"content":{"rendered":"<div class=\"product-description\">\n<h2>Wk\u0142adki kolorowe do kabury Flex<\/h2>\n<p>Dostosuj swoj\u0105 kabur\u0119 Flex za pomoc\u0105 tych plastikowych wk\u0142adek z logo wyci\u0119tych laserowo. Dost\u0119pne w r\u00f3\u017cnych kolorach, te wk\u0142adki dodaj\u0105 osobisty akcent do twojej kabury.<\/p>\n<ul>\n<li>\u0141atwa instalacja dzi\u0119ki ta\u015bmie 3M<\/li>\n<li>Mo\u017cliwo\u015b\u0107 usuni\u0119cia w celu zmiany koloru (mog\u0105 ulec uszkodzeniu podczas usuwania)<\/li>\n<li>Do\u0142\u0105czona przezroczysta folia ochronna (mo\u017cna usun\u0105\u0107 dla lepszego wygl\u0105du)<\/li>\n<\/ul>\n<p>Wybierz spo\u015br\u00f3d naszej oferty kolor\u00f3w:<\/p>\n<ul class=\"color-options\">\n<li>Czarny<\/li>\n<li>Niebieski<\/li>\n<li>Miedziany<\/li>\n<li>Z\u0142oty<\/li>\n<li>Pomara\u0144czowy<\/li>\n<li>Czerwony<\/li>\n<li>Srebrny<\/li>\n<li>\u017b\u00f3\u0142ty<\/li>\n<\/ul>\n<p>Zmie\u0144 wygl\u0105d swojej kabury Flex za pomoc\u0105 tych kolorowych wk\u0142adek.<\/p>\n<\/div>\n","protected":false},"excerpt":{"rendered":"<p>Personalizowane kolorowe wk\u0142adki do kabury Flex Holster: \u0142atwe w instalacji, zdejmowalne.<\/p>\n","protected":false},"featured_media":29705,"template":"","meta":{"_acf_changed":false},"product_brand":[11278],"product_cat":[12604,12629,12610],"product_tag":[],"class_list":{"0":"post-31320","1":"product","2":"type-product","3":"status-publish","4":"has-post-thumbnail","6":"product_brand-doublealpha","7":"product_cat-akcesoria-do-kabur","8":"product_cat-kabura","9":"product_cat-kabura-sportowa","11":"first","12":"instock","13":"taxable","14":"shipping-taxable","15":"purchasable","16":"product-type-variable","17":"wvs-archive-product-wrapper"},"acf":[],"_links":{"self":[{"href":"https:\/\/nbg.eu\/pl\/wp-json\/wp\/v2\/product\/31320","targetHints":{"allow":["GET"]}}],"collection":[{"href":"https:\/\/nbg.eu\/pl\/wp-json\/wp\/v2\/product"}],"about":[{"href":"https:\/\/nbg.eu\/pl\/wp-json\/wp\/v2\/types\/product"}],"wp:featuredmedia":[{"embeddable":true,"href":"https:\/\/nbg.eu\/pl\/wp-json\/wp\/v2\/media\/29705"}],"wp:attachment":[{"href":"https:\/\/nbg.eu\/pl\/wp-json\/wp\/v2\/media?parent=31320"}],"wp:term":[{"taxonomy":"product_brand","embeddable":true,"href":"https:\/\/nbg.eu\/pl\/wp-json\/wp\/v2\/product_brand?post=31320"},{"taxonomy":"product_cat","embeddable":true,"href":"https:\/\/nbg.eu\/pl\/wp-json\/wp\/v2\/product_cat?post=31320"},{"taxonomy":"product_tag","embeddable":true,"href":"https:\/\/nbg.eu\/pl\/wp-json\/wp\/v2\/product_tag?post=31320"}],"curies":[{"name":"wp","href":"https:\/\/api.w.org\/{rel}","templated":true}]}}