{"id":411058,"date":"2025-05-09T10:48:08","date_gmt":"2025-05-09T07:48:08","guid":{"rendered":"https:\/\/nbg.eu\/product\/surefire-ep7-bk-mpr-bulk-ear-plugs\/"},"modified":"2026-05-13T15:11:02","modified_gmt":"2026-05-13T12:11:02","slug":"surefire-ep7-bk-mpr-bulk-ear-plugs","status":"publish","type":"product","link":"https:\/\/nbg.eu\/pl\/produkt\/surefire-ep7-bk-mpr-bulk-ear-plugs\/","title":{"rendered":"Surefire EP7-BK-MPR-BULK Ear Plugs"},"content":{"rendered":"<div class=\"product-description\">\n<h2>Zatyczki do uszu Surefire EP7-BK-MPR-BULK<\/h2>\n<h2>Zaawansowana ochrona s\u0142uchu<\/h2>\n<p>Zatyczki do uszu Surefire EP7 Sonic Defenders Ultra zapewniaj\u0105 ochron\u0119 s\u0142uchu bez utraty mo\u017cliwo\u015bci s\u0142yszenia wa\u017cnych d\u017awi\u0119k\u00f3w. Z wsp\u00f3\u0142czynnikiem redukcji ha\u0142asu (NRR) 28 dB, te zatyczki skutecznie chroni\u0105 przed utrat\u0105 s\u0142uchu spowodowan\u0105 ha\u0142asem (NIHL).<\/p>\n<h3>G\u0142\u00f3wne cechy:<\/h3>\n<ul>\n<li>Opatentowana konstrukcja z ko\u0144c\u00f3wkami z pianki pami\u0119ciowej Comply\u2122<\/li>\n<li>28 dB wsp\u00f3\u0142czynnik redukcji ha\u0142asu (NRR) z za\u0142o\u017conymi nak\u0142adkami filtruj\u0105cymi<\/li>\n<li>Przepuszcza bezpieczne poziomy d\u017awi\u0119ku, redukuj\u0105c szkodliwe ha\u0142asy powy\u017cej 85 dB<\/li>\n<li>Pier\u015bcienie mocuj\u0105ce EarLock\u00ae z siedmioma punktami kontaktu dla pewnego dopasowania<\/li>\n<li>Wykonane z hipoalergicznego polimeru klasy medycznej<\/li>\n<li>Niskoprofilowa konstrukcja kompatybilna z maskami, he\u0142mami i s\u0142uchawkami<\/li>\n<li>Do\u0142\u0105czane nak\u0142adki filtruj\u0105ce dla dodatkowej ochrony w \u015brodowiskach o wysokim nat\u0119\u017ceniu ha\u0142asu<\/li>\n<li>Kompatybilne z r\u00f3\u017cnymi systemami komunikacji radiowej<\/li>\n<\/ul>\n<h3>Dodatkowe informacje:<\/h3>\n<ul>\n<li>Dost\u0119pne w kolorach: przezroczystym, czarnym lub pomara\u0144czowym<\/li>\n<li>W zestawie smycz polimerowa 66 cm i dodatkowa para ko\u0144c\u00f3wek Comply\u2122<\/li>\n<li>Rozmiary: Ma\u0142y (S), \u015aredni (M) i Du\u017cy (L)<\/li>\n<li>Deklaracja zgodno\u015bci dost\u0119pna na surefire.com\/doc-ep7<\/li>\n<\/ul>\n<p>Zatyczki do uszu Surefire EP7 Sonic Defenders Ultra s\u0105 odpowiednie do u\u017cytku profesjonalnego i rekreacyjnego, zapewniaj\u0105c ochron\u0119 s\u0142uchu.<\/p>\n<\/div>\n","protected":false},"excerpt":{"rendered":"<p>Zatyczki ochronne do uszu o wsp\u00f3\u0142czynniku t\u0142umienia ha\u0142asu (NRR) 28 dB. Przepuszczaj\u0105 bezpieczne d\u017awi\u0119ki. Wygodne piankowe ko\u0144c\u00f3wki.<\/p>\n","protected":false},"featured_media":399772,"template":"","meta":{"_acf_changed":false},"product_brand":[11876],"product_cat":[12592],"product_tag":[],"class_list":{"0":"post-411058","1":"product","2":"type-product","3":"status-publish","4":"has-post-thumbnail","6":"product_brand-surefire","7":"product_cat-ochrona-sluchu","9":"first","10":"instock","11":"taxable","12":"shipping-taxable","13":"purchasable","14":"product-type-simple"},"acf":[],"_links":{"self":[{"href":"https:\/\/nbg.eu\/pl\/wp-json\/wp\/v2\/product\/411058","targetHints":{"allow":["GET"]}}],"collection":[{"href":"https:\/\/nbg.eu\/pl\/wp-json\/wp\/v2\/product"}],"about":[{"href":"https:\/\/nbg.eu\/pl\/wp-json\/wp\/v2\/types\/product"}],"wp:featuredmedia":[{"embeddable":true,"href":"https:\/\/nbg.eu\/pl\/wp-json\/wp\/v2\/media\/399772"}],"wp:attachment":[{"href":"https:\/\/nbg.eu\/pl\/wp-json\/wp\/v2\/media?parent=411058"}],"wp:term":[{"taxonomy":"product_brand","embeddable":true,"href":"https:\/\/nbg.eu\/pl\/wp-json\/wp\/v2\/product_brand?post=411058"},{"taxonomy":"product_cat","embeddable":true,"href":"https:\/\/nbg.eu\/pl\/wp-json\/wp\/v2\/product_cat?post=411058"},{"taxonomy":"product_tag","embeddable":true,"href":"https:\/\/nbg.eu\/pl\/wp-json\/wp\/v2\/product_tag?post=411058"}],"curies":[{"name":"wp","href":"https:\/\/api.w.org\/{rel}","templated":true}]}}