{"id":414880,"date":"2025-07-03T13:21:39","date_gmt":"2025-07-03T10:21:39","guid":{"rendered":"https:\/\/nbg.eu\/product\/grip-kmr-l-dotmatrix-ergo-orange\/"},"modified":"2026-01-21T11:41:28","modified_gmt":"2026-01-21T08:41:28","slug":"grip-kmr-l-dotmatrix-ergo-orange","status":"publish","type":"product","link":"https:\/\/nbg.eu\/pl\/produkt\/grip-kmr-l-dotmatrix-ergo-orange\/","title":{"rendered":"Grip KMR L DOTMATRIX ERGO ORANGE"},"content":{"rendered":"<div class=\"product-description\">\n<h2>Chwyt KMR L DOTMATRIX ERGO POMARA\u0143CZOWY<\/h2>\n<p>Chwyt KMR Precision Arms DOTMATRIX ERGO. Ten pe\u0142nowymiarowy aluminiowy chwyt posiada:<\/p>\n<ul>\n<li>Ergonomiczny profil dla wygody<\/li>\n<li>Pomara\u0144czowy kolor<\/li>\n<li>Zaprojektowany bez studzienki magazynka<\/li>\n<li>Precyzyjnie wykonany<\/li>\n<\/ul>\n<p>Numer referencyjny: 0611-04001-0105<\/p>\n<\/div>\n","protected":false},"excerpt":{"rendered":"<p>Ergonomiczne aluminiowe chwyty z wypuk\u0142o\u015bci\u0105 na d\u0142o\u0144 do pistolet\u00f3w KMR.<\/p>\n","protected":false},"featured_media":359479,"template":"","meta":{"_acf_changed":false},"product_brand":[11510],"product_cat":[12573,14882],"product_tag":[],"class_list":{"0":"post-414880","1":"product","2":"type-product","3":"status-publish","4":"has-post-thumbnail","6":"product_brand-kmr-precision","7":"product_cat-czesci-kmr","8":"product_cat-pistol-grips-pl","10":"first","11":"instock","12":"taxable","13":"shipping-taxable","14":"purchasable","15":"product-type-simple"},"acf":[],"_links":{"self":[{"href":"https:\/\/nbg.eu\/pl\/wp-json\/wp\/v2\/product\/414880","targetHints":{"allow":["GET"]}}],"collection":[{"href":"https:\/\/nbg.eu\/pl\/wp-json\/wp\/v2\/product"}],"about":[{"href":"https:\/\/nbg.eu\/pl\/wp-json\/wp\/v2\/types\/product"}],"wp:featuredmedia":[{"embeddable":true,"href":"https:\/\/nbg.eu\/pl\/wp-json\/wp\/v2\/media\/359479"}],"wp:attachment":[{"href":"https:\/\/nbg.eu\/pl\/wp-json\/wp\/v2\/media?parent=414880"}],"wp:term":[{"taxonomy":"product_brand","embeddable":true,"href":"https:\/\/nbg.eu\/pl\/wp-json\/wp\/v2\/product_brand?post=414880"},{"taxonomy":"product_cat","embeddable":true,"href":"https:\/\/nbg.eu\/pl\/wp-json\/wp\/v2\/product_cat?post=414880"},{"taxonomy":"product_tag","embeddable":true,"href":"https:\/\/nbg.eu\/pl\/wp-json\/wp\/v2\/product_tag?post=414880"}],"curies":[{"name":"wp","href":"https:\/\/api.w.org\/{rel}","templated":true}]}}