{"id":44360,"date":"2024-08-18T19:23:04","date_gmt":"2024-08-18T19:23:04","guid":{"rendered":"https:\/\/nbg.eu\/product\/d%d0%b0%d0%b0-ratchet-inner-belt\/"},"modified":"2026-01-21T12:22:19","modified_gmt":"2026-01-21T09:22:19","slug":"daa-ratchet-inner-belt","status":"publish","type":"product","link":"https:\/\/nbg.eu\/pl\/produkt\/daa-ratchet-inner-belt\/","title":{"rendered":"D\u0410\u0410 Ratchet Inner Belt"},"content":{"rendered":"<h2>Wewn\u0119trzny Pasek DAA z Mechanizmem Zapadkowym<\/h2>\n<p>Do\u015bwiadcz niezr\u00f3wnanego komfortu dzi\u0119ki innowacyjnemu wewn\u0119trznemu paskowi DAA z mechanizmem zapadkowym. Wyposa\u017cony w unikaln\u0105 sk\u0142adan\u0105 sekcj\u0119 zaprojektowan\u0105 tak, aby znajdowa\u0107 si\u0119 pod mechanizmem zapadkowym, pasek ten eliminuje niewygodne punkty nacisku podczas zaciskania i skracania paska zewn\u0119trznego.<\/p>\n<ul>\n<li>Sk\u0142adana sekcja bez plastikowego rdzenia lub rzep\u00f3w dla \u0142atwego zginania<\/li>\n<li>Spiczaste ko\u0144c\u00f3wki u\u0142atwiaj\u0105ce przewlekanie przez szlufki spodni<\/li>\n<li>Znacznie wy\u017cszy komfort w por\u00f3wnaniu do tradycyjnych pask\u00f3w wewn\u0119trznych<\/li>\n<li>Wykonany z tych samych wysokiej jako\u015bci materia\u0142\u00f3w co standardowe paski wewn\u0119trzne DAA<\/li>\n<\/ul>\n<p>Po\u017cegnaj si\u0119 z dyskomfortem spowodowanym twardymi materia\u0142ami, kt\u00f3re trudno si\u0119 zginaj\u0105. Wewn\u0119trzny pasek DAA z mechanizmem zapadkowym zapewnia idealne dopasowanie bez kompromis\u00f3w w zakresie komfortu, co czyni go idealnym wyborem dla wymagaj\u0105cych u\u017cytkownik\u00f3w, kt\u00f3rzy oczekuj\u0105 najlepszej technologii w paskach.<\/p>\n","protected":false},"excerpt":{"rendered":"<p>Wygodny pasek wewn\u0119trzny ze sk\u0142adan\u0105 cz\u0119\u015bci\u0105 na klamry zapadkowe.<\/p>\n","protected":false},"featured_media":29061,"template":"","meta":{"_acf_changed":false},"product_brand":[11278],"product_cat":[12557,12631],"product_tag":[],"class_list":{"0":"post-44360","1":"product","2":"type-product","3":"status-publish","4":"has-post-thumbnail","6":"product_brand-doublealpha","7":"product_cat-paski-sportowe","8":"product_cat-wyposazenie","10":"first","11":"instock","12":"taxable","13":"shipping-taxable","14":"purchasable","15":"product-type-variable","16":"wvs-archive-product-wrapper"},"acf":[],"_links":{"self":[{"href":"https:\/\/nbg.eu\/pl\/wp-json\/wp\/v2\/product\/44360","targetHints":{"allow":["GET"]}}],"collection":[{"href":"https:\/\/nbg.eu\/pl\/wp-json\/wp\/v2\/product"}],"about":[{"href":"https:\/\/nbg.eu\/pl\/wp-json\/wp\/v2\/types\/product"}],"wp:featuredmedia":[{"embeddable":true,"href":"https:\/\/nbg.eu\/pl\/wp-json\/wp\/v2\/media\/29061"}],"wp:attachment":[{"href":"https:\/\/nbg.eu\/pl\/wp-json\/wp\/v2\/media?parent=44360"}],"wp:term":[{"taxonomy":"product_brand","embeddable":true,"href":"https:\/\/nbg.eu\/pl\/wp-json\/wp\/v2\/product_brand?post=44360"},{"taxonomy":"product_cat","embeddable":true,"href":"https:\/\/nbg.eu\/pl\/wp-json\/wp\/v2\/product_cat?post=44360"},{"taxonomy":"product_tag","embeddable":true,"href":"https:\/\/nbg.eu\/pl\/wp-json\/wp\/v2\/product_tag?post=44360"}],"curies":[{"name":"wp","href":"https:\/\/api.w.org\/{rel}","templated":true}]}}