{"id":44528,"date":"2024-08-18T12:39:07","date_gmt":"2024-08-18T09:39:07","guid":{"rendered":"https:\/\/nbg.eu\/product\/daa-pcc-magzine-pouch-type-glock\/"},"modified":"2026-01-21T12:09:55","modified_gmt":"2026-01-21T09:09:55","slug":"daa-pcc-magzine-pouch-type-glock","status":"publish","type":"product","link":"https:\/\/nbg.eu\/pl\/produkt\/daa-pcc-magzine-pouch-type-glock\/","title":{"rendered":"Daa Pcc Magzine Pouch &#8211; Type Glock"},"content":{"rendered":"<h2>\u0141adownica na magazynki DAA PCC &#8211; Typ Glock<\/h2>\n<p>Podnie\u015b poziom swojej gry z karabinkiem na amunicj\u0119 pistoletow\u0105 (PCC) dzi\u0119ki \u0142adownicy DAA PCC, zaprojektowanej specjalnie dla magazynk\u00f3w Glock. Ta specjalnie skonstruowana \u0142adownica odpowiada na wyj\u0105tkowe wyzwania zawod\u00f3w IPSC i USPSA.<\/p>\n<ul>\n<li>Wytrzyma\u0142a konstrukcja z nylonu wzmocnionego w\u0142\u00f3knem<\/li>\n<li>Wyd\u0142u\u017cony projekt (12cm\/4,75&#8243;) dla pewnego trzymania magazynk\u00f3w 40-50 nabojowych<\/li>\n<li>Regulowana si\u0142a retencji za pomoc\u0105 dw\u00f3ch \u015brub<\/li>\n<li>Przednie wyci\u0119cie dla szybszego dobycia<\/li>\n<li>Sfazowana g\u00f3rna kraw\u0119d\u017a dla szybszego prze\u0142adowania<\/li>\n<li>Konstrukcja obur\u0119czna z wieloma pozycjami wysoko\u015bci<\/li>\n<li>Du\u017ce mocowanie na przegubie kulowym dla trwa\u0142o\u015bci<\/li>\n<li>Utrzymuje magazynki z nabojami skierowanymi do ty\u0142u dla prze\u0142adowa\u0144 &#8222;gar\u015bci\u0105&#8221;<\/li>\n<\/ul>\n<p>Zoptymalizuj swoj\u0105 wydajno\u015b\u0107 z PCC dzi\u0119ki tej specjalnie zaprojektowanej \u0142adownicy od Double-Alpha.<\/p>\n","protected":false},"excerpt":{"rendered":"<p>\u0141adownica PCC na magazynek do Glocka: Dopasowana, bezpieczna, szybkie prze\u0142adowania.<\/p>\n","protected":false},"featured_media":28417,"template":"","meta":{"_acf_changed":false},"product_brand":[11278],"product_cat":[12621,12614,12631],"product_tag":[],"class_list":{"0":"post-44528","1":"product","2":"type-product","3":"status-publish","4":"has-post-thumbnail","6":"product_brand-doublealpha","7":"product_cat-ladownice","8":"product_cat-ladownice-na-magazynki","9":"product_cat-wyposazenie","11":"first","12":"outofstock","13":"taxable","14":"shipping-taxable","15":"purchasable","16":"product-type-simple"},"acf":[],"_links":{"self":[{"href":"https:\/\/nbg.eu\/pl\/wp-json\/wp\/v2\/product\/44528","targetHints":{"allow":["GET"]}}],"collection":[{"href":"https:\/\/nbg.eu\/pl\/wp-json\/wp\/v2\/product"}],"about":[{"href":"https:\/\/nbg.eu\/pl\/wp-json\/wp\/v2\/types\/product"}],"wp:featuredmedia":[{"embeddable":true,"href":"https:\/\/nbg.eu\/pl\/wp-json\/wp\/v2\/media\/28417"}],"wp:attachment":[{"href":"https:\/\/nbg.eu\/pl\/wp-json\/wp\/v2\/media?parent=44528"}],"wp:term":[{"taxonomy":"product_brand","embeddable":true,"href":"https:\/\/nbg.eu\/pl\/wp-json\/wp\/v2\/product_brand?post=44528"},{"taxonomy":"product_cat","embeddable":true,"href":"https:\/\/nbg.eu\/pl\/wp-json\/wp\/v2\/product_cat?post=44528"},{"taxonomy":"product_tag","embeddable":true,"href":"https:\/\/nbg.eu\/pl\/wp-json\/wp\/v2\/product_tag?post=44528"}],"curies":[{"name":"wp","href":"https:\/\/api.w.org\/{rel}","templated":true}]}}