{"id":44738,"date":"2024-08-18T12:36:04","date_gmt":"2024-08-18T09:36:04","guid":{"rendered":"https:\/\/nbg.eu\/product\/lynx-belt-buckle-roll-pins-50bag\/"},"modified":"2026-02-27T15:51:16","modified_gmt":"2026-02-27T12:51:16","slug":"lynx-belt-buckle-roll-pins-50bag","status":"publish","type":"product","link":"https:\/\/nbg.eu\/pl\/produkt\/lynx-belt-buckle-roll-pins-50bag\/","title":{"rendered":"Lynx Belt Buckle Roll Pins (50Bag)"},"content":{"rendered":"<p>\nZapasowe ko\u0142ki monta\u017cowe do klamer pask\u00f3w Lynx. Opakowanie zawiera 50 ko\u0142k\u00f3w. Niezb\u0119dne do monta\u017cu i napraw pask\u00f3w Lynx. Zapewniaj\u0105 pewne mocowanie klamry Lynx.<\/p>\n","protected":false},"excerpt":{"rendered":"<p>Ko\u0142ki rolkowe do klamer pas\u00f3w Lynx (50 sztuk w opakowaniu): Dodatkowe ko\u0142ki do Twoich pas\u00f3w Lynx.<\/p>\n","protected":false},"featured_media":27451,"template":"","meta":{"_acf_changed":false},"product_brand":[11278],"product_cat":[12557,12631],"product_tag":[],"class_list":{"0":"post-44738","1":"product","2":"type-product","3":"status-publish","4":"has-post-thumbnail","6":"product_brand-doublealpha","7":"product_cat-paski-sportowe","8":"product_cat-wyposazenie","10":"first","11":"instock","12":"taxable","13":"shipping-taxable","14":"purchasable","15":"product-type-simple"},"acf":[],"_links":{"self":[{"href":"https:\/\/nbg.eu\/pl\/wp-json\/wp\/v2\/product\/44738","targetHints":{"allow":["GET"]}}],"collection":[{"href":"https:\/\/nbg.eu\/pl\/wp-json\/wp\/v2\/product"}],"about":[{"href":"https:\/\/nbg.eu\/pl\/wp-json\/wp\/v2\/types\/product"}],"wp:featuredmedia":[{"embeddable":true,"href":"https:\/\/nbg.eu\/pl\/wp-json\/wp\/v2\/media\/27451"}],"wp:attachment":[{"href":"https:\/\/nbg.eu\/pl\/wp-json\/wp\/v2\/media?parent=44738"}],"wp:term":[{"taxonomy":"product_brand","embeddable":true,"href":"https:\/\/nbg.eu\/pl\/wp-json\/wp\/v2\/product_brand?post=44738"},{"taxonomy":"product_cat","embeddable":true,"href":"https:\/\/nbg.eu\/pl\/wp-json\/wp\/v2\/product_cat?post=44738"},{"taxonomy":"product_tag","embeddable":true,"href":"https:\/\/nbg.eu\/pl\/wp-json\/wp\/v2\/product_tag?post=44738"}],"curies":[{"name":"wp","href":"https:\/\/api.w.org\/{rel}","templated":true}]}}