{"id":44760,"date":"2024-08-18T12:35:48","date_gmt":"2024-08-18T09:35:48","guid":{"rendered":"https:\/\/nbg.eu\/product\/uspsa-metric-cardboard-targets-white-back\/"},"modified":"2026-01-21T11:58:39","modified_gmt":"2026-01-21T08:58:39","slug":"uspsa-metric-cardboard-targets-white-back","status":"publish","type":"product","link":"https:\/\/nbg.eu\/pl\/produkt\/uspsa-metric-cardboard-targets-white-back\/","title":{"rendered":"Uspsa Metric Cardboard Targets White Back"},"content":{"rendered":"<p>\n100 wysokiej jako\u015bci tekturowych tarcz USPSA\/Metrycznych. Br\u0105zowe z jednej strony, bia\u0142e (no-shoot) z drugiej. Spe\u0142niaj\u0105 dok\u0142adne wymiary i wymagania USPSA.<\/p>\n","protected":false},"excerpt":{"rendered":"<p>Cele metryczne USPSA: 100 dwustronnych kartonowych tarcz do \u0107wicze\u0144.<\/p>\n","protected":false},"featured_media":27428,"template":"","meta":{"_acf_changed":false},"product_brand":[],"product_cat":[12579,12558],"product_tag":[],"class_list":{"0":"post-44760","1":"product","2":"type-product","3":"status-publish","4":"has-post-thumbnail","6":"product_cat-tarcze","7":"product_cat-tarcze-papierowe","9":"first","10":"outofstock","11":"taxable","12":"shipping-taxable","13":"purchasable","14":"product-type-simple"},"acf":[],"_links":{"self":[{"href":"https:\/\/nbg.eu\/pl\/wp-json\/wp\/v2\/product\/44760","targetHints":{"allow":["GET"]}}],"collection":[{"href":"https:\/\/nbg.eu\/pl\/wp-json\/wp\/v2\/product"}],"about":[{"href":"https:\/\/nbg.eu\/pl\/wp-json\/wp\/v2\/types\/product"}],"wp:featuredmedia":[{"embeddable":true,"href":"https:\/\/nbg.eu\/pl\/wp-json\/wp\/v2\/media\/27428"}],"wp:attachment":[{"href":"https:\/\/nbg.eu\/pl\/wp-json\/wp\/v2\/media?parent=44760"}],"wp:term":[{"taxonomy":"product_brand","embeddable":true,"href":"https:\/\/nbg.eu\/pl\/wp-json\/wp\/v2\/product_brand?post=44760"},{"taxonomy":"product_cat","embeddable":true,"href":"https:\/\/nbg.eu\/pl\/wp-json\/wp\/v2\/product_cat?post=44760"},{"taxonomy":"product_tag","embeddable":true,"href":"https:\/\/nbg.eu\/pl\/wp-json\/wp\/v2\/product_tag?post=44760"}],"curies":[{"name":"wp","href":"https:\/\/api.w.org\/{rel}","templated":true}]}}