{"id":44852,"date":"2024-08-18T12:33:44","date_gmt":"2024-08-18T09:33:44","guid":{"rendered":"https:\/\/nbg.eu\/product\/pro-grip-lotion-2oz\/"},"modified":"2026-01-21T11:55:16","modified_gmt":"2026-01-21T08:55:16","slug":"pro-grip-lotion-2oz","status":"publish","type":"product","link":"https:\/\/nbg.eu\/pl\/produkt\/pro-grip-lotion-2oz\/","title":{"rendered":"Pro Grip Lotion 2Oz"},"content":{"rendered":"<p>\nPopraw swoj\u0105 skuteczno\u015b\u0107 strzeleck\u0105 dzi\u0119ki Pro Grip Lotion 2Oz. Zaufany przez mistrz\u00f3w takich jak Jerry Barnhart, Todd Jarrett i Saul Kirsch, ten wygodnie zapakowany balsam przewy\u017csza skuteczno\u015bci\u0105 kalafoni\u0119 i kred\u0119. Do\u015bwiadcz lepszego chwytu, kontroli broni i szybszego czasu powrotu do pozycji wyj\u015bciowej. Niezb\u0119dny element w torbie ka\u017cdego strzelca, Pro Grip to tajna bro\u0144 zapewniaj\u0105ca sukces w strzelectwie dynamicznym.<\/p>\n","protected":false},"excerpt":{"rendered":"<p>Pro Grip: Zatwierdzona przez mistrz\u00f3w emulsja zapewniaj\u0105ca doskona\u0142\u0105 kontrol\u0119 broni.<\/p>\n","protected":false},"featured_media":27290,"template":"","meta":{"_acf_changed":false},"product_brand":[11278],"product_cat":[12604,12629,12631],"product_tag":[],"class_list":{"0":"post-44852","1":"product","2":"type-product","3":"status-publish","4":"has-post-thumbnail","6":"product_brand-doublealpha","7":"product_cat-akcesoria-do-kabur","8":"product_cat-kabura","9":"product_cat-wyposazenie","11":"first","12":"instock","13":"taxable","14":"shipping-taxable","15":"purchasable","16":"product-type-simple"},"acf":[],"_links":{"self":[{"href":"https:\/\/nbg.eu\/pl\/wp-json\/wp\/v2\/product\/44852","targetHints":{"allow":["GET"]}}],"collection":[{"href":"https:\/\/nbg.eu\/pl\/wp-json\/wp\/v2\/product"}],"about":[{"href":"https:\/\/nbg.eu\/pl\/wp-json\/wp\/v2\/types\/product"}],"wp:featuredmedia":[{"embeddable":true,"href":"https:\/\/nbg.eu\/pl\/wp-json\/wp\/v2\/media\/27290"}],"wp:attachment":[{"href":"https:\/\/nbg.eu\/pl\/wp-json\/wp\/v2\/media?parent=44852"}],"wp:term":[{"taxonomy":"product_brand","embeddable":true,"href":"https:\/\/nbg.eu\/pl\/wp-json\/wp\/v2\/product_brand?post=44852"},{"taxonomy":"product_cat","embeddable":true,"href":"https:\/\/nbg.eu\/pl\/wp-json\/wp\/v2\/product_cat?post=44852"},{"taxonomy":"product_tag","embeddable":true,"href":"https:\/\/nbg.eu\/pl\/wp-json\/wp\/v2\/product_tag?post=44852"}],"curies":[{"name":"wp","href":"https:\/\/api.w.org\/{rel}","templated":true}]}}