{"id":45182,"date":"2024-08-18T12:26:06","date_gmt":"2024-08-18T09:26:06","guid":{"rendered":"https:\/\/nbg.eu\/product\/premium-belt-security-loop\/"},"modified":"2026-05-13T15:10:09","modified_gmt":"2026-05-13T12:10:09","slug":"premium-belt-security-loop","status":"publish","type":"product","link":"https:\/\/nbg.eu\/pl\/produkt\/premium-belt-security-loop\/","title":{"rendered":"Premium Belt Security Loop"},"content":{"rendered":"<p>Zabezpiecz sw\u00f3j pas za pomoc\u0105 p\u0119tli zabezpieczaj\u0105cej DAA Premium Belt Security Loop. Gumowana dla wygody i lepszego chwytu, utrzymuje pas na miejscu podczas intensywnych sesji strzeleckich. Pasuje do wi\u0119kszo\u015bci standardowych pas\u00f3w.<\/p>\n","protected":false},"excerpt":{"rendered":"<p>Bezpieczna szlufka na pasek: Gumowana powierzchnia, zapobiega przesuwaniu si\u0119, pasuje do standardowych pask\u00f3w.<\/p>\n","protected":false},"featured_media":26104,"template":"","meta":{"_acf_changed":false},"product_brand":[11278],"product_cat":[12557],"product_tag":[],"class_list":{"0":"post-45182","1":"product","2":"type-product","3":"status-publish","4":"has-post-thumbnail","6":"product_brand-doublealpha","7":"product_cat-paski-sportowe","9":"first","10":"outofstock","11":"taxable","12":"shipping-taxable","13":"purchasable","14":"product-type-simple"},"acf":[],"_links":{"self":[{"href":"https:\/\/nbg.eu\/pl\/wp-json\/wp\/v2\/product\/45182","targetHints":{"allow":["GET"]}}],"collection":[{"href":"https:\/\/nbg.eu\/pl\/wp-json\/wp\/v2\/product"}],"about":[{"href":"https:\/\/nbg.eu\/pl\/wp-json\/wp\/v2\/types\/product"}],"wp:featuredmedia":[{"embeddable":true,"href":"https:\/\/nbg.eu\/pl\/wp-json\/wp\/v2\/media\/26104"}],"wp:attachment":[{"href":"https:\/\/nbg.eu\/pl\/wp-json\/wp\/v2\/media?parent=45182"}],"wp:term":[{"taxonomy":"product_brand","embeddable":true,"href":"https:\/\/nbg.eu\/pl\/wp-json\/wp\/v2\/product_brand?post=45182"},{"taxonomy":"product_cat","embeddable":true,"href":"https:\/\/nbg.eu\/pl\/wp-json\/wp\/v2\/product_cat?post=45182"},{"taxonomy":"product_tag","embeddable":true,"href":"https:\/\/nbg.eu\/pl\/wp-json\/wp\/v2\/product_tag?post=45182"}],"curies":[{"name":"wp","href":"https:\/\/api.w.org\/{rel}","templated":true}]}}