{"id":45501,"date":"2024-08-16T17:52:19","date_gmt":"2024-08-16T17:52:19","guid":{"rendered":"https:\/\/nbg.eu\/product\/rhh-backpack\/"},"modified":"2026-01-21T12:01:47","modified_gmt":"2026-01-21T09:01:47","slug":"rhh-backpack","status":"publish","type":"product","link":"https:\/\/nbg.eu\/pl\/produkt\/rhh-backpack\/","title":{"rendered":"RHH Backpack"},"content":{"rendered":"<div class=\"product-description\">\n<h2>Plecak strzelecki RHH<\/h2>\n<p>Zaprojektowany przez strzelc\u00f3w dla strzelc\u00f3w, plecak RHH jest idealny do wielodniowych zawod\u00f3w, niezale\u017cnie od tego, czy u\u017cywasz jednej czy dw\u00f3ch broni.<\/p>\n<ul>\n<li>G\u0142\u00f3wna kiesze\u0144 na bro\u0144 z systemem blokuj\u0105cym dla \u0142atwego dost\u0119pu<\/li>\n<li>Spe\u0142nia przepisy IPSC<\/li>\n<li>Panel na rzep i system MOLLE do mocowania akcesori\u00f3w<\/li>\n<li>Du\u017ca przestrze\u0144 do przechowywania z zorganizowanymi przegr\u00f3dkami<\/li>\n<li>Kiesze\u0144 na magazynki mie\u015bci 30-nabojowe magazynki z przed\u0142u\u017conymi podstawkami<\/li>\n<li>Odpinane paski s\u0142u\u017c\u0105 r\u00f3wnie\u017c jako torba strzelecka<\/li>\n<\/ul>\n<p>Wymiary: 100cm x 40cm x 20cm<br \/>\n  Kiesze\u0144 na karabin: do 95cm<br \/>\n  Waga: 2,9 kg<\/p>\n<p>Pakuj si\u0119 m\u0105drze, strzelaj lepiej z plecakiem strzeleckim RHH!<\/p>\n<\/div>\n","protected":false},"excerpt":{"rendered":"<p>Plecak RHH: Zaprojektowany przez strzelc\u00f3w, wszechstronny, gotowy na wielodniowe zawody.<\/p>\n","protected":false},"featured_media":22679,"template":"","meta":{"_acf_changed":false},"product_brand":[11641],"product_cat":[12567],"product_tag":[],"class_list":{"0":"post-45501","1":"product","2":"type-product","3":"status-publish","4":"has-post-thumbnail","6":"product_brand-rh-holsters","7":"product_cat-plecaki","9":"first","10":"instock","11":"taxable","12":"shipping-taxable","13":"purchasable","14":"product-type-simple"},"acf":[],"_links":{"self":[{"href":"https:\/\/nbg.eu\/pl\/wp-json\/wp\/v2\/product\/45501","targetHints":{"allow":["GET"]}}],"collection":[{"href":"https:\/\/nbg.eu\/pl\/wp-json\/wp\/v2\/product"}],"about":[{"href":"https:\/\/nbg.eu\/pl\/wp-json\/wp\/v2\/types\/product"}],"wp:featuredmedia":[{"embeddable":true,"href":"https:\/\/nbg.eu\/pl\/wp-json\/wp\/v2\/media\/22679"}],"wp:attachment":[{"href":"https:\/\/nbg.eu\/pl\/wp-json\/wp\/v2\/media?parent=45501"}],"wp:term":[{"taxonomy":"product_brand","embeddable":true,"href":"https:\/\/nbg.eu\/pl\/wp-json\/wp\/v2\/product_brand?post=45501"},{"taxonomy":"product_cat","embeddable":true,"href":"https:\/\/nbg.eu\/pl\/wp-json\/wp\/v2\/product_cat?post=45501"},{"taxonomy":"product_tag","embeddable":true,"href":"https:\/\/nbg.eu\/pl\/wp-json\/wp\/v2\/product_tag?post=45501"}],"curies":[{"name":"wp","href":"https:\/\/api.w.org\/{rel}","templated":true}]}}