{"id":45981,"date":"2024-08-03T17:10:30","date_gmt":"2024-08-03T14:10:30","guid":{"rendered":"https:\/\/nbg.eu\/product\/rh-classic-iwb-holster\/"},"modified":"2026-05-13T17:05:16","modified_gmt":"2026-05-13T14:05:16","slug":"rh-classic-iwb-holster","status":"publish","type":"product","link":"https:\/\/nbg.eu\/pl\/produkt\/rh-classic-iwb-holster\/","title":{"rendered":"RH Classic IWB Holster"},"content":{"rendered":"<p>Kabura RH Classic IWB oferuje wygodne przenoszenie broni. Cechy obejmuj\u0105:<\/p>\n<ul>\n<li>Kydex formowany pr\u00f3\u017cniowo dla dok\u0142adnego dopasowania do broni<\/li>\n<li>Regulowany chwyt i nachylenie<\/li>\n<li>Opcjonalne mocowania claw i ERC<\/li>\n<li>Smuk\u0142y profil dla minimalnego odznaczania si\u0119<\/li>\n<li>R\u0119cznie ci\u0119te kraw\u0119dzie dla wygody<\/li>\n<li>Konstrukcja jednocz\u0119\u015bciowa<\/li>\n<li>Otwarty d\u00f3\u0142 dla wszechstronno\u015bci<\/li>\n<\/ul>\n<p>Przeznaczona do codziennego noszenia.<\/p>\n","protected":false},"excerpt":{"rendered":"<p>Smuk\u0142a kabura IWB: Regulowana, do skrytego noszenia z opcjami pazura i ERC.<\/p>\n","protected":false},"featured_media":45983,"template":"","meta":{"_acf_changed":false},"product_brand":[11641],"product_cat":[12629,12596],"product_tag":[],"class_list":{"0":"post-45981","1":"product","2":"type-product","3":"status-publish","4":"has-post-thumbnail","6":"product_brand-rh-holsters","7":"product_cat-kabura","8":"product_cat-kabura-taktyczna","10":"first","11":"instock","12":"taxable","13":"shipping-taxable","14":"purchasable","15":"product-type-variable","16":"wvs-archive-product-wrapper"},"acf":[],"_links":{"self":[{"href":"https:\/\/nbg.eu\/pl\/wp-json\/wp\/v2\/product\/45981","targetHints":{"allow":["GET"]}}],"collection":[{"href":"https:\/\/nbg.eu\/pl\/wp-json\/wp\/v2\/product"}],"about":[{"href":"https:\/\/nbg.eu\/pl\/wp-json\/wp\/v2\/types\/product"}],"wp:featuredmedia":[{"embeddable":true,"href":"https:\/\/nbg.eu\/pl\/wp-json\/wp\/v2\/media\/45983"}],"wp:attachment":[{"href":"https:\/\/nbg.eu\/pl\/wp-json\/wp\/v2\/media?parent=45981"}],"wp:term":[{"taxonomy":"product_brand","embeddable":true,"href":"https:\/\/nbg.eu\/pl\/wp-json\/wp\/v2\/product_brand?post=45981"},{"taxonomy":"product_cat","embeddable":true,"href":"https:\/\/nbg.eu\/pl\/wp-json\/wp\/v2\/product_cat?post=45981"},{"taxonomy":"product_tag","embeddable":true,"href":"https:\/\/nbg.eu\/pl\/wp-json\/wp\/v2\/product_tag?post=45981"}],"curies":[{"name":"wp","href":"https:\/\/api.w.org\/{rel}","templated":true}]}}