{"id":46475,"date":"2024-07-31T20:54:52","date_gmt":"2024-07-31T20:54:52","guid":{"rendered":"https:\/\/nbg.eu\/product\/shotgun-brush\/"},"modified":"2026-05-13T15:12:05","modified_gmt":"2026-05-13T12:12:05","slug":"shotgun-brush","status":"publish","type":"product","link":"https:\/\/nbg.eu\/pl\/produkt\/shotgun-brush\/","title":{"rendered":"Shotgun Brush"},"content":{"rendered":"<p>\nNiebieska szczotka do strzelby firmy Iosso Products. Cechy:<\/p>\n<ul>\n<li>Grubsze, sztywniejsze w\u0142\u00f3kna do czyszczenia w obie strony<\/li>\n<li>\u015aci\u015ble skr\u0119cona z wi\u0119ksz\u0105 ilo\u015bci\u0105 w\u0142\u00f3kien na cal<\/li>\n<li>Wielokrotnego u\u017cytku<\/li>\n<li>Odpowiednia do stosowania z \u015brodkiem czyszcz\u0105cym Iosso Bore Cleaner<\/li>\n<li>Usuwa wszystkie rodzaje zanieczyszcze\u0144<\/li>\n<li>Znacznie skraca czas czyszczenia<\/li>\n<\/ul>\n<p>Efektywne czyszczenie lufy.<\/p>\n","protected":false},"excerpt":{"rendered":"<p>Wysokiej jako\u015bci szczotka do lufy w kobaltowoniebiskim kolorze do wydajnego i dok\u0142adnego czyszczenia strzelby.<\/p>\n","protected":false},"featured_media":46476,"template":"","meta":{"_acf_changed":false},"product_brand":[11477],"product_cat":[12565,12582],"product_tag":[],"class_list":{"0":"post-46475","1":"product","2":"type-product","3":"status-publish","4":"has-post-thumbnail","6":"product_brand-iosso","7":"product_cat-czyszczenie-broni","8":"product_cat-szczotki","10":"first","11":"instock","12":"taxable","13":"shipping-taxable","14":"purchasable","15":"product-type-variable","16":"wvs-archive-product-wrapper"},"acf":[],"_links":{"self":[{"href":"https:\/\/nbg.eu\/pl\/wp-json\/wp\/v2\/product\/46475","targetHints":{"allow":["GET"]}}],"collection":[{"href":"https:\/\/nbg.eu\/pl\/wp-json\/wp\/v2\/product"}],"about":[{"href":"https:\/\/nbg.eu\/pl\/wp-json\/wp\/v2\/types\/product"}],"wp:featuredmedia":[{"embeddable":true,"href":"https:\/\/nbg.eu\/pl\/wp-json\/wp\/v2\/media\/46476"}],"wp:attachment":[{"href":"https:\/\/nbg.eu\/pl\/wp-json\/wp\/v2\/media?parent=46475"}],"wp:term":[{"taxonomy":"product_brand","embeddable":true,"href":"https:\/\/nbg.eu\/pl\/wp-json\/wp\/v2\/product_brand?post=46475"},{"taxonomy":"product_cat","embeddable":true,"href":"https:\/\/nbg.eu\/pl\/wp-json\/wp\/v2\/product_cat?post=46475"},{"taxonomy":"product_tag","embeddable":true,"href":"https:\/\/nbg.eu\/pl\/wp-json\/wp\/v2\/product_tag?post=46475"}],"curies":[{"name":"wp","href":"https:\/\/api.w.org\/{rel}","templated":true}]}}