{"id":47797,"date":"2024-07-30T18:21:46","date_gmt":"2024-07-30T18:21:46","guid":{"rendered":"https:\/\/nbg.eu\/product\/surefire-supressor-alighnment-rod\/"},"modified":"2026-01-21T12:27:54","modified_gmt":"2026-01-21T09:27:54","slug":"surefire-supressor-alighnment-rod","status":"publish","type":"product","link":"https:\/\/nbg.eu\/pl\/produkt\/surefire-supressor-alighnment-rod\/","title":{"rendered":"Surefire Supressor Alighnment Rod"},"content":{"rendered":"<p style=\"text-align: center\"><span style=\"font-size: 170%\"><strong>Pr\u0119ty do wyr\u00f3wnywania lufy SureFire<\/strong><\/span><\/p>\n<p>Pr\u0119ty do lufy SureFire to narz\u0119dzia, kt\u00f3re zapewniaj\u0105 prawid\u0142ow\u0105 koncentryczno\u015b\u0107 wzd\u0142u\u017c toru lotu pocisku podczas strzelania z t\u0142umikiem na nowej platformie. Pr\u0119t najdok\u0142adniej odwzorowuje tor lotu pocisku i poka\u017ce ewentualne niewsp\u00f3\u0142osiowo\u015bci. SureFire zaleca, aby operatorzy sprawdzali wyr\u00f3wnanie lufy, adaptera i t\u0142umika w ka\u017cdej nowej konstrukcji lub nieu\u017cywanej wcze\u015bniej konfiguracji. Pr\u0119ty do lufy SureFire s\u0105 najskuteczniejszym sposobem na potwierdzenie tego. Wystarczy wybra\u0107 odpowiedni pr\u0119t do kalibru karabinu lub karabinka.<\/p>\n<p><span style=\"color: #282828\"><strong><span style=\"font-size: 150%\">CECHY:<\/span><\/strong><\/span><\/p>\n<p style=\"padding-left: 40px\"><span style=\"color: #282828\"><strong>\u2588 <\/strong><\/span>Wyprodukowano w USA.<\/p>\n<p style=\"padding-left: 40px\"><span style=\"color: #282828\"><strong>\u2588 <\/strong><\/span>Stal nierdzewna poddana obr\u00f3bce cieplnej.<\/p>\n<p style=\"padding-left: 40px\"><span style=\"color: #282828\"><strong>\u2588 <\/strong><\/span>Do walidacji ustawienia przed pierwszym strza\u0142em.<\/p>\n<p style=\"padding-left: 40px\"><span style=\"color: #282828\"><strong>\u2588 <\/strong><\/span>Precyzyjnie obrobione pr\u0119ty dla najdok\u0142adniejszej weryfikacji.<\/p>\n<p style=\"padding-left: 40px\"><span style=\"color: #282828\"><strong>\u2588 <\/strong><\/span>Precyzyjnie obrobiony pr\u0119t poka\u017ce wszelkie odchylenia w wyr\u00f3wnaniu.<\/p>\n<p style=\"padding-left: 40px\"><span style=\"color: #282828\"><strong>\u2588 <\/strong><\/span>Zatwierdzony przez SureFire spos\u00f3b weryfikacji prawid\u0142owego wyr\u00f3wnania t\u0142umika.<\/p>\n<p style=\"padding-left: 40px\"><span style=\"color: #282828\"><strong>\u2588 <\/strong><\/span>Pr\u0119ty do konkretnych kalibr\u00f3w dla najpopularniejszych opcji na rynku.<\/p>\n<p style=\"padding-left: 40px\"><span style=\"color: #282828\"><strong>\u2588 <\/strong><\/span>R\u00f3wna przestrze\u0144 powinna by\u0107 widoczna mi\u0119dzy otworem t\u0142umika a wycentrowanym pr\u0119tem.<\/p>\n<p style=\"padding-left: 40px\"><span style=\"color: #282828\"><strong>\u2588 <\/strong><\/span>Wystarczy w\u0142o\u017cy\u0107 pr\u0119t przez zamontowany t\u0142umik roz\u0142adowanej broni.<\/p>\n<p style=\"padding-left: 40px\"><span style=\"color: #282828\"><strong>\u2588 <\/strong><\/span>Dost\u0119pne pr\u0119ty do najpopularniejszych kalibr\u00f3w, tj. (5,56 mm, 6,5 mm, 6,8 mm, 7,62 mm, 9 mm, .338)<\/p>\n<table width=\"595\">\n<tbody>\n<tr>\n<td colspan=\"2\" width=\"595\"><span style=\"font-size: 150%;color: #282828\"><b>G\u0141\u00d3WNE CECHY<\/b><\/span><\/td>\n<\/tr>\n<tr>\n<td width=\"198\"><b>KALIBER<\/b><\/td>\n<td width=\"397\">5,56 mm, 6,5 mm, 6,8 mm, 7,62 mm, 9 mm, .338 cal<\/td>\n<\/tr>\n","protected":false},"excerpt":{"rendered":"<p><strong>Narz\u0119dzia do regulacji t\u0142umik\u00f3w SureFire<\/strong><\/p>\n","protected":false},"featured_media":47799,"template":"","meta":{"_acf_changed":false},"product_brand":[11876],"product_cat":[12586,12603,12601],"product_tag":[],"class_list":{"0":"post-47797","1":"product","2":"type-product","3":"status-publish","4":"has-post-thumbnail","6":"product_brand-surefire","7":"product_cat-akcesoria-do-tlumikow","8":"product_cat-narzedzia","9":"product_cat-tlumiki","11":"first","12":"instock","13":"taxable","14":"shipping-taxable","15":"purchasable","16":"product-type-variable","17":"wvs-archive-product-wrapper"},"acf":[],"_links":{"self":[{"href":"https:\/\/nbg.eu\/pl\/wp-json\/wp\/v2\/product\/47797","targetHints":{"allow":["GET"]}}],"collection":[{"href":"https:\/\/nbg.eu\/pl\/wp-json\/wp\/v2\/product"}],"about":[{"href":"https:\/\/nbg.eu\/pl\/wp-json\/wp\/v2\/types\/product"}],"wp:featuredmedia":[{"embeddable":true,"href":"https:\/\/nbg.eu\/pl\/wp-json\/wp\/v2\/media\/47799"}],"wp:attachment":[{"href":"https:\/\/nbg.eu\/pl\/wp-json\/wp\/v2\/media?parent=47797"}],"wp:term":[{"taxonomy":"product_brand","embeddable":true,"href":"https:\/\/nbg.eu\/pl\/wp-json\/wp\/v2\/product_brand?post=47797"},{"taxonomy":"product_cat","embeddable":true,"href":"https:\/\/nbg.eu\/pl\/wp-json\/wp\/v2\/product_cat?post=47797"},{"taxonomy":"product_tag","embeddable":true,"href":"https:\/\/nbg.eu\/pl\/wp-json\/wp\/v2\/product_tag?post=47797"}],"curies":[{"name":"wp","href":"https:\/\/api.w.org\/{rel}","templated":true}]}}