{"id":52168,"date":"2024-03-12T19:00:56","date_gmt":"2024-09-13T11:30:04","guid":{"rendered":"https:\/\/nbg.eu\/product\/bore-tech-rimfire-blend\/"},"modified":"2026-05-13T16:01:37","modified_gmt":"2026-05-13T13:01:37","slug":"bore-tech-rimfire-blend","status":"publish","type":"product","link":"https:\/\/nbg.eu\/pl\/produkt\/bore-tech-rimfire-blend\/","title":{"rendered":"Bore Tech Rimfire Blend"},"content":{"rendered":"<div class=\"product-description\">\n<h2>\u015arodek czyszcz\u0105cy do luf Bore Tech Rimfire Blend<\/h2>\n<p>Preparat przeznaczony do broni ma\u0142okalibrowej, usuwa o\u0142\u00f3w, pozosta\u0142o\u015bci prochu i wosk. Stosowany przez zawodnik\u00f3w i producent\u00f3w broni.<\/p>\n<ul>\n<li>Bez amoniaku i zapachu<\/li>\n<li>W 100% biodegradowalny<\/li>\n<li>Usuwa warstwy o\u0142owiu, wosku i nagaru<\/li>\n<li>Wymaga minimalnego szczotkowania<\/li>\n<li>Bezpieczny dla wszystkich typ\u00f3w luf<\/li>\n<\/ul>\n<p>Produkt z linii specjalistycznych \u015brodk\u00f3w czyszcz\u0105cych Bore Tech.<\/p>\n<\/div>\n","protected":false},"excerpt":{"rendered":"<p>Skuteczny \u015brodek do czyszczenia broni ma\u0142okalibrowej usuwa o\u0142\u00f3w, wosk i osad w\u0119glowy. Nie zawiera amoniaku.<\/p>\n","protected":false},"featured_media":52169,"template":"","meta":{"_acf_changed":false},"product_brand":[11165],"product_cat":[12565,12638],"product_tag":[],"class_list":{"0":"post-52168","1":"product","2":"type-product","3":"status-publish","4":"has-post-thumbnail","6":"product_brand-boretech","7":"product_cat-czyszczenie-broni","8":"product_cat-srodki-czyszczace","10":"first","11":"instock","12":"taxable","13":"shipping-taxable","14":"purchasable","15":"product-type-variable","16":"wvs-archive-product-wrapper"},"acf":[],"_links":{"self":[{"href":"https:\/\/nbg.eu\/pl\/wp-json\/wp\/v2\/product\/52168","targetHints":{"allow":["GET"]}}],"collection":[{"href":"https:\/\/nbg.eu\/pl\/wp-json\/wp\/v2\/product"}],"about":[{"href":"https:\/\/nbg.eu\/pl\/wp-json\/wp\/v2\/types\/product"}],"wp:featuredmedia":[{"embeddable":true,"href":"https:\/\/nbg.eu\/pl\/wp-json\/wp\/v2\/media\/52169"}],"wp:attachment":[{"href":"https:\/\/nbg.eu\/pl\/wp-json\/wp\/v2\/media?parent=52168"}],"wp:term":[{"taxonomy":"product_brand","embeddable":true,"href":"https:\/\/nbg.eu\/pl\/wp-json\/wp\/v2\/product_brand?post=52168"},{"taxonomy":"product_cat","embeddable":true,"href":"https:\/\/nbg.eu\/pl\/wp-json\/wp\/v2\/product_cat?post=52168"},{"taxonomy":"product_tag","embeddable":true,"href":"https:\/\/nbg.eu\/pl\/wp-json\/wp\/v2\/product_tag?post=52168"}],"curies":[{"name":"wp","href":"https:\/\/api.w.org\/{rel}","templated":true}]}}