{"id":525784,"date":"2025-08-19T20:38:50","date_gmt":"2025-08-19T17:38:50","guid":{"rendered":"https:\/\/nbg.eu\/product\/hographic-sight-eotech-exps3\/"},"modified":"2026-01-21T11:45:40","modified_gmt":"2026-01-21T08:45:40","slug":"hographic-sight-eotech-exps3","status":"publish","type":"product","link":"https:\/\/nbg.eu\/pl\/produkt\/hographic-sight-eotech-exps3\/","title":{"rendered":"Hographic sight EOTECH EXPS3"},"content":{"rendered":"<div class=\"product-description\">\n<h2>EOTECH HWS EXPS3\u2122 Holograficzny Celownik<\/h2>\n<p>EOTECH HWS EXPS3\u2122 to holograficzny celownik oferuj\u0105cy:<\/p>\n<ul>\n<li>Strzelanie z otwartymi obydwoma oczami<\/li>\n<li>Kompatybilno\u015b\u0107 z noktowizj\u0105 z 10 dodatkowymi ustawieniami<\/li>\n<li>7mm podniesiona szybko od\u0142\u0105czana baza dla wsp\u00f3\u0142pracy z mechanicznymi przyrz\u0105dami celowniczymi<\/li>\n<li>Wymiary: 3.8&#8243; x 2.3&#8243; x 2.9&#8243;<\/li>\n<li>Waga: 11.2 uncji<\/li>\n<li>Wodoodporno\u015b\u0107 do g\u0142\u0119boko\u015bci 33 st\u00f3p<\/li>\n<li>20 poziom\u00f3w jasno\u015bci dla u\u017cycia w dzie\u0144<\/li>\n<li>1000 godzin pracy baterii przy normalnym ustawieniu<\/li>\n<\/ul>\n<p>Wyprodukowany w USA, EXPS3 montuje si\u0119 na szynach 1&#8243; Weaver lub MIL-STD-1913 i dzia\u0142a w temperaturach od -40\u00b0F do 140\u00b0F. W zestawie: instrukcja szybkiego startu, karta gwarancyjna i bateria CR123.<\/p>\n<\/div>\n","protected":false},"excerpt":{"rendered":"<p>Szybka akwizycja celu, kompatybilno\u015b\u0107 z noktowizorem, podwy\u017cszona podstawa z szybkim systemem od\u0142\u0105czania.<\/p>\n","protected":false},"featured_media":466376,"template":"","meta":{"_acf_changed":false},"product_brand":[],"product_cat":[12574,12583],"product_tag":[],"class_list":{"0":"post-525784","1":"product","2":"type-product","3":"status-publish","4":"has-post-thumbnail","6":"product_cat-celowanie","7":"product_cat-kolimatory-karabinowe","9":"first","10":"outofstock","11":"taxable","12":"shipping-taxable","13":"purchasable","14":"product-type-simple"},"acf":[],"_links":{"self":[{"href":"https:\/\/nbg.eu\/pl\/wp-json\/wp\/v2\/product\/525784","targetHints":{"allow":["GET"]}}],"collection":[{"href":"https:\/\/nbg.eu\/pl\/wp-json\/wp\/v2\/product"}],"about":[{"href":"https:\/\/nbg.eu\/pl\/wp-json\/wp\/v2\/types\/product"}],"wp:featuredmedia":[{"embeddable":true,"href":"https:\/\/nbg.eu\/pl\/wp-json\/wp\/v2\/media\/466376"}],"wp:attachment":[{"href":"https:\/\/nbg.eu\/pl\/wp-json\/wp\/v2\/media?parent=525784"}],"wp:term":[{"taxonomy":"product_brand","embeddable":true,"href":"https:\/\/nbg.eu\/pl\/wp-json\/wp\/v2\/product_brand?post=525784"},{"taxonomy":"product_cat","embeddable":true,"href":"https:\/\/nbg.eu\/pl\/wp-json\/wp\/v2\/product_cat?post=525784"},{"taxonomy":"product_tag","embeddable":true,"href":"https:\/\/nbg.eu\/pl\/wp-json\/wp\/v2\/product_tag?post=525784"}],"curies":[{"name":"wp","href":"https:\/\/api.w.org\/{rel}","templated":true}]}}