{"id":526432,"date":"2025-08-20T17:48:48","date_gmt":"2025-08-20T14:48:48","guid":{"rendered":"https:\/\/nbg.eu\/product\/recoil-spring-ismi-15-lb-spring-for-glock-17-gl15\/"},"modified":"2026-01-21T11:39:14","modified_gmt":"2026-01-21T08:39:14","slug":"recoil-spring-ismi-15-lb-spring-for-glock-17-gl15","status":"publish","type":"product","link":"https:\/\/nbg.eu\/pl\/produkt\/recoil-spring-ismi-15-lb-spring-for-glock-17-gl15\/","title":{"rendered":"Recoil spring ISMI 15 lb. Spring for Glock 17 (GL15)"},"content":{"rendered":"<div class=\"product-description\">\n<h2>ISMI 15 lb. P\u0142aska spr\u0119\u017cyna powrotna do Glock 17 (GL15)<\/h2>\n<p>Spr\u0119\u017cyna powrotna ISMI do Glock 17. Ta 15-funtowa p\u0142aska spr\u0119\u017cyna jest wykonana ze stopu chromu i wanadu, zaprojektowana do fabrycznej prowadnicy o \u015brednicy 0,250&#8243; lub mniejszej.<\/p>\n<ul>\n<li>Zaprojektowana w CAD i zbudowana wed\u0142ug specyfikacji lotniczych<\/li>\n<li>Poddana obr\u00f3bce cieplnej, \u015brutowaniu i pe\u0142nemu odpr\u0119\u017caniu<\/li>\n<li>Zapewnia sp\u00f3jne i niezawodne dzia\u0142anie<\/li>\n<li>Kompatybilna z Glock 17, 17L, 20, 21, 22, 24, 31, 35<\/li>\n<li>Wyprodukowana w USA<\/li>\n<\/ul>\n<p>Spr\u0119\u017cyna powrotna ISMI do Glock poprawia niezawodno\u015b\u0107 i wydajno\u015b\u0107 broni.<\/p>\n<\/div>\n","protected":false},"excerpt":{"rendered":"<p>Precyzyjna 15-funtowa p\u0142aska spr\u0119\u017cyna powrotna do Glocka 17. Wyprodukowana w USA, poprawia wydajno\u015b\u0107.<\/p>\n","protected":false},"featured_media":470578,"template":"","meta":{"_acf_changed":false},"product_brand":[11417],"product_cat":[12573,12591],"product_tag":[],"class_list":{"0":"post-526432","1":"product","2":"type-product","3":"status-publish","4":"has-post-thumbnail","6":"product_brand-glock","7":"product_cat-czesci-kmr","8":"product_cat-sprezyny","10":"first","11":"outofstock","12":"taxable","13":"shipping-taxable","14":"purchasable","15":"product-type-simple"},"acf":[],"_links":{"self":[{"href":"https:\/\/nbg.eu\/pl\/wp-json\/wp\/v2\/product\/526432","targetHints":{"allow":["GET"]}}],"collection":[{"href":"https:\/\/nbg.eu\/pl\/wp-json\/wp\/v2\/product"}],"about":[{"href":"https:\/\/nbg.eu\/pl\/wp-json\/wp\/v2\/types\/product"}],"wp:featuredmedia":[{"embeddable":true,"href":"https:\/\/nbg.eu\/pl\/wp-json\/wp\/v2\/media\/470578"}],"wp:attachment":[{"href":"https:\/\/nbg.eu\/pl\/wp-json\/wp\/v2\/media?parent=526432"}],"wp:term":[{"taxonomy":"product_brand","embeddable":true,"href":"https:\/\/nbg.eu\/pl\/wp-json\/wp\/v2\/product_brand?post=526432"},{"taxonomy":"product_cat","embeddable":true,"href":"https:\/\/nbg.eu\/pl\/wp-json\/wp\/v2\/product_cat?post=526432"},{"taxonomy":"product_tag","embeddable":true,"href":"https:\/\/nbg.eu\/pl\/wp-json\/wp\/v2\/product_tag?post=526432"}],"curies":[{"name":"wp","href":"https:\/\/api.w.org\/{rel}","templated":true}]}}