{"id":527523,"date":"2025-09-02T20:13:23","date_gmt":"2025-09-02T17:13:23","guid":{"rendered":"https:\/\/nbg.eu\/product\/general-nano-protection-super-nano-grease-synthetic-761034\/"},"modified":"2026-01-21T11:44:39","modified_gmt":"2026-01-21T08:44:39","slug":"general-nano-protection-super-nano-grease-synthetic-761034","status":"publish","type":"product","link":"https:\/\/nbg.eu\/pl\/produkt\/general-nano-protection-super-nano-grease-synthetic-761034\/","title":{"rendered":"General Nano Protection &#8211; Super Nano Grease &#8211; Synthetic &#8211; 761034"},"content":{"rendered":"<h1>General Nano Protection &#8211; Super Nano Smar &#8211; Syntetyczny &#8211; 761034<\/h1>\n<p>Syntetyczny olej do broni. Butelka 200ml smaru Super Nano zapewnia ochron\u0119 i wydajno\u015b\u0107 dla broni.<\/p>\n<ul>\n<li>Czy\u015bci py\u0142 prochowy, nagar i smar<\/li>\n<li>Usuwa wilgo\u0107 i chroni przed korozj\u0105<\/li>\n<li>Zmniejsza tarcie i zu\u017cycie r\u00f3\u017cnych materia\u0142\u00f3w<\/li>\n<li>Wyd\u0142u\u017ca \u017cywotno\u015b\u0107 broni<\/li>\n<li>Technologia nanocz\u0105stek dla lepszej penetracji<\/li>\n<li>Pow\u0142oka hydrofobowa odpycha wod\u0119<\/li>\n<li>Odporny na temperatury od -60\u00b0C do +250\u00b0C<\/li>\n<li>Bezpieczny dla metalu, drewna, farby, gumy i plastiku<\/li>\n<\/ul>\n<p>Do u\u017cycia na pr\u0119tach operacyjnych, komorach, sworzniach krzywkowych i innych ruchomych cz\u0119\u015bciach.<\/p>\n","protected":false},"excerpt":{"rendered":"<p>Zaawansowany olejek nanozbrojeniowy: czy\u015bci, smaruje i chroni bro\u0144 paln\u0105.<\/p>\n","protected":false},"featured_media":490525,"template":"","meta":{"_acf_changed":false},"product_brand":[],"product_cat":[12639],"product_tag":[],"class_list":{"0":"post-527523","1":"product","2":"type-product","3":"status-publish","4":"has-post-thumbnail","6":"product_cat-bez-kategorii","8":"first","9":"instock","10":"taxable","11":"shipping-taxable","12":"purchasable","13":"product-type-simple"},"acf":[],"_links":{"self":[{"href":"https:\/\/nbg.eu\/pl\/wp-json\/wp\/v2\/product\/527523","targetHints":{"allow":["GET"]}}],"collection":[{"href":"https:\/\/nbg.eu\/pl\/wp-json\/wp\/v2\/product"}],"about":[{"href":"https:\/\/nbg.eu\/pl\/wp-json\/wp\/v2\/types\/product"}],"wp:featuredmedia":[{"embeddable":true,"href":"https:\/\/nbg.eu\/pl\/wp-json\/wp\/v2\/media\/490525"}],"wp:attachment":[{"href":"https:\/\/nbg.eu\/pl\/wp-json\/wp\/v2\/media?parent=527523"}],"wp:term":[{"taxonomy":"product_brand","embeddable":true,"href":"https:\/\/nbg.eu\/pl\/wp-json\/wp\/v2\/product_brand?post=527523"},{"taxonomy":"product_cat","embeddable":true,"href":"https:\/\/nbg.eu\/pl\/wp-json\/wp\/v2\/product_cat?post=527523"},{"taxonomy":"product_tag","embeddable":true,"href":"https:\/\/nbg.eu\/pl\/wp-json\/wp\/v2\/product_tag?post=527523"}],"curies":[{"name":"wp","href":"https:\/\/api.w.org\/{rel}","templated":true}]}}