{"id":527736,"date":"2025-09-02T20:21:13","date_gmt":"2025-09-02T17:21:13","guid":{"rendered":"https:\/\/nbg.eu\/product\/strike-industries-g4-magwell-for-glock-17-22-31-34-35-gen4-si-g4-magwell\/"},"modified":"2026-01-21T12:33:57","modified_gmt":"2026-01-21T09:33:57","slug":"strike-industries-g4-magwell-for-glock-17-22-31-34-35-gen4-si-g4-magwell","status":"publish","type":"product","link":"https:\/\/nbg.eu\/pl\/produkt\/strike-industries-g4-magwell-for-glock-17-22-31-34-35-gen4-si-g4-magwell\/","title":{"rendered":"Strike Industries &#8211; G4 MagWell for Glock 17\/22\/31\/34\/35 Gen4 &#8211; SI-G4-MAGWELL"},"content":{"rendered":"<div class=\"product-description\">\n<h2>Strike Industries G4 MagWell do Glock 17\/22\/31\/34\/35 Gen4<\/h2>\n<p>Strike Industries GEN4 Magwell u\u0142atwia prze\u0142adowanie magazynka, zachowuj\u0105c smuk\u0142y chwyt pistoletu. Zwi\u0119ksza sp\u00f3jno\u015b\u0107 i skraca czas prze\u0142adowania. Kompatybilny z wi\u0119kszo\u015bci\u0105 rynkowych p\u0142ytek bazowych i przed\u0142u\u017ce\u0144 magazynka.<\/p>\n<ul>\n<li>Rozszerzony lejek u\u0142atwiaj\u0105cy w\u0142o\u017cenie magazynka<\/li>\n<li>\u0141atwa instalacja z unikalnym mechanizmem blokuj\u0105cym<\/li>\n<li>Lekka konstrukcja z wytrzyma\u0142ego polimeru<\/li>\n<li>Kompatybilny z modelami Glock 17\/22\/31\/34\/35 GEN4<\/li>\n<li>Zaprojektowany do fabrycznego +0 backstrapa Glocka<\/li>\n<\/ul>\n<p><strong>Uwaga:<\/strong> Nie dokr\u0119caj zbyt mocno \u015bruby ustalaj\u0105cej podczas instalacji, aby unikn\u0105\u0107 nieprawid\u0142owego ustawienia lub uszkodzenia.<\/p>\n<p>Zestaw zawiera: G4 Magwell, \u015brub\u0119 ustalaj\u0105c\u0105, klucz imbusowy M2 i kart\u0119 ostrzegawcz\u0105.<\/p>\n<\/div>\n","protected":false},"excerpt":{"rendered":"<p>Usprawnij prze\u0142adowania Glocka 17\/22\/31\/34\/35 Gen4 za pomoc\u0105 lejka magazynka SI G4.<\/p>\n","protected":false},"featured_media":491012,"template":"","meta":{"_acf_changed":false},"product_brand":[14624],"product_cat":[12569,14980,12593],"product_tag":[],"class_list":{"0":"post-527736","1":"product","2":"type-product","3":"status-publish","4":"has-post-thumbnail","6":"product_brand-strike-industries","7":"product_cat-czesci-do-pistoletu","8":"product_cat-pistol-magwells-pl","9":"product_cat-pistolet","11":"first","12":"instock","13":"taxable","14":"shipping-taxable","15":"purchasable","16":"product-type-simple"},"acf":[],"_links":{"self":[{"href":"https:\/\/nbg.eu\/pl\/wp-json\/wp\/v2\/product\/527736","targetHints":{"allow":["GET"]}}],"collection":[{"href":"https:\/\/nbg.eu\/pl\/wp-json\/wp\/v2\/product"}],"about":[{"href":"https:\/\/nbg.eu\/pl\/wp-json\/wp\/v2\/types\/product"}],"wp:featuredmedia":[{"embeddable":true,"href":"https:\/\/nbg.eu\/pl\/wp-json\/wp\/v2\/media\/491012"}],"wp:attachment":[{"href":"https:\/\/nbg.eu\/pl\/wp-json\/wp\/v2\/media?parent=527736"}],"wp:term":[{"taxonomy":"product_brand","embeddable":true,"href":"https:\/\/nbg.eu\/pl\/wp-json\/wp\/v2\/product_brand?post=527736"},{"taxonomy":"product_cat","embeddable":true,"href":"https:\/\/nbg.eu\/pl\/wp-json\/wp\/v2\/product_cat?post=527736"},{"taxonomy":"product_tag","embeddable":true,"href":"https:\/\/nbg.eu\/pl\/wp-json\/wp\/v2\/product_tag?post=527736"}],"curies":[{"name":"wp","href":"https:\/\/api.w.org\/{rel}","templated":true}]}}