{"id":530445,"date":"2025-09-04T17:31:52","date_gmt":"2025-09-04T14:31:52","guid":{"rendered":"https:\/\/nbg.eu\/product\/strike-industries-overmolded-ultimate-dust-cover-for-223-5-56-mm-black\/"},"modified":"2026-01-21T12:14:40","modified_gmt":"2026-01-21T09:14:40","slug":"strike-industries-overmolded-ultimate-dust-cover-for-223-5-56-mm-black","status":"publish","type":"product","link":"https:\/\/nbg.eu\/pl\/produkt\/strike-industries-overmolded-ultimate-dust-cover-for-223-5-56-mm-black\/","title":{"rendered":"Strike Industries &#8211; Overmolded Ultimate Dust Cover for .223\/5.56 mm &#8211; Black"},"content":{"rendered":"<div class=\"product-description\">\n<h2>Strike Industries &#8211; Pokrywa komory zamkowej do .223\/5.56 mm &#8211; Czarna<\/h2>\n<p>Pokrywa komory zamkowej Strike Industries dla AR-15. Wykonana metod\u0105 podw\u00f3jnego wtrysku z gumow\u0105 uszczelk\u0105 chroni\u0105c\u0105 przed zanieczyszczeniami i wod\u0105. Wewn\u0119trzna warga zapewnia szczelniejsze zamkni\u0119cie ni\u017c tradycyjne pokrywy.<\/p>\n<ul>\n<li>Instalacja i demonta\u017c bez narz\u0119dzi<\/li>\n<li>Regulowana \u015bruba zapadki do kompensacji zu\u017cycia<\/li>\n<li>Cicha aktywacja dzi\u0119ki gumowym elementom<\/li>\n<li>Wykonana z wytrzyma\u0142ego materia\u0142u polimerowego<\/li>\n<li>Odporna na rdz\u0119 i trwa\u0142a<\/li>\n<li>Monta\u017c lub demonta\u017c w 5-10 sekund<\/li>\n<\/ul>\n<p>Kompatybilna z wi\u0119kszo\u015bci\u0105 g\u00f3rnych odbiornik\u00f3w AR-15 Mil-Spec i niestandardowych, w tym Aero Precision M4E1. Niekompatybilna z VLTOR MUR, ZRO Delta, Lantac Enhanced BCG i Bootleg Four Position Adjustable Carrier.<\/p>\n<\/div>\n","protected":false},"excerpt":{"rendered":"<p>Ulepszona pokrywa przeciwpy\u0142owa do AR-15: Cicha, szybka w monta\u017cu, szczelna ochrona przed zanieczyszczeniami.<\/p>\n","protected":false},"featured_media":493277,"template":"","meta":{"_acf_changed":false},"product_brand":[14624],"product_cat":[12623,12607,12584],"product_tag":[],"class_list":{"0":"post-530445","1":"product","2":"type-product","3":"status-publish","4":"has-post-thumbnail","6":"product_brand-strike-industries","7":"product_cat-karabin","8":"product_cat-tuning-ar","9":"product_cat-tuning-karabinowy","11":"first","12":"instock","13":"taxable","14":"shipping-taxable","15":"purchasable","16":"product-type-simple"},"acf":[],"_links":{"self":[{"href":"https:\/\/nbg.eu\/pl\/wp-json\/wp\/v2\/product\/530445","targetHints":{"allow":["GET"]}}],"collection":[{"href":"https:\/\/nbg.eu\/pl\/wp-json\/wp\/v2\/product"}],"about":[{"href":"https:\/\/nbg.eu\/pl\/wp-json\/wp\/v2\/types\/product"}],"wp:featuredmedia":[{"embeddable":true,"href":"https:\/\/nbg.eu\/pl\/wp-json\/wp\/v2\/media\/493277"}],"wp:attachment":[{"href":"https:\/\/nbg.eu\/pl\/wp-json\/wp\/v2\/media?parent=530445"}],"wp:term":[{"taxonomy":"product_brand","embeddable":true,"href":"https:\/\/nbg.eu\/pl\/wp-json\/wp\/v2\/product_brand?post=530445"},{"taxonomy":"product_cat","embeddable":true,"href":"https:\/\/nbg.eu\/pl\/wp-json\/wp\/v2\/product_cat?post=530445"},{"taxonomy":"product_tag","embeddable":true,"href":"https:\/\/nbg.eu\/pl\/wp-json\/wp\/v2\/product_tag?post=530445"}],"curies":[{"name":"wp","href":"https:\/\/api.w.org\/{rel}","templated":true}]}}